{"id":192,"date":"2024-09-13T16:45:05","date_gmt":"2024-09-13T16:45:05","guid":{"rendered":"https:\/\/lofimusic.com.es\/index.php\/producto\/b0d12h19wg_fr\/"},"modified":"2024-09-13T16:45:05","modified_gmt":"2024-09-13T16:45:05","slug":"b0d12h19wg_fr","status":"publish","type":"product","link":"https:\/\/lofimusic.com.es\/index.php\/producto\/b0d12h19wg_fr\/","title":{"rendered":"B0D12H19WG_FR"},"content":{"rendered":"<p>&#8211; Entra\u00eenement personnalis\u00e9 et s\u00fbr : Notre collier anti aboiement offre un entra\u00eenement efficace et s\u00e9curis\u00e9 pour votre chien, s&#8217;adaptant automatiquement \u00e0 son niveau d&#8217;aboiement. Conforme aux r\u00e9glementations europ\u00e9ennes, nous garantissons une m\u00e9thode qui fournit la formation pr\u00e9cise dont votre animal a besoin sans causer de dommages.<br \/>\n&#8211; Polyvalence et adaptabilit\u00e9 : Avec deux modes de fonctionnement et six sons diff\u00e9rents, notre collier anti-aboiement s&#8217;adapte au temp\u00e9rament unique de votre chien. Que votre chien pr\u00e9f\u00e8re la combinaison sonore et vibrante ou une vibration intense, notre produit offre la flexibilit\u00e9 n\u00e9cessaire pour aborder le comportement d&#8217;aboiement de votre fid\u00e8le compagnon.<br \/>\n&#8211; Durabilit\u00e9 et confort : Con\u00e7u pour durer, notre collier r\u00e9sistant \u00e0 l&#8217;eau avec une classification IP67 est parfait pour tous les climats, m\u00eame pour les chiens qui aiment l&#8217;eau. La sangle en nylon ajustable garantit le confort pour les chiens de toutes tailles, tandis que sa construction solide assure une durabilit\u00e9 et un confort exceptionnels.<br \/>\n&#8211; Batterie longue dur\u00e9e et mode veille intelligent : Oubliez les soucis li\u00e9s aux piles jetables. Avec une batterie lithium-ion rechargeable haute capacit\u00e9, notre collier anti-aboiement offre jusqu&#8217;\u00e0 21 jours d&#8217;utilisation avec une seule charge de 1,5 \u00e0 2 heures. Sa fonction de mode veille intelligent garantit une faible consommation d&#8217;\u00e9nergie, gardant le collier pr\u00eat \u00e0 l&#8217;emploi quand vous en avez le plus besoin.<br \/>\n&#8211; Contr\u00f4le visuel et facilit\u00e9 d&#8217;utilisation : Avec un \u00e9cran LCD intelligent, notre collier anti-aboiement vous permet d&#8217;ajuster facilement les modes de fonctionnement, la sensibilit\u00e9 et l&#8217;\u00e9tat de la batterie. Maintenez l&#8217;harmonie \u00e0 la maison avec une solution moderne et efficace pour un environnement paisible, \u00e0 la fois pour vous et pour votre animal de compagnie.<\/p>\n","protected":false},"excerpt":{"rendered":"<p>publicit\u00e9<br \/>\nCollier Anti Aboiement Chien Rechargeable &#8211; R\u00e9sistance \u00e0 L\u2019Eau IP67 et D\u00e9tection D\u2019aboiement Intelligent Collier Vibration\/Modes Son R\u00e9glable 5 Niveaux de Sensibilit\u00e9 pour Petit Moyen Grand Chiens<\/p>\n","protected":false},"featured_media":190,"comment_status":"open","ping_status":"closed","template":"","meta":[],"product_cat":[15],"product_tag":[],"class_list":{"0":"post-192","1":"product","2":"type-product","3":"status-publish","4":"has-post-thumbnail","6":"product_cat-sin-categorizar","7":"nodate","8":"item-wrap","10":"first","11":"instock","12":"shipping-taxable","13":"product-type-external"},"_links":{"self":[{"href":"https:\/\/lofimusic.com.es\/index.php\/wp-json\/wp\/v2\/product\/192","targetHints":{"allow":["GET"]}}],"collection":[{"href":"https:\/\/lofimusic.com.es\/index.php\/wp-json\/wp\/v2\/product"}],"about":[{"href":"https:\/\/lofimusic.com.es\/index.php\/wp-json\/wp\/v2\/types\/product"}],"replies":[{"embeddable":true,"href":"https:\/\/lofimusic.com.es\/index.php\/wp-json\/wp\/v2\/comments?post=192"}],"wp:featuredmedia":[{"embeddable":true,"href":"https:\/\/lofimusic.com.es\/index.php\/wp-json\/wp\/v2\/media\/190"}],"wp:attachment":[{"href":"https:\/\/lofimusic.com.es\/index.php\/wp-json\/wp\/v2\/media?parent=192"}],"wp:term":[{"taxonomy":"product_cat","embeddable":true,"href":"https:\/\/lofimusic.com.es\/index.php\/wp-json\/wp\/v2\/product_cat?post=192"},{"taxonomy":"product_tag","embeddable":true,"href":"https:\/\/lofimusic.com.es\/index.php\/wp-json\/wp\/v2\/product_tag?post=192"}],"curies":[{"name":"wp","href":"https:\/\/api.w.org\/{rel}","templated":true}]}}