{"id":189,"date":"2024-09-13T16:44:04","date_gmt":"2024-09-13T16:44:04","guid":{"rendered":"https:\/\/lofimusic.com.es\/index.php\/producto\/b0cwlj4q1y_de\/"},"modified":"2024-09-13T16:44:04","modified_gmt":"2024-09-13T16:44:04","slug":"b0cwlj4q1y_de","status":"publish","type":"product","link":"https:\/\/lofimusic.com.es\/index.php\/producto\/b0cwlj4q1y_de\/","title":{"rendered":"B0CWLJ4Q1Y_DE"},"content":{"rendered":"<p>&#8211; Wichtige Anmerkung \u2013 Aufgrund der abgerundeten R\u00e4nder des Displays bedeckt das Panzer Schutz Glas nicht 100% des Bildschirms, sondern nur den flachen, ebenm\u00e4\u00dfigen Bereich. (Siehe Bilder) da es sonst nicht robust w\u00e4re. Es bietet daf\u00fcr eine bessere Kompatibilit\u00e4t f\u00fcr Handy-H\u00fcllen.<br \/>\n&#8211; Extreme H\u00e4rte \u2013 Das Panzer Schutz Glas das Samsung Galaxy A35 5G (6,6 Zoll) wird von dem starken, ausgeglichenem Glas 9H (h\u00e4rter als ein Messer) gebildet. Es h\u00e4lt resistenten Wiederstand von Kratzern und Spr\u00fcngen aus, dass Ihr Smartphone wie neu ausschaut<br \/>\n&#8211; Super Kristallklar \u2013 Das Schutzglas ist Kristallklar und mit 99.9% Transparent hergestellt, es verf\u00e4lscht die Displayfarbe nicht, weder beeintr\u00e4chtigt es die Darstellung noch die Ber\u00fchrungsempfindlichkeit Ihres Touchscreens. Es f\u00fchlt sich an wie Ihr Originales Display.<br \/>\n&#8211; Die \u00d6labweisende Bildschirmbeschichtung wei\u00dft \u00d6l, Fingerabdr\u00fccke ab. Es verhindert das Ihr Bildschirm fleckig und schmierig ausschaut. Somit ist Ihr Bildschirm immer leicht zu reinigen und verhindert unsch\u00f6ne Schmierereien.<br \/>\n&#8211; Einfache Installation \u2013 Alles was Sie f\u00fcr die Installation ben\u00f6tigen finden Sie im vorhandenen Kit: Reinigungst\u00fccher, Staubsticker, detaillierte Gebrauchsanweisung.<\/p>\n","protected":false},"excerpt":{"rendered":"<p>Werbung<br \/>\nNEW&#8217;C 3 St\u00fcck, Panzer Schutz Glas f\u00fcr Samsung Galaxy A35 5G (6,6 Zoll), Frei von Kratzern, 9H H\u00e4rte, HD Displayschutzfolie, 0.33mm Ultra-klar, Ultrabest\u00e4ndig<\/p>\n","protected":false},"featured_media":188,"comment_status":"open","ping_status":"closed","template":"","meta":[],"product_cat":[15],"product_tag":[],"class_list":{"0":"post-189","1":"product","2":"type-product","3":"status-publish","4":"has-post-thumbnail","6":"product_cat-sin-categorizar","7":"nodate","8":"item-wrap","10":"first","11":"instock","12":"shipping-taxable","13":"product-type-external"},"_links":{"self":[{"href":"https:\/\/lofimusic.com.es\/index.php\/wp-json\/wp\/v2\/product\/189","targetHints":{"allow":["GET"]}}],"collection":[{"href":"https:\/\/lofimusic.com.es\/index.php\/wp-json\/wp\/v2\/product"}],"about":[{"href":"https:\/\/lofimusic.com.es\/index.php\/wp-json\/wp\/v2\/types\/product"}],"replies":[{"embeddable":true,"href":"https:\/\/lofimusic.com.es\/index.php\/wp-json\/wp\/v2\/comments?post=189"}],"wp:featuredmedia":[{"embeddable":true,"href":"https:\/\/lofimusic.com.es\/index.php\/wp-json\/wp\/v2\/media\/188"}],"wp:attachment":[{"href":"https:\/\/lofimusic.com.es\/index.php\/wp-json\/wp\/v2\/media?parent=189"}],"wp:term":[{"taxonomy":"product_cat","embeddable":true,"href":"https:\/\/lofimusic.com.es\/index.php\/wp-json\/wp\/v2\/product_cat?post=189"},{"taxonomy":"product_tag","embeddable":true,"href":"https:\/\/lofimusic.com.es\/index.php\/wp-json\/wp\/v2\/product_tag?post=189"}],"curies":[{"name":"wp","href":"https:\/\/api.w.org\/{rel}","templated":true}]}}