{"id":183,"date":"2024-09-13T16:42:04","date_gmt":"2024-09-13T16:42:04","guid":{"rendered":"https:\/\/lofimusic.com.es\/index.php\/producto\/b0d2ctgj3x_it\/"},"modified":"2024-09-13T16:42:04","modified_gmt":"2024-09-13T16:42:04","slug":"b0d2ctgj3x_it","status":"publish","type":"product","link":"https:\/\/lofimusic.com.es\/index.php\/producto\/b0d2ctgj3x_it\/","title":{"rendered":"B0D2CTGJ3X_IT"},"content":{"rendered":"<p>&#8211; \u3010\ud835\udc0f\ud835\udc2b\ud835\udc22\ud835\udc27\ud835\udc1c\ud835\udc22\ud835\udc29\ud835\udc22\ud835\udc28 \ud835\udc1d\ud835\udc22 \ud835\udc1f\ud835\udc2e\ud835\udc27\ud835\udc33\ud835\udc22\ud835\udc28\ud835\udc27\ud835\udc1a\ud835\udc26\ud835\udc1e\ud835\udc27\ud835\udc2d\ud835\udc28\u3011 Questo \u00abrepellente per insetti ad ultrasuoni\u00bb utilizza la tecnologia repellente per insetti ad ultrasuoni per stimolare il cervello e il sistema nervoso uditivo dei parassiti, ottenendo un controllo a 360 gradi senza vicoli ciechi e pu\u00f2 eliminare completamente zanzare, mosche, topi, scarafaggi, ragni, falene , eccetera. .<br \/>\n&#8211; \u3010\ud835\uddd6\ud835\uddfc\ud835\uddfb\ud835\uddf3\ud835\uddf2\ud835\ude07\ud835\uddf6\ud835\uddfc\ud835\uddfb\ud835\uddf2 \ud835\uddf1\ud835\uddee \ud835\udff0 \ud835\uddf3\ud835\uddee\ud835\uddf0\ud835\uddf6\ud835\uddf9\ud835\uddf6 \ud835\uddf1\ud835\uddee \ud835\ude02\ud835\ude00\ud835\uddee\ud835\uddff\ud835\uddf2\u3011Con il design plug-in, per ottenere i migliori risultati, consigliamo un&#8217;unit\u00e0 per stanza in modo che ogni angolo della casa sia coperto e protetto. I parassiti scompariranno in 3-4 settimane! Consigliamo di installare questo dispositivo a 8-27 pollici dal suolo.<br \/>\n&#8211; \u3010\ud835\uddd6\ud835\uddfc\ud835\uddfd\ud835\uddf2\ud835\uddff\ud835\ude01\ud835\ude02\ud835\uddff\ud835\uddee \ud835\uddf2\ud835\uddf3\ud835\uddf3\ud835\uddf6\ud835\uddf0\ud835\uddee\ud835\uddf0\ud835\uddf2\u3011 Copre efficacemente aree interne fino a 1200 piedi quadrati, usane uno per stanza, di&#8217; no agli insetti, adatto a case, uffici, appartamenti, supermercati, magazzini, hotel o altri luoghi.<br \/>\n&#8211; \u3010\ud835\udde6\ud835\uddf6\ud835\uddf0\ud835\ude02\ud835\uddff\ud835\uddfc \ud835\uddfd\ud835\uddf2\ud835\uddff \ud835\uddef\ud835\uddee\ud835\uddfa\ud835\uddef\ud835\uddf6\ud835\uddfb\ud835\uddf6 \ud835\uddf2 \ud835\uddee\ud835\uddfb\ud835\uddf6\ud835\uddfa\ud835\uddee\ud835\uddf9\ud835\uddf6 \ud835\uddf1\ud835\uddfc\ud835\uddfa\ud835\uddf2\ud835\ude00\ud835\ude01\ud835\uddf6\ud835\uddf0\ud835\uddf6\u3011 Il suono ultrasonico \u00e8 impercettibile agli esseri umani e agli animali domestici, sostituendo facilmente veleni e spray pericolosi, prodotti chimici e trappole, senza odori sgradevoli e cadaveri.<br \/>\n&#8211; \u3010\ud835\udde6\ud835\uddf6\ud835\uddf9\ud835\uddf2\ud835\uddfb\ud835\ude07\ud835\uddf6\ud835\uddfc\ud835\ude00\ud835\uddfc \ud835\uddf2\ud835\uddf1 \ud835\uddd8\ud835\uddf3\ud835\uddf3\ud835\uddf6\ud835\uddf0\ud835\uddee\ud835\uddf0\ud835\uddf2\u3011I risultati tipici possono richiedere 3-4 settimane, a seconda dell&#8217;entit\u00e0 dell&#8217;infestazione. In caso di forte infestazione da parassiti o di presenza di aree estese, \u00e8 possibile aggiungere pi\u00f9 unit\u00e0 per ottenere risultati migliori.<\/p>\n","protected":false},"excerpt":{"rendered":"<p>pubblicit\u00e0<br \/>\nUltrasuoni per Topi 4 Pack, Repellente Ultrasuoni Anti Zanzare Ultrasuoni Interno Dispositivo Anti Topi, Insetti, Zanzare, Scarafaggi, Ratti, Formiche, Ragni<\/p>\n","protected":false},"featured_media":182,"comment_status":"open","ping_status":"closed","template":"","meta":[],"product_cat":[15],"product_tag":[],"class_list":{"0":"post-183","1":"product","2":"type-product","3":"status-publish","4":"has-post-thumbnail","6":"product_cat-sin-categorizar","7":"nodate","8":"item-wrap","10":"first","11":"instock","12":"shipping-taxable","13":"product-type-external"},"_links":{"self":[{"href":"https:\/\/lofimusic.com.es\/index.php\/wp-json\/wp\/v2\/product\/183","targetHints":{"allow":["GET"]}}],"collection":[{"href":"https:\/\/lofimusic.com.es\/index.php\/wp-json\/wp\/v2\/product"}],"about":[{"href":"https:\/\/lofimusic.com.es\/index.php\/wp-json\/wp\/v2\/types\/product"}],"replies":[{"embeddable":true,"href":"https:\/\/lofimusic.com.es\/index.php\/wp-json\/wp\/v2\/comments?post=183"}],"wp:featuredmedia":[{"embeddable":true,"href":"https:\/\/lofimusic.com.es\/index.php\/wp-json\/wp\/v2\/media\/182"}],"wp:attachment":[{"href":"https:\/\/lofimusic.com.es\/index.php\/wp-json\/wp\/v2\/media?parent=183"}],"wp:term":[{"taxonomy":"product_cat","embeddable":true,"href":"https:\/\/lofimusic.com.es\/index.php\/wp-json\/wp\/v2\/product_cat?post=183"},{"taxonomy":"product_tag","embeddable":true,"href":"https:\/\/lofimusic.com.es\/index.php\/wp-json\/wp\/v2\/product_tag?post=183"}],"curies":[{"name":"wp","href":"https:\/\/api.w.org\/{rel}","templated":true}]}}