{"id":179,"date":"2024-09-13T16:41:09","date_gmt":"2024-09-13T16:41:09","guid":{"rendered":"https:\/\/lofimusic.com.es\/index.php\/producto\/b0crtj3xxs_fr\/"},"modified":"2024-09-13T16:41:09","modified_gmt":"2024-09-13T16:41:09","slug":"b0crtj3xxs_fr","status":"publish","type":"product","link":"https:\/\/lofimusic.com.es\/index.php\/producto\/b0crtj3xxs_fr\/","title":{"rendered":"B0CRTJ3XXS_FR"},"content":{"rendered":"<p>&#8211; Otoscope Auriculaire 1080 Hd L&#8217;Otoscope Auriculaire Est \u00c9quip\u00e9 De 6 Lumi\u00e8res Led Et D&#8217;Une Cam\u00e9ra Hd 1080P Pour Vous Aider \u00c0 Voir Et \u00c0 Nettoyer Efficacement Le C\u00e9rumen. Lorsqu&#8217;Elle Est Utilis\u00e9e, La Cam\u00e9ra D&#8217;\u00c9limination Du C\u00e9rumen Est Proche De La Temp\u00e9rature Du Corps Humain. Convient Aux Adultes, Aux Enfants, Aux Animaux Domestiques, Aux Dents, Au Nez, \u00c0 La Racine Du Cuir Chevelu Et \u00c0 D&#8217;Autres Parties Du Corps.<br \/>\n&#8211; Facile \u00c0 Utiliser Cet Otoscope Auriculaire Est Compatible Avec Android, Ios Et Ipad. Facile \u00c0 Utiliser En 4 \u00c9tapes : 1. Recherchez Et T\u00e9l\u00e9chargez L&#8217;Application \u00ab Endscope Tool \u00bb 2. Allumez L&#8217;Otoscope Et Le T\u00e9l\u00e9phone Portable Wifi 3. Connectez-Vous Au Wifi Softish-Xxx 4. Ouvrez L&#8217;Application Et Cliquez Sur L&#8217;Ic\u00f4ne De D\u00e9marrage Pour Acc\u00e9der Au Appareil<br \/>\n&#8211; Structure De Conduit Auditif Adapt\u00e9e \u00c0 La Lentille Ultra-Fine D&#8217;Otoscope De 3,0 Mm S\u00fbre Et Confortable, Plus Facile \u00c0 P\u00e9n\u00e9trer Dans Le Conduit Auditif Pour L&#8217;Inspection Du Tympan.<br \/>\n&#8211; Objectif \u00c9tanche Ip67 L&#8217;Outil Otoscope Sans Fil Pour Enlever Le C\u00e9rumen Utilise Une Lentille \u00c9tanche Ip67, Facile \u00c0 Nettoyer Avec De L&#8217;Eau Ou \u00c0 Essuyer Avec De L&#8217;Alcool. Batterie Haute Capacit\u00e9 Int\u00e9gr\u00e9e De 240 Mah Qui N&#8217;A Pas Besoin D&#8217;\u00catre Charg\u00e9e Fr\u00e9quemment, Qui Peut \u00catre Utilis\u00e9e. Pendant 60 Minutes Apr\u00e8s Avoir \u00c9t\u00e9 Compl\u00e8tement Charg\u00e9<\/p>\n","protected":false},"excerpt":{"rendered":"<p>publicit\u00e9<br \/>\nJkevow Otoscope Oreille, Camera Oreille 1080P HD Kit Camera Oreille d&#8217;\u00e9limination du c\u00e9rumen avec 6 lumi\u00e8res LED, outil de nettoyage d&#8217;oreille de 3,0 mm, adapt\u00e9 aux IPhone, IPad et Android<\/p>\n","protected":false},"featured_media":178,"comment_status":"open","ping_status":"closed","template":"","meta":[],"product_cat":[15],"product_tag":[],"class_list":{"0":"post-179","1":"product","2":"type-product","3":"status-publish","4":"has-post-thumbnail","6":"product_cat-sin-categorizar","7":"nodate","8":"item-wrap","10":"first","11":"instock","12":"shipping-taxable","13":"product-type-external"},"_links":{"self":[{"href":"https:\/\/lofimusic.com.es\/index.php\/wp-json\/wp\/v2\/product\/179","targetHints":{"allow":["GET"]}}],"collection":[{"href":"https:\/\/lofimusic.com.es\/index.php\/wp-json\/wp\/v2\/product"}],"about":[{"href":"https:\/\/lofimusic.com.es\/index.php\/wp-json\/wp\/v2\/types\/product"}],"replies":[{"embeddable":true,"href":"https:\/\/lofimusic.com.es\/index.php\/wp-json\/wp\/v2\/comments?post=179"}],"wp:featuredmedia":[{"embeddable":true,"href":"https:\/\/lofimusic.com.es\/index.php\/wp-json\/wp\/v2\/media\/178"}],"wp:attachment":[{"href":"https:\/\/lofimusic.com.es\/index.php\/wp-json\/wp\/v2\/media?parent=179"}],"wp:term":[{"taxonomy":"product_cat","embeddable":true,"href":"https:\/\/lofimusic.com.es\/index.php\/wp-json\/wp\/v2\/product_cat?post=179"},{"taxonomy":"product_tag","embeddable":true,"href":"https:\/\/lofimusic.com.es\/index.php\/wp-json\/wp\/v2\/product_tag?post=179"}],"curies":[{"name":"wp","href":"https:\/\/api.w.org\/{rel}","templated":true}]}}