{"id":167,"date":"2024-09-13T16:37:04","date_gmt":"2024-09-13T16:37:04","guid":{"rendered":"https:\/\/lofimusic.com.es\/index.php\/producto\/b0cgl3slh7_fr\/"},"modified":"2024-09-13T16:37:04","modified_gmt":"2024-09-13T16:37:04","slug":"b0cgl3slh7_fr","status":"publish","type":"product","link":"https:\/\/lofimusic.com.es\/index.php\/producto\/b0cgl3slh7_fr\/","title":{"rendered":"B0CGL3SLH7_FR"},"content":{"rendered":"<p>&#8211; \u3010Photos 44MP et Vid\u00e9os 1080P\u3011Cet appareil photo num\u00e9rique peut capturer des images de 44MP et des vid\u00e9os HD 1080P. Il vous aide \u00e0 capturer et \u00e0 sauvegarder des moments inoubliables. Si vous \u00eates \u00e0 la recherche d&#8217;un appareil photo compact et \u00e9l\u00e9gant, cet appareil est un bon choix.<br \/>\n&#8211; \u3010Appareils Photo Num\u00e9riques Compact et Facile \u00e0 Transporter\u3011Cet appareil photo enfant est petit et compact, vous pouvez m\u00eame le mettre dans votre poche sans vous sentir encombr\u00e9. Il convient parfaitement aux camps d&#8217;\u00e9t\u00e9 de l&#8217;\u00e9cole des enfants ou aux vacances. Avec cet appareil photo, vous pouvez capturer de beaux moments avec vos amis sans sortir votre t\u00e9l\u00e9phone.<br \/>\n&#8211; \u3010Facile \u00e0 Utiliser et Choix Id\u00e9al\u3011Cet appareil photo compact est con\u00e7u pour les d\u00e9butants en photographie. La navigation dans les menus est intuitive et compl\u00e8te. M\u00eame pour les jeunes enfants, il est facile de comprendre l&#8217;utilisation des appareils photo. C&#8217;est le meilleur choix pour les enfants, les adolescents, les d\u00e9butants en photographie, les \u00e9tudiants, les personnes \u00e2g\u00e9es, les gar\u00e7ons et les filles.<br \/>\n&#8211; \u3010Zoom 16X et \u00c9clairage D&#8217;appoint Int\u00e9gr\u00e9\u3011Cette cam\u00e9ra prend en charge le zoom num\u00e9rique 16X. Vous pouvez r\u00e9gler le bouton W\/T pour effectuer un zoom avant et arri\u00e8re sur les images et les vid\u00e9os en fonction de la distance et de la taille de l&#8217;objet cible, ce qui vous permet de capturer plus de d\u00e9tails. La lumi\u00e8re d&#8217;appoint int\u00e9gr\u00e9e \u00e0 l&#8217;appareil photo vous permet d&#8217;obtenir des photos de haute qualit\u00e9, m\u00eame dans des environnements peu \u00e9clair\u00e9s ou sombres.<br \/>\n&#8211; \u3010Fonctions et Utilisation Multiples\u3011Cet appareil photo num\u00e9rique est \u00e9galement dot\u00e9 de la d\u00e9tection des visages, de la d\u00e9tection des sourires, de l&#8217;anti-flou, de la prise de vue en continu, de la prise de vue programm\u00e9e, de l&#8217;arr\u00eat programm\u00e9, de l&#8217;horodatage, et bien plus encore. Enregistrez des moments inoubliables dans votre vie quotidienne gr\u00e2ce \u00e0 cet appareil photo! Si vous avez des probl\u00e8mes, veuillez nous envoyer un message imm\u00e9diatement et nous r\u00e9soudrons votre probl\u00e8me dans les 24 heures.<\/p>\n","protected":false},"excerpt":{"rendered":"<p>publicit\u00e9<br \/>\nAppareil Photo Num\u00e9rique Compact avec Carte 32Go, 1080P HD 44MP Appareil Photo Enfant avec 16X Digital Zoom, 2,4&#8243; LCD et 2 Batterie pour Enfants, Adolescents, D\u00e9butants, Gar\u00e7ons et Filles(Violet)<\/p>\n","protected":false},"featured_media":166,"comment_status":"open","ping_status":"closed","template":"","meta":[],"product_cat":[15],"product_tag":[],"class_list":{"0":"post-167","1":"product","2":"type-product","3":"status-publish","4":"has-post-thumbnail","6":"product_cat-sin-categorizar","7":"nodate","8":"item-wrap","10":"first","11":"instock","12":"shipping-taxable","13":"product-type-external"},"_links":{"self":[{"href":"https:\/\/lofimusic.com.es\/index.php\/wp-json\/wp\/v2\/product\/167","targetHints":{"allow":["GET"]}}],"collection":[{"href":"https:\/\/lofimusic.com.es\/index.php\/wp-json\/wp\/v2\/product"}],"about":[{"href":"https:\/\/lofimusic.com.es\/index.php\/wp-json\/wp\/v2\/types\/product"}],"replies":[{"embeddable":true,"href":"https:\/\/lofimusic.com.es\/index.php\/wp-json\/wp\/v2\/comments?post=167"}],"wp:featuredmedia":[{"embeddable":true,"href":"https:\/\/lofimusic.com.es\/index.php\/wp-json\/wp\/v2\/media\/166"}],"wp:attachment":[{"href":"https:\/\/lofimusic.com.es\/index.php\/wp-json\/wp\/v2\/media?parent=167"}],"wp:term":[{"taxonomy":"product_cat","embeddable":true,"href":"https:\/\/lofimusic.com.es\/index.php\/wp-json\/wp\/v2\/product_cat?post=167"},{"taxonomy":"product_tag","embeddable":true,"href":"https:\/\/lofimusic.com.es\/index.php\/wp-json\/wp\/v2\/product_tag?post=167"}],"curies":[{"name":"wp","href":"https:\/\/api.w.org\/{rel}","templated":true}]}}