{"id":165,"date":"2024-09-13T16:36:04","date_gmt":"2024-09-13T16:36:04","guid":{"rendered":"https:\/\/lofimusic.com.es\/index.php\/producto\/b0d2py856l_it\/"},"modified":"2024-09-13T16:36:04","modified_gmt":"2024-09-13T16:36:04","slug":"b0d2py856l_it","status":"publish","type":"product","link":"https:\/\/lofimusic.com.es\/index.php\/producto\/b0d2py856l_it\/","title":{"rendered":"B0D2PY856L_IT"},"content":{"rendered":"<p>&#8211; [Compatibile par Samsung Galaxy M15 5G] &#8211; Perfettamente adatto per lo smartphone di Samsung Galaxy M15 5G.<br \/>\n&#8211; [Materiale: Morbido silicone liquido e Vetro Temperato] &#8211; La custodia \u00e8 realizzata in morbido silicone liquido,questo materiale \u00e8 molto facile da pulire e anche molto resistente ed ecologico.La protezione per lo schermo \u00e8 realizzata in vetro temperato,pu\u00f2 impedire la rottura dello schermo del telefono in caso di caduta improvvisa.<br \/>\n&#8211; [Accesso completo al volume e al foro di ricarica] &#8211; Abbiamo aperto i fori di caricamento e volume,quindi \u00e8 possibile caricare o ascoltare musica senza rimuovere il telefono dalla custodia.<br \/>\n&#8211; [Alta sensibilit\u00e0 e definizione] &#8211; La protezione dello schermo ultra sottile \u00e8 molto sensibile al tatto,il film \u00e8 chiaro al 99% di HD,fornisce un chiaro effetto visivo e mantiene le immagini luminose e colorate,utilizzate come senza una protezione per lo schermo sullo schermo.<br \/>\n&#8211; [La promessa del venditore] &#8211; Questo articolo pu\u00f2 essere utilizzato per 8-9 mesi.Se si rompe entro questo periodo, puoi contattarci in qualsiasi momento, rimborseremo il pagamento o sostituiremo il nuovo gratuitamente tempestivamente.Inoltre, se ne hai domande sull&#8217;articolo o sul nostro negozio,contattaci liberamente,ti risponderemo al pi\u00f9 presto.<\/p>\n","protected":false},"excerpt":{"rendered":"<p>pubblicit\u00e0<br \/>\njrester Cover per Samsung Galaxy M15 5G con 3 Vetro Temperato Pellicola Protettiva, Nero Morbido Silicone Liquido Protettiva Custodia per Samsung Galaxy M15 5G 6.5&#8243;<\/p>\n","protected":false},"featured_media":164,"comment_status":"open","ping_status":"closed","template":"","meta":[],"product_cat":[15],"product_tag":[],"class_list":{"0":"post-165","1":"product","2":"type-product","3":"status-publish","4":"has-post-thumbnail","6":"product_cat-sin-categorizar","7":"nodate","8":"item-wrap","10":"first","11":"instock","12":"shipping-taxable","13":"product-type-external"},"_links":{"self":[{"href":"https:\/\/lofimusic.com.es\/index.php\/wp-json\/wp\/v2\/product\/165","targetHints":{"allow":["GET"]}}],"collection":[{"href":"https:\/\/lofimusic.com.es\/index.php\/wp-json\/wp\/v2\/product"}],"about":[{"href":"https:\/\/lofimusic.com.es\/index.php\/wp-json\/wp\/v2\/types\/product"}],"replies":[{"embeddable":true,"href":"https:\/\/lofimusic.com.es\/index.php\/wp-json\/wp\/v2\/comments?post=165"}],"wp:featuredmedia":[{"embeddable":true,"href":"https:\/\/lofimusic.com.es\/index.php\/wp-json\/wp\/v2\/media\/164"}],"wp:attachment":[{"href":"https:\/\/lofimusic.com.es\/index.php\/wp-json\/wp\/v2\/media?parent=165"}],"wp:term":[{"taxonomy":"product_cat","embeddable":true,"href":"https:\/\/lofimusic.com.es\/index.php\/wp-json\/wp\/v2\/product_cat?post=165"},{"taxonomy":"product_tag","embeddable":true,"href":"https:\/\/lofimusic.com.es\/index.php\/wp-json\/wp\/v2\/product_tag?post=165"}],"curies":[{"name":"wp","href":"https:\/\/api.w.org\/{rel}","templated":true}]}}