{"id":163,"date":"2024-09-13T16:34:03","date_gmt":"2024-09-13T16:34:03","guid":{"rendered":"https:\/\/lofimusic.com.es\/index.php\/producto\/b0cqrl35yh_de\/"},"modified":"2024-09-13T16:34:03","modified_gmt":"2024-09-13T16:34:03","slug":"b0cqrl35yh_de","status":"publish","type":"product","link":"https:\/\/lofimusic.com.es\/index.php\/producto\/b0cqrl35yh_de\/","title":{"rendered":"B0CQRL35YH_DE"},"content":{"rendered":"<p>&#8211; AUFMERKSAMKEIT : NICHT KOMPATIBELGoogle Pixel 8,Pixel 8a<br \/>\n&#8211; Das Set enth\u00e4lt 2 St\u00fcck Panzer Schutz Glas f\u00fcr das Google Pixel 8 Pro und eine durchsichtige H\u00fclle f\u00fcr das Google Pixel 8 Pro. Bieten maximalen Schutz.<br \/>\n&#8211; Ultra d\u00fcnn und vollst\u00e4ndig transparent &#8211; Weiches Silikon TPU Schlanke und superleichte Schutzh\u00fclle, die nat\u00fcrliche Sch\u00f6nheit Ihres Telefondesigns. Sch\u00fctzend &#8211; Absorbiert St\u00f6\u00dfe und verhindert.<br \/>\n&#8211; Sehr hohe H\u00e4rte, widersteht St\u00f6\u00dfen bis zu 9H (h\u00e4rter als Messer und Schraubenschl\u00fcssel). Hohe Resonanz und hohe Transparenz. Voller Zugriff auf Benutzeroberfl\u00e4che, Kameraobjektiv, Kopfh\u00f6reranschluss, Lautsprecher und Mikrofon. Erm\u00f6glicht das Aufladen, ohne die Schutzh\u00fclle zu entfernen.<br \/>\n&#8211; Hergestellt aus hochwertigem Premium-Hartglas mit 0,33 mm Dicke mit abgerundeten Kanten. Ideale Anti-Bruch-L\u00f6sung: Extrem hohe H\u00e4rte, sch\u00fctzt den Telefonbildschirm vor St\u00f6\u00dfen und versehentlichen Besch\u00e4digungen.<\/p>\n","protected":false},"excerpt":{"rendered":"<p>Werbung<br \/>\nNEW&#8217;C H\u00fclle f\u00fcr Google Pixel 8 Pro &#8211; Ultra Transparent Silikon Weiches TPU Gel und 2 \u00d7 Panzer Schutz Glas f\u00fcr Google Pixel 8 Pro &#8211; Kratzfest<\/p>\n","protected":false},"featured_media":162,"comment_status":"open","ping_status":"closed","template":"","meta":[],"product_cat":[15],"product_tag":[],"class_list":{"0":"post-163","1":"product","2":"type-product","3":"status-publish","4":"has-post-thumbnail","6":"product_cat-sin-categorizar","7":"nodate","8":"item-wrap","10":"first","11":"instock","12":"shipping-taxable","13":"product-type-external"},"_links":{"self":[{"href":"https:\/\/lofimusic.com.es\/index.php\/wp-json\/wp\/v2\/product\/163","targetHints":{"allow":["GET"]}}],"collection":[{"href":"https:\/\/lofimusic.com.es\/index.php\/wp-json\/wp\/v2\/product"}],"about":[{"href":"https:\/\/lofimusic.com.es\/index.php\/wp-json\/wp\/v2\/types\/product"}],"replies":[{"embeddable":true,"href":"https:\/\/lofimusic.com.es\/index.php\/wp-json\/wp\/v2\/comments?post=163"}],"wp:featuredmedia":[{"embeddable":true,"href":"https:\/\/lofimusic.com.es\/index.php\/wp-json\/wp\/v2\/media\/162"}],"wp:attachment":[{"href":"https:\/\/lofimusic.com.es\/index.php\/wp-json\/wp\/v2\/media?parent=163"}],"wp:term":[{"taxonomy":"product_cat","embeddable":true,"href":"https:\/\/lofimusic.com.es\/index.php\/wp-json\/wp\/v2\/product_cat?post=163"},{"taxonomy":"product_tag","embeddable":true,"href":"https:\/\/lofimusic.com.es\/index.php\/wp-json\/wp\/v2\/product_tag?post=163"}],"curies":[{"name":"wp","href":"https:\/\/api.w.org\/{rel}","templated":true}]}}