{"id":161,"date":"2024-09-13T16:33:05","date_gmt":"2024-09-13T16:33:05","guid":{"rendered":"https:\/\/lofimusic.com.es\/index.php\/producto\/b0ct52hc77_fr\/"},"modified":"2024-09-13T16:33:05","modified_gmt":"2024-09-13T16:33:05","slug":"b0ct52hc77_fr","status":"publish","type":"product","link":"https:\/\/lofimusic.com.es\/index.php\/producto\/b0ct52hc77_fr\/","title":{"rendered":"B0CT52HC77_FR"},"content":{"rendered":"<p>&#8211; \u3010Tire Lait Main Libre\u3011Le corps semi-circulaire s&#8217;adapte parfaitement \u00e0 la poitrine et est compl\u00e8tement invisible lorsque vous portez un soutien-gorge pour pomper les seins \u00e0 tout moment et n&#8217;importe o\u00f9. Le tire lait electrique est rechargeable via USB et a une capacit\u00e9 allant jusqu&#8217;\u00e0 180 ml\/6 oz, ce qui le rend facile \u00e0 transporter, m\u00eame au travail ou en voyage.<br \/>\n&#8211; \u3010Tirer le Sein Plus Efficace\u3011Le nouveau tire-laits am\u00e9lior\u00e9 dispose de 2 modes et 9 niveaux d&#8217;aspiration, modes de massage et de succion. Massez d&#8217;abord, puis sucez le lait, en imitant le style d&#8217;alimentation du b\u00e9b\u00e9, qui est confortable et indolore. La pression de l&#8217;air de la bouche verseuse du dauphin est \u00e9quilibr\u00e9e pour obtenir une succion efficace du lait. La conception anti-reflux emp\u00eache la contamination du lait maternel.<br \/>\n&#8211; \u3010Facile \u00e0 Utiliser et \u00e0 Nnettoyer\u3011Le tire lait electrique main libre peut tenir debout afin que le lait maternel ne coule pas et qu&#8217;il puisse lib\u00e9rer les mains de maman. Pi\u00e8ces minimales, plus faciles \u00e0 utiliser et \u00e0 nettoyer. Les boutons physiques durent plus longtemps et sont moins susceptibles d\u2019\u00eatre endommag\u00e9s que les \u00e9crans tactiles.<br \/>\n&#8211; \u3010S\u00fbr et Faible Bruit\u3011Le tire-lait est fabriqu\u00e9 en silicone souple, tr\u00e8s s\u00fbr pour le corps humain. Le niveau sonore est d&#8217;environ 45 d\u00e9cibels et ne d\u00e9rangera pas votre b\u00e9b\u00e9 endormi. La batterie de 1 000 mAh s&#8217;\u00e9teint automatiquement toutes les 20 minutes et peut \u00eatre utilis\u00e9e pendant environ 90 minutes ou 6 \u00e0 8 fois lorsqu&#8217;elle est compl\u00e8tement charg\u00e9e.<br \/>\n&#8211; \u3010Ensemble de Tire Lait Parfait\u3011L&#8217;ensemble contient 2 \u00d7 tire lait electrique, 10 \u00d7 sacs de sachet conservation lait maternel, 2 \u00d7 c\u00e2bles de type C, 1 \u00d7 manuel du produit et 2 \u00d7 ajusteur de soutien-gorge. Le tire-lait \u00e0 bride de 24 mm s&#8217;adapte \u00e0 la plupart des tailles de seins. La boucle r\u00e9glable du soutien-gorge permet de le mettre facilement dans un tire-lait mains libres.<\/p>\n","protected":false},"excerpt":{"rendered":"<p>publicit\u00e9<br \/>\nTire Lait Electrique Main Libre, Jkevow Tire Lait Electrique 2 Modes et 9 Niveaux d&#8217;aspiration, Tire-Laits Est Livr\u00e9 Avec 10 Sacs de Sachet Conservation Lait Maternel \u2013 24 mm<\/p>\n","protected":false},"featured_media":160,"comment_status":"open","ping_status":"closed","template":"","meta":[],"product_cat":[15],"product_tag":[],"class_list":{"0":"post-161","1":"product","2":"type-product","3":"status-publish","4":"has-post-thumbnail","6":"product_cat-sin-categorizar","7":"nodate","8":"item-wrap","10":"first","11":"instock","12":"shipping-taxable","13":"product-type-external"},"_links":{"self":[{"href":"https:\/\/lofimusic.com.es\/index.php\/wp-json\/wp\/v2\/product\/161","targetHints":{"allow":["GET"]}}],"collection":[{"href":"https:\/\/lofimusic.com.es\/index.php\/wp-json\/wp\/v2\/product"}],"about":[{"href":"https:\/\/lofimusic.com.es\/index.php\/wp-json\/wp\/v2\/types\/product"}],"replies":[{"embeddable":true,"href":"https:\/\/lofimusic.com.es\/index.php\/wp-json\/wp\/v2\/comments?post=161"}],"wp:featuredmedia":[{"embeddable":true,"href":"https:\/\/lofimusic.com.es\/index.php\/wp-json\/wp\/v2\/media\/160"}],"wp:attachment":[{"href":"https:\/\/lofimusic.com.es\/index.php\/wp-json\/wp\/v2\/media?parent=161"}],"wp:term":[{"taxonomy":"product_cat","embeddable":true,"href":"https:\/\/lofimusic.com.es\/index.php\/wp-json\/wp\/v2\/product_cat?post=161"},{"taxonomy":"product_tag","embeddable":true,"href":"https:\/\/lofimusic.com.es\/index.php\/wp-json\/wp\/v2\/product_tag?post=161"}],"curies":[{"name":"wp","href":"https:\/\/api.w.org\/{rel}","templated":true}]}}