{"id":153,"date":"2024-09-13T16:29:04","date_gmt":"2024-09-13T16:29:04","guid":{"rendered":"https:\/\/lofimusic.com.es\/index.php\/producto\/b0ctqkyrh2_fr\/"},"modified":"2024-09-13T16:29:04","modified_gmt":"2024-09-13T16:29:04","slug":"b0ctqkyrh2_fr","status":"publish","type":"product","link":"https:\/\/lofimusic.com.es\/index.php\/producto\/b0ctqkyrh2_fr\/","title":{"rendered":"B0CTQKYRH2_FR"},"content":{"rendered":"<p>&#8211; [Ultra-mince de 5,5 mm et 1920P] L&#8217;objectif ultra-mince mondial, de seulement 5,5 mm de diam\u00e8tre, fournit une cam\u00e9ra d&#8217;\u00e9gout de 2,0 MP, vous offre une merveilleuse exp\u00e9rience de capture d&#8217;une vid\u00e9o et d&#8217;une image HD claires \u00e0 courte port\u00e9e avec une r\u00e9solution de 1920 x 1440. C\u00e2ble semi-rigide de 16,5 pieds (5M), rotation \u00e0 360 degr\u00e9s pour choisir facilement l&#8217;ange de vue.<br \/>\n&#8211; [Large compatibilit\u00e9] La derni\u00e8re version de la cam\u00e9ra endoscopique fonctionne avec Android 4.4+ et iPhone avec le syst\u00e8me iOS 9+. \u00c9galement livr\u00e9 avec un adaptateur iPhone\/Micro-USB. Remarque importante : uniquement applicable aux smartphones\/tablettes Android avec fonction OTG et USB UVC, il est sugg\u00e9r\u00e9 d&#8217;installer l&#8217;application gratuite \u00ab USB OTG CHECKER \u00bb pour v\u00e9rifier OTG avant d&#8217;acheter. iPhone, branchez et partez. Ne convient pas \u00e0 l&#8217;ordinateur.<br \/>\n&#8211; [Connexion facile] T\u00e9l\u00e9chargez et installez l&#8217;application \u00ab Useeplus \u00bb sur votre appareil. Laissez le c\u00e2ble de la cam\u00e9ra d&#8217;inspection se connecter \u00e0 votre smartphone. Avec des op\u00e9rations simples, vous pouvez visualiser des images en temps r\u00e9el sur l&#8217;\u00e9cran. Smartphone\/tablette Android, veuillez d&#8217;abord activer la fonction \u00ab OTG \u00bb.<br \/>\n&#8211; [Conception \u00e9tanche] IP67 \u00e9tanche, sonde de 5,5 mm de diam\u00e8tre, livr\u00e9e avec 6 lumi\u00e8res LED r\u00e9glables et une fine sonde \u00e9tanche, cette cam\u00e9ra endoscopique convient \u00e0 diff\u00e9rents types d&#8217;environnements, par exemple, une zone faiblement \u00e9clair\u00e9e ou sombre, une zone humide ou mouill\u00e9e, etc.<br \/>\n&#8211; [Outil id\u00e9al pour la maison] pour cam\u00e9ra sous-marine, micro-cam\u00e9ras \u00e9tanches, d\u00e9tecteur de v\u00e9hicules \u00e0 moteur, d\u00e9tecteur de canalisations d&#8217;\u00e9gout, recherche et sauvetage, d\u00e9tecteur criminel et personnalis\u00e9, d\u00e9tection arch\u00e9ologique, d\u00e9tection de PCB, soins \u00e0 domicile, industries a\u00e9ronautiques et spatiales, industries des soins et des tracteurs , industries de forage p\u00e9trolier, constructions, etc.<\/p>\n","protected":false},"excerpt":{"rendered":"<p>publicit\u00e9<br \/>\nCam\u00e9ra d&#8217;inspection Serpent endoscopique 5,5 mm 1920P, cam\u00e9ra Lightswim de Type C avec 8 lumi\u00e8res LED pour Smartphone Android et iOS, iPhone, iPad, Samsung (16,5 Pieds\/5 m)<\/p>\n","protected":false},"featured_media":152,"comment_status":"open","ping_status":"closed","template":"","meta":[],"product_cat":[15],"product_tag":[],"class_list":{"0":"post-153","1":"product","2":"type-product","3":"status-publish","4":"has-post-thumbnail","6":"product_cat-sin-categorizar","7":"nodate","8":"item-wrap","10":"first","11":"instock","12":"shipping-taxable","13":"product-type-external"},"_links":{"self":[{"href":"https:\/\/lofimusic.com.es\/index.php\/wp-json\/wp\/v2\/product\/153","targetHints":{"allow":["GET"]}}],"collection":[{"href":"https:\/\/lofimusic.com.es\/index.php\/wp-json\/wp\/v2\/product"}],"about":[{"href":"https:\/\/lofimusic.com.es\/index.php\/wp-json\/wp\/v2\/types\/product"}],"replies":[{"embeddable":true,"href":"https:\/\/lofimusic.com.es\/index.php\/wp-json\/wp\/v2\/comments?post=153"}],"wp:featuredmedia":[{"embeddable":true,"href":"https:\/\/lofimusic.com.es\/index.php\/wp-json\/wp\/v2\/media\/152"}],"wp:attachment":[{"href":"https:\/\/lofimusic.com.es\/index.php\/wp-json\/wp\/v2\/media?parent=153"}],"wp:term":[{"taxonomy":"product_cat","embeddable":true,"href":"https:\/\/lofimusic.com.es\/index.php\/wp-json\/wp\/v2\/product_cat?post=153"},{"taxonomy":"product_tag","embeddable":true,"href":"https:\/\/lofimusic.com.es\/index.php\/wp-json\/wp\/v2\/product_tag?post=153"}],"curies":[{"name":"wp","href":"https:\/\/api.w.org\/{rel}","templated":true}]}}