{"id":151,"date":"2024-09-13T16:28:06","date_gmt":"2024-09-13T16:28:06","guid":{"rendered":"https:\/\/lofimusic.com.es\/index.php\/producto\/b0chvv3l2q_de\/"},"modified":"2024-09-13T16:28:06","modified_gmt":"2024-09-13T16:28:06","slug":"b0chvv3l2q_de","status":"publish","type":"product","link":"https:\/\/lofimusic.com.es\/index.php\/producto\/b0chvv3l2q_de\/","title":{"rendered":"B0CHVV3L2Q_DE"},"content":{"rendered":"<p>&#8211; \u3010Set aus 2 Handw\u00e4rmern f\u00fcr doppelte W\u00e4rme\u3011Das Snap-on-Design erm\u00f6glicht es, diesen tragbaren elektrischen Handw\u00e4rmer bei Bedarf zu verbinden oder leicht zu trennen. Das 2-in-1-Design kann entweder in Kombination oder separat verwendet werden.das super langlebige, glatte und hochwertige Vollaluminium-Unibody-Geh\u00e4use f\u00f6rdert die W\u00e4rmespeicherung und gleichm\u00e4\u00dfige W\u00e4rmeverteilung.<br \/>\n&#8211; \u30103s Schnelles Aufheizen\u30113 Heizmodi 40\u2103~55\u2103 f\u00fcr Ihre Wahl, inzwischen kann dieser wiederaufladbare tragbare Handw\u00e4rmer schnell in 3 Sekunden aufheizen, viel W\u00e4rme sofort freisetzen, die W\u00e4rme genie\u00dfen und Ihre H\u00e4nde in der K\u00e4lte warm halten.<br \/>\n&#8211; \u3010Schnelles Aufladen&amp;Energiesparend\u3011Dieser Handw\u00e4rmer verf\u00fcgt \u00fcber einen eingebauten Hochleistungsakku mit 5200mAh, der in 3 Stunden vollst\u00e4ndig aufgeladen werden kann, so dass Sie mit einer vollen Ladung bis zu 13 Stunden lang konstante W\u00e4rme in der niedrigsten Einstellung genie\u00dfen k\u00f6nnen. Der Handw\u00e4rmer kann wiederverwendet werden, um Energie zu sparen und die Umwelt zu sch\u00fctzen.<br \/>\n&#8211; \u3010Pr\u00e4zises und ergonomisches Design\u3011Leicht und kompakt, handtellergro\u00df und gebogen im Design, USB elektrische Handw\u00e4rmer sind die richtige Form und Gr\u00f6\u00dfe, um immer mit Ihnen zu tragen. Sie k\u00f6nnen sie in Ihre Tasche stecken, einen in jeder Hand halten, einen mit der Familie teilen oder sie kombinieren, um einen handtellergro\u00dfen Handw\u00e4rmer zu machen.tragbare Handw\u00e4rmer sorgen f\u00fcr ein gem\u00fctliches Erlebnis.<br \/>\n&#8211; \u3010Geschenk W\u00e4rme\u3011Dieser tragbare Handw\u00e4rmer ist das perfekte Geschenk f\u00fcr diejenigen, die Golf, Camping, Jagd, Wandern und Outdoor-Sport lieben. Es ist auch ein ideales Geschenk f\u00fcr Geburtstage, Jahrestage, Valentinstag, Weihnachten oder Werbe-Familienfeiern. Er bringt den Menschen dauerhafte W\u00e4rme.<\/p>\n","protected":false},"excerpt":{"rendered":"<p>Werbung<br \/>\nFANDLISS Handw\u00e4rmer Elektrisch, 2er Tragbare Taschenw\u00e4rmer Handw\u00e4rmer Wiederaufladbar 5200 mAh Hand Warmers 3 Heizmodi Schnelles Aufheizen,Ideal Warmes Geschenk f\u00fcr Outdoor Sport,Camping im Winter<\/p>\n","protected":false},"featured_media":150,"comment_status":"open","ping_status":"closed","template":"","meta":[],"product_cat":[15],"product_tag":[],"class_list":{"0":"post-151","1":"product","2":"type-product","3":"status-publish","4":"has-post-thumbnail","6":"product_cat-sin-categorizar","7":"nodate","8":"item-wrap","10":"first","11":"instock","12":"shipping-taxable","13":"product-type-external"},"_links":{"self":[{"href":"https:\/\/lofimusic.com.es\/index.php\/wp-json\/wp\/v2\/product\/151","targetHints":{"allow":["GET"]}}],"collection":[{"href":"https:\/\/lofimusic.com.es\/index.php\/wp-json\/wp\/v2\/product"}],"about":[{"href":"https:\/\/lofimusic.com.es\/index.php\/wp-json\/wp\/v2\/types\/product"}],"replies":[{"embeddable":true,"href":"https:\/\/lofimusic.com.es\/index.php\/wp-json\/wp\/v2\/comments?post=151"}],"wp:featuredmedia":[{"embeddable":true,"href":"https:\/\/lofimusic.com.es\/index.php\/wp-json\/wp\/v2\/media\/150"}],"wp:attachment":[{"href":"https:\/\/lofimusic.com.es\/index.php\/wp-json\/wp\/v2\/media?parent=151"}],"wp:term":[{"taxonomy":"product_cat","embeddable":true,"href":"https:\/\/lofimusic.com.es\/index.php\/wp-json\/wp\/v2\/product_cat?post=151"},{"taxonomy":"product_tag","embeddable":true,"href":"https:\/\/lofimusic.com.es\/index.php\/wp-json\/wp\/v2\/product_tag?post=151"}],"curies":[{"name":"wp","href":"https:\/\/api.w.org\/{rel}","templated":true}]}}