{"id":149,"date":"2024-09-13T16:27:56","date_gmt":"2024-09-13T16:27:56","guid":{"rendered":"https:\/\/lofimusic.com.es\/index.php\/producto\/b0d4hlgx9l_de\/"},"modified":"2024-09-13T16:27:56","modified_gmt":"2024-09-13T16:27:56","slug":"b0d4hlgx9l_de","status":"publish","type":"product","link":"https:\/\/lofimusic.com.es\/index.php\/producto\/b0d4hlgx9l_de\/","title":{"rendered":"B0D4HLGX9L_DE"},"content":{"rendered":"<p>&#8211; \ud83d\udc15\u3010 Humane Antibell Ger\u00e4te \u3011 Dieses Ultraschall Antibell ger\u00e4t funktioniert, indem es einen stabilen Frequenzschall sendet, den nur Hunde h\u00f6ren k\u00f6nnen, wodurch der Hund die l\u00e4stige Stimme vermeidet, die das Bellen verursacht. Kein irritierendes Spr\u00fchgas, kein Stromschlag. Das Anti-Bell-Mittel f\u00fcr Hunde ist harmlos f\u00fcr das Geh\u00f6r von Menschen und Hunden, perfekt, um eine ruhige Abteilung f\u00fcr Hundeliebhaber zu schaffen und unerw\u00fcnschtes Verhalten zu stoppen.<br \/>\n&#8211; \ud83d\udc15\u3010Effektive Reichweite von 33 Fu\u00df Hundetrainer \u3011Dieser Ultraschall-Hundetrainer kann in einer Entfernung von bis zu 33 Fu\u00df verwendet werden, ist klein und leicht, Das Antibell-Ger\u00e4t ist IPX5-wasserbest\u00e4ndig,kann an einem Baum, einer Wand oder einem Zaunpfosten aufgeh\u00e4ngt werden, ist f\u00fcr den Innen- und Au\u00dfenbereich geeignet, \u00fcberlegene Dose Decken Sie f\u00fcr unterschiedliche Gr\u00f6\u00dfen und Hunde mit unterschiedlichem Grad an Frechheit eine m\u00f6glichst gro\u00dfe effektive Distanz ab, indem Sie den Modus anpassen.<br \/>\n&#8211; \ud83d\udc15\u3010Wirksam bei Hunden aller Gr\u00f6\u00dfen\u3011Das Ultraschall Hunde Anti bellen ger\u00e4t mit 3 einstellbaren Empfindlichkeits- und Frequenzstufen (20-30 KHz f\u00fcr gro\u00dfe, ungezogene Hunde; 20 KHz f\u00fcr gelehrige Hunde; 15 kHz f\u00fcr kleine Hunde)um mit verschiedenen bellenden Hunden problemlos fertig zu werden. Das Anpassen der H\u00e4ufigkeit f\u00fcr jede Woche kann den Trainingseffekt aufrechterhalten.<br \/>\n&#8211; \ud83d\udc15\u3010Lange Standby-Zeit \u3011Diese Antibell-Ger\u00e4te werden mit einer Batterie mit gro\u00dfer Kapazit\u00e4t geliefert, 3,7V 1500 mAh Akku mit 5 Stunden voller Ladung kann 20 Tage lang verwendet werden, spart Ihnen endlosen \u00c4rger und investiert in Batterien. Inklusive usb-ladekabel, einfach zu laden, keine notwendigkeit, den akku h\u00e4ufig zu ersetzen.<br \/>\n&#8211; \u2705\u3010Verwenden Sie das Anti-Bell-Ger\u00e4t f\u00fcr Hunde ganz einfach drinnen oder drau\u00dfen\u3011Bevor Sie dieses Bellger\u00e4t verwenden, stellen Sie bitte sicher, dass gen\u00fcgend Strom vorhanden ist, dr\u00fccken Sie den Startschalter, um die Ultraschallwelle einzuschalten, und passen Sie den Modus entsprechend der Bellsituation und den Bed\u00fcrfnissen des Hundes an. die Hundebellkontrolle mit CE \/ RoHS \/ FC-Zertifizierung k\u00f6nnen Sie ohne Sorge kaufen.[Wenn Sie auf Probleme sto\u00dfen, k\u00f6nnen Sie sich gerne an uns wenden, um Ihnen weiterzuhelfen.]<\/p>\n","protected":false},"excerpt":{"rendered":"<p>Werbung<br \/>\nAntibell f\u00fcr Hunde, 3 Frequenzstufen Ultraschall Anti Bellen Ger\u00e4t, Hund Antibell Ger\u00e4t 33Ft Anti-Bell-Ger\u00e4te Hundetrainingshilfe Kleine Gro\u00dfe Innen Au\u00dfenbereich Hundebellen Geb\u00fchrenpflichtig (Black)<\/p>\n","protected":false},"featured_media":148,"comment_status":"open","ping_status":"closed","template":"","meta":[],"product_cat":[15],"product_tag":[],"class_list":{"0":"post-149","1":"product","2":"type-product","3":"status-publish","4":"has-post-thumbnail","6":"product_cat-sin-categorizar","7":"nodate","8":"item-wrap","10":"first","11":"instock","12":"shipping-taxable","13":"product-type-external"},"_links":{"self":[{"href":"https:\/\/lofimusic.com.es\/index.php\/wp-json\/wp\/v2\/product\/149","targetHints":{"allow":["GET"]}}],"collection":[{"href":"https:\/\/lofimusic.com.es\/index.php\/wp-json\/wp\/v2\/product"}],"about":[{"href":"https:\/\/lofimusic.com.es\/index.php\/wp-json\/wp\/v2\/types\/product"}],"replies":[{"embeddable":true,"href":"https:\/\/lofimusic.com.es\/index.php\/wp-json\/wp\/v2\/comments?post=149"}],"wp:featuredmedia":[{"embeddable":true,"href":"https:\/\/lofimusic.com.es\/index.php\/wp-json\/wp\/v2\/media\/148"}],"wp:attachment":[{"href":"https:\/\/lofimusic.com.es\/index.php\/wp-json\/wp\/v2\/media?parent=149"}],"wp:term":[{"taxonomy":"product_cat","embeddable":true,"href":"https:\/\/lofimusic.com.es\/index.php\/wp-json\/wp\/v2\/product_cat?post=149"},{"taxonomy":"product_tag","embeddable":true,"href":"https:\/\/lofimusic.com.es\/index.php\/wp-json\/wp\/v2\/product_tag?post=149"}],"curies":[{"name":"wp","href":"https:\/\/api.w.org\/{rel}","templated":true}]}}