{"id":147,"date":"2024-09-13T16:27:37","date_gmt":"2024-09-13T16:27:37","guid":{"rendered":"https:\/\/lofimusic.com.es\/index.php\/producto\/b0d95f4r5v_de\/"},"modified":"2024-09-13T16:27:37","modified_gmt":"2024-09-13T16:27:37","slug":"b0d95f4r5v_de","status":"publish","type":"product","link":"https:\/\/lofimusic.com.es\/index.php\/producto\/b0d95f4r5v_de\/","title":{"rendered":"B0D95F4R5V_DE"},"content":{"rendered":"<p>&#8211; 4K-Videoaufnahme &amp; 16-facher Digitalzoom: Halten Sie Ihre Erinnerungen in atemberaubender 4K-Aufl\u00f6sung fest. Mit dieser Funktion k\u00f6nnen Sie Videos mit unglaublicher Klarheit und Detailtreue aufnehmen und so sicherstellen, dass jeder Moment in hoher Qualit\u00e4t erhalten bleibt. Mit dem 16-fachen Digitalzoom k\u00f6nnen Sie entfernte Motive m\u00fchelos heranzoomen. Diese Funktion bietet mehr Flexibilit\u00e4t bei der Bildkomposition und erm\u00f6glicht es Ihnen, n\u00e4her an das Geschehen heranzukommen, ohne dass die Bildqualit\u00e4t darunter leidet<br \/>\n&#8211; 48-MP-Sensor mit hoher Aufl\u00f6sung &amp; erweiterte Funktionen: Mit einem leistungsstarken 48-Megapixel-Sensor liefert diese Kamera atemberaubend detaillierte und lebendige Fotos. Egal, ob Sie Landschaften oder Nahaufnahmen aufnehmen, jedes Bild ist reich an Klarheit und Farbe. Mit dem Autofokus k\u00f6nnen Sie m\u00fchelos scharfe und klare Bilder erzielen. Der eingebaute Blitz und die Nachtsicht sorgen f\u00fcr die notwendige Beleuchtung bei schlechten Lichtverh\u00e4ltnissen. Mit der Zeitraffer-Fotografiefunktion k\u00f6nnen Sie atemberaubende Videos erstellen, die den Lauf der Zeit zeigen, und der Serienbildmodus sorgt daf\u00fcr, dass Sie keinen Moment verpassen, indem Sie mehrere Aufnahmen in schneller Folge machen<br \/>\n&#8211; 3-Zoll-Klappbildschirm &amp; Ladestation: Der 3-Zoll-Bildschirm kann um 180 Grad gedreht werden, perfekt f\u00fcr Selfies und Vlogging. Das Paket enth\u00e4lt eine universelle Ladestation CS-40 und zwei wiederaufladbare 800-mAh-Akkus, die f\u00fcr lange Aufnahmezeiten sorgen. Dar\u00fcber hinaus verf\u00fcgt die Kamera \u00fcber eine 32-GB-Speicherkarte, die Ihnen viel Platz zum Speichern Ihrer Fotos und Videos bietet, sodass Sie ohne Unterbrechung weiter aufnehmen k\u00f6nnen<br \/>\n&#8211; WEBCAM &amp; HDMI-AUSGANG: Diese 4K-Digitalkamera kann als Webcam verwendet werden. Schlie\u00dfen Sie das USB-Kabel an und schalten Sie die Kamera in den \u201eWebcam\u201c-Modus. Dann k\u00f6nnen Sie Videochats \u00fcber Skype oder Live-Streaming in sozialen Medien wie Facebook und YouTube genie\u00dfen. Sie k\u00f6nnen auch einen Fernseher oder Camcorder \u00fcber ein HDMI-Kabel anschlie\u00dfen. Unterst\u00fctzt nicht nur ein externes Mikrofon mit einer 3,5-mm-Buchse f\u00fcr klare Aufnahmen, sondern auch ein externes 1\/4-Zoll-Stativ in Standardgr\u00f6\u00dfe. Der eingebaute Blitzschuh kann auch an ein externes F\u00fclllicht angeschlossen werden<br \/>\n&#8211; Perfekte Kamera: Die Fotokamera ist so leicht und tragbar, einfach im t\u00e4glichen Leben, in sozialen Medien, auf Reisen und beim Fotografieren zu verwenden, perfekt f\u00fcr Amateure und Anf\u00e4nger zum Fotografieren und Aufnehmen<\/p>\n","protected":false},"excerpt":{"rendered":"<p>Werbung<br \/>\nDigitalkamera 4K, 48MP 16X Autofokus Digitalzoom Fotokamera, 3 Zoll 180\u00b0 Flip LCD Screen HD Kompakte Vlog Kamera mit Ladestation, 2 * 800 mAh Akkus, 32GB Karte f\u00fcr Anf\u00e4nger, Kinder<\/p>\n","protected":false},"featured_media":146,"comment_status":"open","ping_status":"closed","template":"","meta":[],"product_cat":[15],"product_tag":[],"class_list":{"0":"post-147","1":"product","2":"type-product","3":"status-publish","4":"has-post-thumbnail","6":"product_cat-sin-categorizar","7":"nodate","8":"item-wrap","10":"first","11":"instock","12":"shipping-taxable","13":"product-type-external"},"_links":{"self":[{"href":"https:\/\/lofimusic.com.es\/index.php\/wp-json\/wp\/v2\/product\/147","targetHints":{"allow":["GET"]}}],"collection":[{"href":"https:\/\/lofimusic.com.es\/index.php\/wp-json\/wp\/v2\/product"}],"about":[{"href":"https:\/\/lofimusic.com.es\/index.php\/wp-json\/wp\/v2\/types\/product"}],"replies":[{"embeddable":true,"href":"https:\/\/lofimusic.com.es\/index.php\/wp-json\/wp\/v2\/comments?post=147"}],"wp:featuredmedia":[{"embeddable":true,"href":"https:\/\/lofimusic.com.es\/index.php\/wp-json\/wp\/v2\/media\/146"}],"wp:attachment":[{"href":"https:\/\/lofimusic.com.es\/index.php\/wp-json\/wp\/v2\/media?parent=147"}],"wp:term":[{"taxonomy":"product_cat","embeddable":true,"href":"https:\/\/lofimusic.com.es\/index.php\/wp-json\/wp\/v2\/product_cat?post=147"},{"taxonomy":"product_tag","embeddable":true,"href":"https:\/\/lofimusic.com.es\/index.php\/wp-json\/wp\/v2\/product_tag?post=147"}],"curies":[{"name":"wp","href":"https:\/\/api.w.org\/{rel}","templated":true}]}}