{"id":14599,"date":"2025-04-07T17:26:50","date_gmt":"2025-04-07T17:26:50","guid":{"rendered":"https:\/\/lofimusic.com.es\/index.php\/producto\/b0dhrlxpc5_fr\/"},"modified":"2025-04-07T17:26:50","modified_gmt":"2025-04-07T17:26:50","slug":"b0dhrlxpc5_fr","status":"publish","type":"product","link":"https:\/\/lofimusic.com.es\/index.php\/producto\/b0dhrlxpc5_fr\/","title":{"rendered":"B0DHRLXPC5_FR"},"content":{"rendered":"<p>&#8211; Huile de CBD Pure 30% : Profitez d&#8217;une formule puissante avec une concentration \u00e9lev\u00e9e en CBD, con\u00e7ue pour offrir une efficacit\u00e9 optimale. Sa formulation pure garantit que chaque goutte d\u00e9livre les bienfaits essentiels du chanvre.<br \/>\n&#8211; Press\u00e9e \u00e0 Froid: Ce processus d\u00e9licat de fabrication pr\u00e9serve toutes les propri\u00e9t\u00e9s b\u00e9n\u00e9fiques du chanvre, assurant ainsi une qualit\u00e9 sup\u00e9rieure et une saveur authentique, tout en pr\u00e9venant la d\u00e9gradation des compos\u00e9s naturels.<br \/>\n&#8211; Sommeil Am\u00e9lior\u00e9: Cette huile est sp\u00e9cialement formul\u00e9e pour favoriser un sommeil r\u00e9parateur. En r\u00e9duisant le stress et l&#8217;anxi\u00e9t\u00e9, elle aide \u00e0 cr\u00e9er un environnement propice \u00e0 un repos nocturne calme et serein.<br \/>\n&#8211; Soulagement des Inconforts: En plus de favoriser un meilleur sommeil, l&#8217;huile de CBD aide \u00e0 relaxer le corps et \u00e0 soulager les d\u00e9sagr\u00e9ments, que ce soit au niveau de la t\u00eate, des muscles ou des articulations, offrant ainsi une sensation de bien-\u00eatre g\u00e9n\u00e9ral.<br \/>\n&#8211; Chaque flacon est un produit artisanal de haute qualit\u00e9 selon des normes strictes. Cela garantit non seulement s\u00e9curit\u00e9 et tra\u00e7abilit\u00e9, mais aussi un engagement envers le d\u00e9veloppement durable et le respect de l&#8217;environnement.<br \/>\n&#8211; Utilisation Externe : Parfaite pour un usage topique, l&#8217;huile de graines de chanvre hydrate la peau en profondeur et contribue \u00e0 l&#8217;\u00e9clat naturel, tout en soulageant les tensions localis\u00e9es.<\/p>\n","protected":false},"excerpt":{"rendered":"<p>publicit\u00e9CBD 35% en huile biologique MTC CBD Pour se d\u00e9tendre, soulager les tensions, relaxer et favoriser le sommeil 100% Id\u00e9al pour la r\u00e9cup\u00e9ration, am\u00e9liore le bien-\u00eatre.<\/p>\n","protected":false},"featured_media":14598,"comment_status":"open","ping_status":"closed","template":"","meta":[],"product_cat":[15],"product_tag":[],"class_list":{"0":"post-14599","1":"product","2":"type-product","3":"status-publish","4":"has-post-thumbnail","6":"product_cat-sin-categorizar","7":"nodate","8":"item-wrap","10":"first","11":"instock","12":"shipping-taxable","13":"product-type-external"},"_links":{"self":[{"href":"https:\/\/lofimusic.com.es\/index.php\/wp-json\/wp\/v2\/product\/14599","targetHints":{"allow":["GET"]}}],"collection":[{"href":"https:\/\/lofimusic.com.es\/index.php\/wp-json\/wp\/v2\/product"}],"about":[{"href":"https:\/\/lofimusic.com.es\/index.php\/wp-json\/wp\/v2\/types\/product"}],"replies":[{"embeddable":true,"href":"https:\/\/lofimusic.com.es\/index.php\/wp-json\/wp\/v2\/comments?post=14599"}],"wp:featuredmedia":[{"embeddable":true,"href":"https:\/\/lofimusic.com.es\/index.php\/wp-json\/wp\/v2\/media\/14598"}],"wp:attachment":[{"href":"https:\/\/lofimusic.com.es\/index.php\/wp-json\/wp\/v2\/media?parent=14599"}],"wp:term":[{"taxonomy":"product_cat","embeddable":true,"href":"https:\/\/lofimusic.com.es\/index.php\/wp-json\/wp\/v2\/product_cat?post=14599"},{"taxonomy":"product_tag","embeddable":true,"href":"https:\/\/lofimusic.com.es\/index.php\/wp-json\/wp\/v2\/product_tag?post=14599"}],"curies":[{"name":"wp","href":"https:\/\/api.w.org\/{rel}","templated":true}]}}