{"id":14595,"date":"2025-04-07T11:48:52","date_gmt":"2025-04-07T11:48:52","guid":{"rendered":"https:\/\/lofimusic.com.es\/index.php\/producto\/b0dcvtvxxy_de\/"},"modified":"2025-04-07T11:48:52","modified_gmt":"2025-04-07T11:48:52","slug":"b0dcvtvxxy_de","status":"publish","type":"product","link":"https:\/\/lofimusic.com.es\/index.php\/producto\/b0dcvtvxxy_de\/","title":{"rendered":"B0DCVTVXXY_DE"},"content":{"rendered":"<p>&#8211; 4K Ultra HD-Aufnahme &amp; 16-facher Digitalzoom: Dank professioneller Klarheit und Pr\u00e4zision k\u00f6nnen Sie jeden Moment in 4K Ultra HD-Aufl\u00f6sung festhalten und Videos in Kinoqualit\u00e4t mit lebendigen Farben, scharfen Kontrasten und lebensechten Details liefern. In Kombination mit erweiterter Bildstabilisierung und 16-fachem Digitalzoom k\u00f6nnen Sie bessere Fotos machen, ohne Abstriche bei der Bildqualit\u00e4t zu machen<br \/>\n&#8211; 48MP Hochaufl\u00f6sungssensor &amp; Aufnahmemodi auf Profi-Niveau: Ausgestattet mit einem 4,8-Megapixel-CMOS-Sensor nimmt diese Kamera gestochen scharfe, lebendige Fotos mit naturgetreuer Farbwiedergabe auf. Der digitale Sensor und das Linsensystem sorgen f\u00fcr Sch\u00e4rfe. Portr\u00e4tmodus, Sportmodus, Nachtszene, Zeitraffer und Zeitlupe. Diese Aufnahmemodi k\u00f6nnen f\u00fcr jedes Szenario angepasst werden<br \/>\n&#8211; 3-Zoll-Klappbildschirm &amp; Praktische Ladestation: Der 3-Zoll-LCD-Klappbildschirm l\u00e4sst sich um 180\u00b0 drehen, um perfekte Selfies, Vlogs oder Aufnahmen zu machen. \u00dcber die intuitive Benutzeroberfl\u00e4che k\u00f6nnen Sie fokussieren, zum Aufnehmen tippen und Bearbeitungen sofort in der Vorschau anzeigen. Das Paket enth\u00e4lt eine universelle Ladestation CS-40 und zwei wiederaufladbare 800-mAh-Akkus, die f\u00fcr langanhaltende Energie bei l\u00e4ngeren Aufnahmesitzungen sorgen. Dar\u00fcber hinaus wird die Kamera mit einer 32 GB gro\u00dfen microSD-Karte geliefert, die Ihnen viel Platz zum Speichern Ihrer Fotos und Videos bietet<br \/>\n&#8211; Webcam-Modus &amp; HDMI-Konnektivit\u00e4t: Verwandeln Sie Ihre Kamera in eine High-End-Webcam f\u00fcr kristallklare Videoanrufe, Live-Streams oder die Erstellung von Inhalten. Schlie\u00dfen Sie sie einfach \u00fcber USB an Ihren PC oder Mac an und genie\u00dfen Sie eine 1080p-Streaming-Qualit\u00e4t, die integrierte Laptop-Kameras in den Schatten stellt. F\u00fcr die sofortige Wiedergabe oder Bearbeitung verwenden Sie den HDMI-Ausgang, um eine direkte Verbindung zu Ihrem Fernseher oder Monitor herzustellen. Teilen Sie Videos bequem mit Ihrer Familie<br \/>\n&#8211; Geschenkfertige Verpackung: Die Fotokamera ist leicht und tragbar, einfach im t\u00e4glichen Leben, in sozialen Medien, auf Reisen und zum Fotografieren zu verwenden und eignet sich perfekt f\u00fcr Amateure und Anf\u00e4nger zum Aufnehmen von Bildern und Aufnahmen<\/p>\n","protected":false},"excerpt":{"rendered":"<p>Werbung<br \/>\nDigitalkamera 4K, 48MP 16X Autofokus Digitalzoom Kamera, 3 Zoll 180\u00b0 Klappbarer LCD-Bildschirm HD Kompakte Vlog Kamera mit Ladestation, 2 * 800 mAh Akkus, 32GB Karte, Geeignet f\u00fcr Anf\u00e4nger, Kinder<\/p>\n","protected":false},"featured_media":14594,"comment_status":"open","ping_status":"closed","template":"","meta":[],"product_cat":[15],"product_tag":[],"class_list":{"0":"post-14595","1":"product","2":"type-product","3":"status-publish","4":"has-post-thumbnail","6":"product_cat-sin-categorizar","7":"nodate","8":"item-wrap","10":"first","11":"instock","12":"shipping-taxable","13":"product-type-external"},"_links":{"self":[{"href":"https:\/\/lofimusic.com.es\/index.php\/wp-json\/wp\/v2\/product\/14595","targetHints":{"allow":["GET"]}}],"collection":[{"href":"https:\/\/lofimusic.com.es\/index.php\/wp-json\/wp\/v2\/product"}],"about":[{"href":"https:\/\/lofimusic.com.es\/index.php\/wp-json\/wp\/v2\/types\/product"}],"replies":[{"embeddable":true,"href":"https:\/\/lofimusic.com.es\/index.php\/wp-json\/wp\/v2\/comments?post=14595"}],"wp:featuredmedia":[{"embeddable":true,"href":"https:\/\/lofimusic.com.es\/index.php\/wp-json\/wp\/v2\/media\/14594"}],"wp:attachment":[{"href":"https:\/\/lofimusic.com.es\/index.php\/wp-json\/wp\/v2\/media?parent=14595"}],"wp:term":[{"taxonomy":"product_cat","embeddable":true,"href":"https:\/\/lofimusic.com.es\/index.php\/wp-json\/wp\/v2\/product_cat?post=14595"},{"taxonomy":"product_tag","embeddable":true,"href":"https:\/\/lofimusic.com.es\/index.php\/wp-json\/wp\/v2\/product_tag?post=14595"}],"curies":[{"name":"wp","href":"https:\/\/api.w.org\/{rel}","templated":true}]}}