{"id":14591,"date":"2025-04-07T05:41:53","date_gmt":"2025-04-07T05:41:53","guid":{"rendered":"https:\/\/lofimusic.com.es\/index.php\/producto\/b0dshdkm9n_es\/"},"modified":"2025-04-07T05:41:53","modified_gmt":"2025-04-07T05:41:53","slug":"b0dshdkm9n_es","status":"publish","type":"product","link":"https:\/\/lofimusic.com.es\/index.php\/producto\/b0dshdkm9n_es\/","title":{"rendered":"B0DSHDKM9N_ES"},"content":{"rendered":"<p>&#8211; \u3010Efecto de atomizaci\u00f3n\u3011El dispositivo es impulsado por una vibraci\u00f3n de cierta frecuencia del circuito, que hace vibrar la cer\u00e1mica piezoel\u00e9ctrica y los arm\u00f3nicos, haciendo que la malla met\u00e1lica vibre a gran velocidad. El l\u00edquido medicinal se expulsa r\u00e1pidamente a trav\u00e9s de los microporos de la placa met\u00e1lica en innumerables part\u00edculas atomizadas diminutas y se inhala a trav\u00e9s de la boquilla o m\u00e1scara para lograr el efecto de atomizaci\u00f3n r\u00e1pida.<br \/>\n&#8211; \u3010Silent Technology\u3011Nuestro dispositivo utiliza tecnolog\u00eda ultras\u00f3nica y funciona sin ruido. Puede usarlo para dormir, trabajar y sin molestar a las personas a su alrededor. Tambi\u00e9n puede dejar que sus hijos disfruten del efecto de nebulizaci\u00f3n con comodidad. No se preocupe de que su hijo sea molestado por el ruido.<br \/>\n&#8211; \u3010Automatic Cleaning\u3011Limpia autom\u00e1ticamente los residuos. Simplemente presione el interruptor durante cinco segundos. El modo de limpieza autom\u00e1tica se activa y la unidad nebuliza intermitentemente. Espere de 1 a 2 minutos para eliminar los residuos que quedan en la superficie de la pantalla del atomizador.<br \/>\n&#8211; \u3010Amplia selecci\u00f3n de accesorios\u3011Viene con 2 m\u00e1scaras para ni\u00f1os y adultos. Tambi\u00e9n se proporciona una boquilla de succi\u00f3n. Usted puede elegir el accesorio adecuado para utilizar de acuerdo a sus necesidades.<br \/>\n&#8211; \u3010F\u00e1cil de colocar\u3011El nebulizador debe utilizarse junto con una mascarilla. El tubo de conexi\u00f3n de la m\u00e1scara debe tener un di\u00e1metro de 20,0 + 0,1 mm. La m\u00e1scara se puede conectar directamente al nebulizador.<\/p>\n","protected":false},"excerpt":{"rendered":"<p>Publicidad NVKHG Aerosol Silencioso, M\u00e1quina de Aerosol Ultras\u00f3nica Port\u00e1til, Con Pantalla Digital, Limpieza Residual Autom\u00e1tica, Recargable USB-C para Adultos y Ni\u00f1os-Gris<\/p>\n","protected":false},"featured_media":14590,"comment_status":"open","ping_status":"closed","template":"","meta":[],"product_cat":[15],"product_tag":[],"class_list":{"0":"post-14591","1":"product","2":"type-product","3":"status-publish","4":"has-post-thumbnail","6":"product_cat-sin-categorizar","7":"nodate","8":"item-wrap","10":"first","11":"instock","12":"shipping-taxable","13":"product-type-external"},"_links":{"self":[{"href":"https:\/\/lofimusic.com.es\/index.php\/wp-json\/wp\/v2\/product\/14591","targetHints":{"allow":["GET"]}}],"collection":[{"href":"https:\/\/lofimusic.com.es\/index.php\/wp-json\/wp\/v2\/product"}],"about":[{"href":"https:\/\/lofimusic.com.es\/index.php\/wp-json\/wp\/v2\/types\/product"}],"replies":[{"embeddable":true,"href":"https:\/\/lofimusic.com.es\/index.php\/wp-json\/wp\/v2\/comments?post=14591"}],"wp:featuredmedia":[{"embeddable":true,"href":"https:\/\/lofimusic.com.es\/index.php\/wp-json\/wp\/v2\/media\/14590"}],"wp:attachment":[{"href":"https:\/\/lofimusic.com.es\/index.php\/wp-json\/wp\/v2\/media?parent=14591"}],"wp:term":[{"taxonomy":"product_cat","embeddable":true,"href":"https:\/\/lofimusic.com.es\/index.php\/wp-json\/wp\/v2\/product_cat?post=14591"},{"taxonomy":"product_tag","embeddable":true,"href":"https:\/\/lofimusic.com.es\/index.php\/wp-json\/wp\/v2\/product_tag?post=14591"}],"curies":[{"name":"wp","href":"https:\/\/api.w.org\/{rel}","templated":true}]}}