{"id":14589,"date":"2025-04-07T05:41:03","date_gmt":"2025-04-07T05:41:03","guid":{"rendered":"https:\/\/lofimusic.com.es\/index.php\/producto\/b0dfmw8t8q_es\/"},"modified":"2025-04-07T05:41:03","modified_gmt":"2025-04-07T05:41:03","slug":"b0dfmw8t8q_es","status":"publish","type":"product","link":"https:\/\/lofimusic.com.es\/index.php\/producto\/b0dfmw8t8q_es\/","title":{"rendered":"B0DFMW8T8Q_ES"},"content":{"rendered":"<p>&#8211; CONVIERTE SE\u00d1ALES DE FONO: Un preamplificador de tocadiscos que convierte se\u00f1ales de fono en se\u00f1ales de nivel de l\u00ednea. Este preamplificador de fono con circuitos de \u00faltima generaci\u00f3n puede acomodar pastillas magn\u00e9ticas con una sensibilidad de entrada de 3mV a 50K ohmios<br \/>\n&#8211; FUNCIONAMIENTO DE BAJO RUIDO: Ofrece un rendimiento excepcional con sus amplificadores operacionales de audio de bajo ruido. La salida es de 2 V m\u00e1x. (P-P) a 10K ohmios. Es mejor colocar el preamplificador cerca de la fuente para reducir el ruido y las interferencias no deseadas<br \/>\n&#8211; SE CONECTA A TOCADISCOS: conecte cualquier tocadiscos a equipos de sonido modernos sin entrada de fono especializada para amplificar m\u00fasica. Para el receptor, esto se puede conectar a parlantes, computadoras, ordenadores portatiles y m\u00e1s<br \/>\n&#8211; SIMPLE PLUG &amp; PLAY: este mini preamplificador tiene entradas RCA est\u00e9reo y salidas RCA est\u00e9reo. Conecte el tocadiscos a las entradas RCA y a tierra. Luego, conecte el receptor del amplificador a las salidas RCA<\/p>\n","protected":false},"excerpt":{"rendered":"<p>Publicidad Pyle preamplificador fono, Estereo, Entrada RCA, Salida RCA, Operacion de bajo ruido<\/p>\n","protected":false},"featured_media":14588,"comment_status":"open","ping_status":"closed","template":"","meta":[],"product_cat":[15],"product_tag":[],"class_list":{"0":"post-14589","1":"product","2":"type-product","3":"status-publish","4":"has-post-thumbnail","6":"product_cat-sin-categorizar","7":"nodate","8":"item-wrap","10":"first","11":"instock","12":"shipping-taxable","13":"product-type-external"},"_links":{"self":[{"href":"https:\/\/lofimusic.com.es\/index.php\/wp-json\/wp\/v2\/product\/14589","targetHints":{"allow":["GET"]}}],"collection":[{"href":"https:\/\/lofimusic.com.es\/index.php\/wp-json\/wp\/v2\/product"}],"about":[{"href":"https:\/\/lofimusic.com.es\/index.php\/wp-json\/wp\/v2\/types\/product"}],"replies":[{"embeddable":true,"href":"https:\/\/lofimusic.com.es\/index.php\/wp-json\/wp\/v2\/comments?post=14589"}],"wp:featuredmedia":[{"embeddable":true,"href":"https:\/\/lofimusic.com.es\/index.php\/wp-json\/wp\/v2\/media\/14588"}],"wp:attachment":[{"href":"https:\/\/lofimusic.com.es\/index.php\/wp-json\/wp\/v2\/media?parent=14589"}],"wp:term":[{"taxonomy":"product_cat","embeddable":true,"href":"https:\/\/lofimusic.com.es\/index.php\/wp-json\/wp\/v2\/product_cat?post=14589"},{"taxonomy":"product_tag","embeddable":true,"href":"https:\/\/lofimusic.com.es\/index.php\/wp-json\/wp\/v2\/product_tag?post=14589"}],"curies":[{"name":"wp","href":"https:\/\/api.w.org\/{rel}","templated":true}]}}