{"id":14587,"date":"2025-04-07T05:39:52","date_gmt":"2025-04-07T05:39:52","guid":{"rendered":"https:\/\/lofimusic.com.es\/index.php\/producto\/b0dsfx3n6s_es\/"},"modified":"2025-04-07T05:39:52","modified_gmt":"2025-04-07T05:39:52","slug":"b0dsfx3n6s_es","status":"publish","type":"product","link":"https:\/\/lofimusic.com.es\/index.php\/producto\/b0dsfx3n6s_es\/","title":{"rendered":"B0DSFX3N6S_ES"},"content":{"rendered":"<p>&#8211; \u30103 tipos de boquillas\u3011: La bomba de aire con cable de alimentaci\u00f3n extra largo y 3 tama\u00f1os de boquillas se adapta a la mayor\u00eda de los art\u00edculos inflables que necesita. Las boquillas de la bomba port\u00e1til permanecen bloqueadas sin perder aire<br \/>\n&#8211; \u3010Inflado y desinflado 2 en 1\u3011: La bomba de colch\u00f3n de aire es compatible con una fuente de alimentaci\u00f3n de CA de 220-240 V. Para inflar, simplemente coloque la cabeza inflable en la abertura de llenado y luego presione el interruptor. Para desinflar, debe colocar la cabeza inflable en el orificio de ventilaci\u00f3n y luego presionar el interruptor de desinflado. Es r\u00e1pido y f\u00e1cil, ahorrando tiempo y energ\u00eda<br \/>\n&#8211; \u3010Rendimiento potente\u3011: Las bombas de aire con motor incorporado con funciones de llenado r\u00e1pido y alta presi\u00f3n permiten un inflado y desinflado eficientes (NOTA: Esta bomba de aire NO es recargable y NO ES APTA PARA PRODUCTOS DE ALTA PRESI\u00d3N como globos, pelotas de baloncesto y neum\u00e1ticos)<br \/>\n&#8211; \u3010Port\u00e1til y liviano\u3011: La bomba de aire es conveniente para transportar y usar en interiores y exteriores. De tama\u00f1o peque\u00f1o y ligero, por lo que puede usar, almacenar, transportar y transportar f\u00e1cilmente la bomba de aire a cualquier lugar<br \/>\n&#8211; \u3010Nota\u3011: Para prolongar la vida \u00fatil, d\u00e9jelo enfriar despu\u00e9s de 3 minutos de funcionamiento continuo<\/p>\n","protected":false},"excerpt":{"rendered":"<p>Publicidad Inflador Electrico, Bomba de Aire El\u00e9ctrica Port\u00e1til, Bolsa de vac\u00edo bomba de aire el\u00e9ctrica, Inflador &amp; Deflactor para Piscinas, Barcos, Juguetes Hinchable o Camping, con 3 Accesorios<\/p>\n","protected":false},"featured_media":14586,"comment_status":"open","ping_status":"closed","template":"","meta":[],"product_cat":[15],"product_tag":[],"class_list":{"0":"post-14587","1":"product","2":"type-product","3":"status-publish","4":"has-post-thumbnail","6":"product_cat-sin-categorizar","7":"nodate","8":"item-wrap","10":"first","11":"instock","12":"shipping-taxable","13":"product-type-external"},"_links":{"self":[{"href":"https:\/\/lofimusic.com.es\/index.php\/wp-json\/wp\/v2\/product\/14587","targetHints":{"allow":["GET"]}}],"collection":[{"href":"https:\/\/lofimusic.com.es\/index.php\/wp-json\/wp\/v2\/product"}],"about":[{"href":"https:\/\/lofimusic.com.es\/index.php\/wp-json\/wp\/v2\/types\/product"}],"replies":[{"embeddable":true,"href":"https:\/\/lofimusic.com.es\/index.php\/wp-json\/wp\/v2\/comments?post=14587"}],"wp:featuredmedia":[{"embeddable":true,"href":"https:\/\/lofimusic.com.es\/index.php\/wp-json\/wp\/v2\/media\/14586"}],"wp:attachment":[{"href":"https:\/\/lofimusic.com.es\/index.php\/wp-json\/wp\/v2\/media?parent=14587"}],"wp:term":[{"taxonomy":"product_cat","embeddable":true,"href":"https:\/\/lofimusic.com.es\/index.php\/wp-json\/wp\/v2\/product_cat?post=14587"},{"taxonomy":"product_tag","embeddable":true,"href":"https:\/\/lofimusic.com.es\/index.php\/wp-json\/wp\/v2\/product_tag?post=14587"}],"curies":[{"name":"wp","href":"https:\/\/api.w.org\/{rel}","templated":true}]}}