{"id":14585,"date":"2025-04-07T05:24:58","date_gmt":"2025-04-07T05:24:58","guid":{"rendered":"https:\/\/lofimusic.com.es\/index.php\/producto\/b0ckvxwq9p_es-4\/"},"modified":"2025-04-07T05:24:58","modified_gmt":"2025-04-07T05:24:58","slug":"b0ckvxwq9p_es-4","status":"publish","type":"product","link":"https:\/\/lofimusic.com.es\/index.php\/producto\/b0ckvxwq9p_es-4\/","title":{"rendered":"B0CKVXWQ9P_ES"},"content":{"rendered":"<p>&#8211; \ud83e\uddfd\u200b \ud835\udde0\ud835\uddee\u0301\ud835\ude05\ud835\uddf6\ud835\uddfa\ud835\uddee \ud835\uddd6\ud835\uddee\ud835\uddfd\ud835\uddee\ud835\uddf0\ud835\uddf6\ud835\uddf1\ud835\uddee\ud835\uddf1 \ud835\uddf1\ud835\uddf2 \ud835\udde6\ud835\ude02\ud835\uddf0\ud835\uddf0\ud835\uddf6\ud835\uddfc\u0301\ud835\uddfb: Las microfibras con carga electrost\u00e1tica eliminan polvo y cabello con rapidez, reduciendo el tiempo de limpieza y garantizando un entorno impecable.<br \/>\n&#8211; \ud83d\udca1\u200b \ud835\uddd6\ud835\uddee\ud835\uddef\ud835\uddf2\ud835\ude07\ud835\uddee\ud835\uddf9 \ud835\udde5\ud835\uddf2\ud835\uddf0\ud835\uddfc\ud835\uddf9\ud835\uddf2\ud835\uddf0\ud835\ude01\ud835\uddfc\ud835\uddff \ud835\uddf1\ud835\uddf2 \ud835\udde3\ud835\uddfc\ud835\uddf9\ud835\ude03\ud835\uddfc \ud835\uddd4\ud835\uddf7\ud835\ude02\ud835\ude00\ud835\ude01\ud835\uddee\ud835\uddef\ud835\uddf9\ud835\uddf2: El cabezal de microfibra es amplio, plegable y extensible hasta 140 cm, facilitando la limpieza en lugares altos y rincones de dif\u00edcil acceso.<br \/>\n&#8211; \ud83d\udee0\ufe0f\u200b \ud835\uddde\ud835\uddf6\ud835\ude01 \ud835\udde0\ud835\ude02\ud835\uddf9\ud835\ude01\ud835\uddf6\ud835\ude02\ud835\ude00\ud835\uddfc\ud835\ude00 \ud835\uddf0\ud835\uddfc\ud835\uddfb \ud835\uddd5\ud835\uddee\ud835\ude06\ud835\uddf2\ud835\ude01\ud835\uddee\ud835\ude00 \ud835\uddd4\ud835\uddf1\ud835\uddf6\ud835\uddf0\ud835\uddf6\ud835\uddfc\ud835\uddfb\ud835\uddee\ud835\uddf9\ud835\uddf2\ud835\ude00: Incluye plumero y 2 bayetas de microfibra para una limpieza completa. Fabricado con materiales de alta calidad para una limpieza efectiva y duradera.<br \/>\n&#8211; \ud83d\udee1\ufe0f\u200b \ud835\udde3\ud835\uddff\ud835\uddfc\ud835\ude01\ud835\uddf2\ud835\uddf0\ud835\uddf0\ud835\uddf6\ud835\uddfc\u0301\ud835\uddfb \ud835\uddf0\ud835\uddfc\ud835\uddfb \ud835\udde7\ud835\uddee\ud835\uddfd\ud835\uddee \ud835\uddf1\ud835\uddf2 \ud835\udde6\ud835\uddf6\ud835\uddf9\ud835\uddf6\ud835\uddf0\ud835\uddfc\ud835\uddfb\ud835\uddee: La tapa de silicona en el cabezal evita rayones, asegurando que tu mobiliario y paredes permanezcan impecables. Un plumero que cuida cada rinc\u00f3n.<br \/>\n&#8211; \ud83d\udc4d\u200b \ud835\uddd4\ud835\uddf9\ud835\uddfa\ud835\uddee\ud835\uddf0\ud835\uddf2\ud835\uddfb\ud835\uddee\ud835\uddfa\ud835\uddf6\ud835\uddf2\ud835\uddfb\ud835\ude01\ud835\uddfc \ud835\ude06 \ud835\udddf\ud835\uddf6\ud835\uddfa\ud835\uddfd\ud835\uddf6\ud835\uddf2\ud835\ude07\ud835\uddee \ud835\udde6\ud835\uddf2\ud835\uddfb\ud835\uddf0\ud835\uddf6\ud835\uddf9\ud835\uddf9\ud835\uddfc\ud835\ude00: Dise\u00f1o desmontable para una f\u00e1cil limpieza. Plegable y extensible para un almacenamiento pr\u00e1ctico que ahorra espacio. Mant\u00e9n tus herramientas siempre listas para su uso.<\/p>\n","protected":false},"excerpt":{"rendered":"<p>Publicidad Pack Plumero Atrapapolvo Extensible con 2 Balletas Microfibra 62cm-140cm, Plumero Telescopico Extensible Limpia Radiadores Calefaccion con 2 Bayeta Microfibra para Limpieza Hogar, Plumero Radiadores<\/p>\n","protected":false},"featured_media":14584,"comment_status":"open","ping_status":"closed","template":"","meta":[],"product_cat":[15],"product_tag":[],"class_list":{"0":"post-14585","1":"product","2":"type-product","3":"status-publish","4":"has-post-thumbnail","6":"product_cat-sin-categorizar","7":"nodate","8":"item-wrap","10":"first","11":"instock","12":"shipping-taxable","13":"product-type-external"},"_links":{"self":[{"href":"https:\/\/lofimusic.com.es\/index.php\/wp-json\/wp\/v2\/product\/14585","targetHints":{"allow":["GET"]}}],"collection":[{"href":"https:\/\/lofimusic.com.es\/index.php\/wp-json\/wp\/v2\/product"}],"about":[{"href":"https:\/\/lofimusic.com.es\/index.php\/wp-json\/wp\/v2\/types\/product"}],"replies":[{"embeddable":true,"href":"https:\/\/lofimusic.com.es\/index.php\/wp-json\/wp\/v2\/comments?post=14585"}],"wp:featuredmedia":[{"embeddable":true,"href":"https:\/\/lofimusic.com.es\/index.php\/wp-json\/wp\/v2\/media\/14584"}],"wp:attachment":[{"href":"https:\/\/lofimusic.com.es\/index.php\/wp-json\/wp\/v2\/media?parent=14585"}],"wp:term":[{"taxonomy":"product_cat","embeddable":true,"href":"https:\/\/lofimusic.com.es\/index.php\/wp-json\/wp\/v2\/product_cat?post=14585"},{"taxonomy":"product_tag","embeddable":true,"href":"https:\/\/lofimusic.com.es\/index.php\/wp-json\/wp\/v2\/product_tag?post=14585"}],"curies":[{"name":"wp","href":"https:\/\/api.w.org\/{rel}","templated":true}]}}