{"id":14583,"date":"2025-04-07T05:24:25","date_gmt":"2025-04-07T05:24:25","guid":{"rendered":"https:\/\/lofimusic.com.es\/index.php\/producto\/b0dwkl1dnf_es\/"},"modified":"2025-04-07T05:24:25","modified_gmt":"2025-04-07T05:24:25","slug":"b0dwkl1dnf_es","status":"publish","type":"product","link":"https:\/\/lofimusic.com.es\/index.php\/producto\/b0dwkl1dnf_es\/","title":{"rendered":"B0DWKL1DNF_ES"},"content":{"rendered":"<p>&#8211; \ud83c\udf81\u2728 \u2764\ufe0f\u3010Helpful Cleaning Brush\u3011El cepillo de limpieza hogar tiene una punta en \u00e1ngulo para entrar f\u00e1cilmente en espacios reducidos, ayudando eficazmente a limpiar manchas dif\u00edciles y \u00e1reas dif\u00edciles de limpiar sin dejar ara\u00f1azos o da\u00f1os<br \/>\n&#8211; \ud83c\udf81\u2728\ud83d\udca7\u3010Duradero y util\u3011El cepillo cerdas duras para huecos est\u00e1 hecho de material PP de alta calidad con cerdas PET ultrafinas, que es mucho m\u00e1s duro que un cepillo de dientes. cepillo para limpiar juntas soporta el uso regular sin desgaste y proporciona un rendimiento duradero.<br \/>\n&#8211; \ud83c\udf81\u2728\ud83c\udf1f Ergonomic Handle Design\u3011Nuestro cepillo de limpieza de ranuras con cerdas duraderas y un mango ergon\u00f3mico que proporciona la m\u00e1xima potencia de fregado al tiempo que garantiza un agarre c\u00f3modo.<br \/>\n&#8211; \ud83c\udf81\u2728\u2714\ufe0f\u200b\u3010Uso vers\u00e1til\u3011El cepillo para limpieza de grietas es adecuado para esquinas, \u00e1ngulos de pared, huecos de azulejos, inodoros, ba\u00f1os, rieles de alf\u00e9izar de ventanas, cocinas, bandejas para hornear, fregaderos, grifos, huecos de autom\u00f3viles, etc.<br \/>\n&#8211; \ud83c\udf81\u2728\ud83d\udcf1\u3010F\u00e1cil de limpiar y almacenar\u3011El cepillo limpieza juntas es muy flexible y resistente al desgaste. L\u00edmpielo con agua despu\u00e9s de la contaminaci\u00f3n y estar\u00e1 limpio como nuevo otra vez. El agujero para colgar se puede colgar y ocupa poco espacio.<\/p>\n","protected":false},"excerpt":{"rendered":"<p>Publicidad Cepillo para Limpieza de Juntas y ranuras Multifuncional, Cepillo Limpieza Hogar, Cepillo de Limpieza para Huecos, Cerdas Duras, Limpieza de juntas y grietas, para Ba\u00f1o Ducha Azulejos Cocina y Ventana<\/p>\n","protected":false},"featured_media":14582,"comment_status":"open","ping_status":"closed","template":"","meta":[],"product_cat":[15],"product_tag":[],"class_list":{"0":"post-14583","1":"product","2":"type-product","3":"status-publish","4":"has-post-thumbnail","6":"product_cat-sin-categorizar","7":"nodate","8":"item-wrap","10":"first","11":"instock","12":"shipping-taxable","13":"product-type-external"},"_links":{"self":[{"href":"https:\/\/lofimusic.com.es\/index.php\/wp-json\/wp\/v2\/product\/14583","targetHints":{"allow":["GET"]}}],"collection":[{"href":"https:\/\/lofimusic.com.es\/index.php\/wp-json\/wp\/v2\/product"}],"about":[{"href":"https:\/\/lofimusic.com.es\/index.php\/wp-json\/wp\/v2\/types\/product"}],"replies":[{"embeddable":true,"href":"https:\/\/lofimusic.com.es\/index.php\/wp-json\/wp\/v2\/comments?post=14583"}],"wp:featuredmedia":[{"embeddable":true,"href":"https:\/\/lofimusic.com.es\/index.php\/wp-json\/wp\/v2\/media\/14582"}],"wp:attachment":[{"href":"https:\/\/lofimusic.com.es\/index.php\/wp-json\/wp\/v2\/media?parent=14583"}],"wp:term":[{"taxonomy":"product_cat","embeddable":true,"href":"https:\/\/lofimusic.com.es\/index.php\/wp-json\/wp\/v2\/product_cat?post=14583"},{"taxonomy":"product_tag","embeddable":true,"href":"https:\/\/lofimusic.com.es\/index.php\/wp-json\/wp\/v2\/product_tag?post=14583"}],"curies":[{"name":"wp","href":"https:\/\/api.w.org\/{rel}","templated":true}]}}