{"id":14581,"date":"2025-04-07T05:23:30","date_gmt":"2025-04-07T05:23:30","guid":{"rendered":"https:\/\/lofimusic.com.es\/index.php\/producto\/b0dh55r31p_es-20\/"},"modified":"2025-04-07T05:23:30","modified_gmt":"2025-04-07T05:23:30","slug":"b0dh55r31p_es-20","status":"publish","type":"product","link":"https:\/\/lofimusic.com.es\/index.php\/producto\/b0dh55r31p_es-20\/","title":{"rendered":"B0DH55R31P_ES"},"content":{"rendered":"<p>&#8211; Rastreador 4 en 1 Compatible con Apple: La mejor opci\u00f3n del mercado gracias a sus m\u00faltiples funciones innovadoras. Incluye un rastreador preciso, una alarma de emergencia de 130 dB para tu seguridad, una luz parpadeante de emergencia que puede salvarte si te pierdes en la monta\u00f1a, y una potente linterna LED. Su bater\u00eda duradera de 130 mAh garantiza un rendimiento prolongado. Este dispositivo de \u00faltima tecnolog\u00eda es indispensable para mantenerte seguro y localizado en cualquier situaci\u00f3n.<br \/>\n&#8211; Localizador Global Find My: Localiza f\u00e1cilmente tus pertenencias con el rastreador de alta precisi\u00f3n compatible con Apple. Mant\u00e9n localizado cualquier cosa de valor, Vehiculos, ni\u00f1os, personas mayores, maletas etc, con simplemente acceder a la APP que incluye por defecto su dispositivo iOS, sin necesidad de descargas, sin l\u00edmite de distancia, sin tarjetas SIM ni suscripciones de ningun tipo. Aprovechando el gran poder de la amplia red Find My.<br \/>\n&#8211; Alarma Personal de 130 dB: Esta potente alarma proporciona un sonido extremadamente fuerte que puede ser escuchado a gran distancia, alertando a las personas cercanas y disuadiendo a posibles atacantes. Ideal para situaciones de peligro, como intentos de robo o agresiones, permitiendo llamar la atenci\u00f3n de inmediato y asustar a los agresores. Perfecta para actividades al aire libre como senderismo, camping o ciclismo, donde puedes necesitar asistencia y est\u00e1s lejos de \u00e1reas urbanas.<br \/>\n&#8211; Luz Parpadeante de Emergencia: Esta funci\u00f3n proporciona una se\u00f1al visual brillante, especialmente en condiciones de poca luz o en la oscuridad, lo que facilita que los equipos de rescate te localicen r\u00e1pidamente si sufres una ca\u00edda o te lesionas y no puedes moverte, la luz parpadeante indicar\u00e1 tu posici\u00f3n exacta. Ideal para emergencias en carretera, actividades al aire libre, trabajos nocturnos Su alta visibilidad y parpadeo constante aumenta las posibilidades de recibir ayuda r\u00e1pidamente.<br \/>\n&#8211; Linterna LED: La linterna LED ofrece una fuente de luz brillante para diversas situaciones, garantizando que siempre tengas iluminaci\u00f3n a mano cuando m\u00e1s la necesitas. Perfecta para una variedad de usos, desde leer mapas en la oscuridad hasta realizar reparaciones de emergencia o simplemente iluminar tu camino durante un corte de energ\u00eda. La bater\u00eda de alta capacidad asegura que tu dispositivo tenga suficiente energ\u00eda para funcionar de manera confiable durante per\u00edodos extendidos.<\/p>\n","protected":false},"excerpt":{"rendered":"<p>Publicidad ICODI Localizador GPS Rastreador 4 en 1 con Alarma Defensa Personal 130 dB,sin Tarjeta SIM ni Suscripci\u00f3n, sin L\u00edmite Distancia,Luz Intermitente Emergencia y Linterna Led, Compatible Solo con iOS<\/p>\n","protected":false},"featured_media":14580,"comment_status":"open","ping_status":"closed","template":"","meta":[],"product_cat":[15],"product_tag":[],"class_list":{"0":"post-14581","1":"product","2":"type-product","3":"status-publish","4":"has-post-thumbnail","6":"product_cat-sin-categorizar","7":"nodate","8":"item-wrap","10":"first","11":"instock","12":"shipping-taxable","13":"product-type-external"},"_links":{"self":[{"href":"https:\/\/lofimusic.com.es\/index.php\/wp-json\/wp\/v2\/product\/14581","targetHints":{"allow":["GET"]}}],"collection":[{"href":"https:\/\/lofimusic.com.es\/index.php\/wp-json\/wp\/v2\/product"}],"about":[{"href":"https:\/\/lofimusic.com.es\/index.php\/wp-json\/wp\/v2\/types\/product"}],"replies":[{"embeddable":true,"href":"https:\/\/lofimusic.com.es\/index.php\/wp-json\/wp\/v2\/comments?post=14581"}],"wp:featuredmedia":[{"embeddable":true,"href":"https:\/\/lofimusic.com.es\/index.php\/wp-json\/wp\/v2\/media\/14580"}],"wp:attachment":[{"href":"https:\/\/lofimusic.com.es\/index.php\/wp-json\/wp\/v2\/media?parent=14581"}],"wp:term":[{"taxonomy":"product_cat","embeddable":true,"href":"https:\/\/lofimusic.com.es\/index.php\/wp-json\/wp\/v2\/product_cat?post=14581"},{"taxonomy":"product_tag","embeddable":true,"href":"https:\/\/lofimusic.com.es\/index.php\/wp-json\/wp\/v2\/product_tag?post=14581"}],"curies":[{"name":"wp","href":"https:\/\/api.w.org\/{rel}","templated":true}]}}