{"id":14573,"date":"2025-04-07T05:21:47","date_gmt":"2025-04-07T05:21:47","guid":{"rendered":"https:\/\/lofimusic.com.es\/index.php\/producto\/b0dx71rdkp_es\/"},"modified":"2025-04-07T05:21:47","modified_gmt":"2025-04-07T05:21:47","slug":"b0dx71rdkp_es","status":"publish","type":"product","link":"https:\/\/lofimusic.com.es\/index.php\/producto\/b0dx71rdkp_es\/","title":{"rendered":"B0DX71RDKP_ES"},"content":{"rendered":"<p>&#8211; \u3010Recortes precisos\u3011 Solo compatible con OPPO Reno 13 5G. La funda resistente a ca\u00eddas OPPO Reno 13 5G de grado militar presenta un dise\u00f1o de corte preciso que proporciona un f\u00e1cil acceso a botones, altavoces, c\u00e1mara y puertos de carga para una excelente experiencia de tel\u00e9fono inteligente.<br \/>\n&#8211; \u3010Soporte Rotaci\u00f3n de 360 \u00b0\u3011 Esta funda para tel\u00e9fono est\u00e1 equipada con un soporte de tel\u00e9fono de metal en forma de anillo que puede girar 360 grados, para que pueda liberar adecuadamente sus manos al hacer ejercicio, tomar fotos o ver pel\u00edculas. La placa magn\u00e9tica met\u00e1lica incorporada del soporte se puede adsorber de forma directa y estable en el soporte magn\u00e9tico del autom\u00f3vil, lo que le permite navegar y conducir con seguridad.<br \/>\n&#8211; \u3010Protecci\u00f3n Militar\u3011 Funda para OPPO Reno 13 5G las cuatro esquinas de las bolsas de aire a prueba de golpes pueden dispersar la fuerza del impacto, amortiguar la absorci\u00f3n de impactos y proteger las esquinas vulnerables del impacto. La c\u00e1mara elevada y los bordes de la pantalla protegen perfectamente la c\u00e1mara y la pantalla de ara\u00f1azos.<br \/>\n&#8211; \u3010Material de Doble Capa\u3011 La estructura duradera de doble capa est\u00e1 hecha de TPU flexible y PC r\u00edgida, que es fuerte y duradera, protege el tel\u00e9fono de ara\u00f1azos, golpes y ca\u00eddas, y tiene funciones antideslizantes y antica\u00edda. La cubierta deslizante \u00fanica de la c\u00e1mara protege la lente de ara\u00f1azos, golpes, abrasiones y golpes. Cuando no est\u00e9 en uso, cierre la tapa de la c\u00e1mara para evitar que se acumule polvo.<br \/>\n&#8211; \u3010Sensible al Tacto\u3011 Dureza de la pel\u00edcula de vidrio templado de hasta 9H, resistencia efectiva a los ara\u00f1azos, puede soportar objetos afilados y duros en el da\u00f1o de la pantalla. El protector de pantalla ultrafino garantiza una sensibilidad de respuesta sin procesar, proporcionando im\u00e1genes n\u00edtidas.<\/p>\n","protected":false},"excerpt":{"rendered":"<p>Publicidad MEMELOKA Funda para OPPO Reno 13 5G\/Reno13 5G + Cristal Templado, Armor Carcasa Militar Antiara\u00f1azos con 360\u00b0 Soporte de Anillo, Antigolpes Carcasa con Cubierta de C\u00e1mara Deslizante, Negro<\/p>\n","protected":false},"featured_media":14572,"comment_status":"open","ping_status":"closed","template":"","meta":[],"product_cat":[15],"product_tag":[],"class_list":{"0":"post-14573","1":"product","2":"type-product","3":"status-publish","4":"has-post-thumbnail","6":"product_cat-sin-categorizar","7":"nodate","8":"item-wrap","10":"first","11":"instock","12":"shipping-taxable","13":"product-type-external"},"_links":{"self":[{"href":"https:\/\/lofimusic.com.es\/index.php\/wp-json\/wp\/v2\/product\/14573","targetHints":{"allow":["GET"]}}],"collection":[{"href":"https:\/\/lofimusic.com.es\/index.php\/wp-json\/wp\/v2\/product"}],"about":[{"href":"https:\/\/lofimusic.com.es\/index.php\/wp-json\/wp\/v2\/types\/product"}],"replies":[{"embeddable":true,"href":"https:\/\/lofimusic.com.es\/index.php\/wp-json\/wp\/v2\/comments?post=14573"}],"wp:featuredmedia":[{"embeddable":true,"href":"https:\/\/lofimusic.com.es\/index.php\/wp-json\/wp\/v2\/media\/14572"}],"wp:attachment":[{"href":"https:\/\/lofimusic.com.es\/index.php\/wp-json\/wp\/v2\/media?parent=14573"}],"wp:term":[{"taxonomy":"product_cat","embeddable":true,"href":"https:\/\/lofimusic.com.es\/index.php\/wp-json\/wp\/v2\/product_cat?post=14573"},{"taxonomy":"product_tag","embeddable":true,"href":"https:\/\/lofimusic.com.es\/index.php\/wp-json\/wp\/v2\/product_tag?post=14573"}],"curies":[{"name":"wp","href":"https:\/\/api.w.org\/{rel}","templated":true}]}}