{"id":14571,"date":"2025-04-07T05:21:17","date_gmt":"2025-04-07T05:21:17","guid":{"rendered":"https:\/\/lofimusic.com.es\/index.php\/producto\/b0dwfnmpzx_es-2\/"},"modified":"2025-04-07T05:21:17","modified_gmt":"2025-04-07T05:21:17","slug":"b0dwfnmpzx_es-2","status":"publish","type":"product","link":"https:\/\/lofimusic.com.es\/index.php\/producto\/b0dwfnmpzx_es-2\/","title":{"rendered":"B0DWFNMPZX_ES"},"content":{"rendered":"<p>&#8211; Protege a los Muebles: Un dise\u00f1o de brazo oscilante flexible pionero en la industria aprovecha la fricci\u00f3n generada durante el fregado para extender y retraer la mopa. Combinado con el efecto amortiguador de los bordes de goma suave de la mopa, el motor evita eficazmente los obst\u00e1culos en entornos dom\u00e9sticos complejos, protegiendo tanto los mecanismos de transmisi\u00f3n del engranaje y del motor &#8211; como sus muebles.<br \/>\n&#8211; FlexiRazor Antienredos: Con la potente fuerza de succi\u00f3n de 19.000 Pa, el J15 Ultra incorpora una innovadora tecnolog\u00eda con cuchillas de corte activo que evita el enredo del pelo en un 99%, garantizando un rendimiento de limpieza m\u00e1ximo continuo sin intervenci\u00f3n manual.<br \/>\n&#8211; Limpieza avanzada de bordes con ScrubExtend: El robot aspirador con mopa J15 Ultra incorpora la tecnolog\u00eda de mopa extensible que garantiza una limpieza sin huecos a lo largo de bordes y esquinas, proporcionando una cobertura completa de los bordes del 98,95%.<br \/>\n&#8211; Clasificaci\u00f3n inteligente de suciedad gracias a IntelliView AI:Este robot aspirador reconoce y clasifica m\u00e1s de 150 tipos de suciedad, optimizando las estrategias de limpieza y garantizando una evasi\u00f3n precisa de obst\u00e1culos.<br \/>\n&#8211; Estaci\u00f3n Base Autolimpiable y Lavado de Mopa con Agua Caliente: Mantenimiento manos libres con el robot aspirador Eureka J15 con lavado autom\u00e1tico de mopa con agua caliente a 75\u00b0C y estaci\u00f3n base autolimpiable que vac\u00eda el cubo de la basura y seca la mopa.<br \/>\n&#8211; Estrategias inteligentes con IntelliView Al: Un sensor de visi\u00f3n RGB combinado con otras tecnolog\u00edas, puede reconocer m\u00e1s de 150 tipos de objetos y adoptar diferentes estrategias de evitaci\u00f3n de obst\u00e1culos. La clasificaci\u00f3n inteligente de residuos distingue con precisi\u00f3n entre suciedad h\u00fameda y suciedad seca, lo que permite a la J15 Ultra ajustar los m\u00e9todos de limpieza sobre la marcha.<\/p>\n","protected":false},"excerpt":{"rendered":"<p>Publicidad Eureka J15 Ultra Robot Aspirador,19,000Pa, con Mopa,75\u2103 de Agua Caliente, Cepillo Lateral Extensible, Mapeo Impulsado por Inteligencia Artificial,robot aspirador y fregasuelos autovaciado<\/p>\n","protected":false},"featured_media":14570,"comment_status":"open","ping_status":"closed","template":"","meta":[],"product_cat":[15],"product_tag":[],"class_list":{"0":"post-14571","1":"product","2":"type-product","3":"status-publish","4":"has-post-thumbnail","6":"product_cat-sin-categorizar","7":"nodate","8":"item-wrap","10":"first","11":"instock","12":"shipping-taxable","13":"product-type-external"},"_links":{"self":[{"href":"https:\/\/lofimusic.com.es\/index.php\/wp-json\/wp\/v2\/product\/14571","targetHints":{"allow":["GET"]}}],"collection":[{"href":"https:\/\/lofimusic.com.es\/index.php\/wp-json\/wp\/v2\/product"}],"about":[{"href":"https:\/\/lofimusic.com.es\/index.php\/wp-json\/wp\/v2\/types\/product"}],"replies":[{"embeddable":true,"href":"https:\/\/lofimusic.com.es\/index.php\/wp-json\/wp\/v2\/comments?post=14571"}],"wp:featuredmedia":[{"embeddable":true,"href":"https:\/\/lofimusic.com.es\/index.php\/wp-json\/wp\/v2\/media\/14570"}],"wp:attachment":[{"href":"https:\/\/lofimusic.com.es\/index.php\/wp-json\/wp\/v2\/media?parent=14571"}],"wp:term":[{"taxonomy":"product_cat","embeddable":true,"href":"https:\/\/lofimusic.com.es\/index.php\/wp-json\/wp\/v2\/product_cat?post=14571"},{"taxonomy":"product_tag","embeddable":true,"href":"https:\/\/lofimusic.com.es\/index.php\/wp-json\/wp\/v2\/product_tag?post=14571"}],"curies":[{"name":"wp","href":"https:\/\/api.w.org\/{rel}","templated":true}]}}