{"id":14569,"date":"2025-04-07T05:15:29","date_gmt":"2025-04-07T05:15:29","guid":{"rendered":"https:\/\/lofimusic.com.es\/index.php\/producto\/b0dg5lsj3x_es-15\/"},"modified":"2025-04-07T05:15:29","modified_gmt":"2025-04-07T05:15:29","slug":"b0dg5lsj3x_es-15","status":"publish","type":"product","link":"https:\/\/lofimusic.com.es\/index.php\/producto\/b0dg5lsj3x_es-15\/","title":{"rendered":"B0DG5LSJ3X_ES"},"content":{"rendered":"<p>&#8211; 1. La proyecci\u00f3n directa desde iPhone\/Android brinda una calidad visual excepcional: Este miniproyector port\u00e1til le permite disfrutar f\u00e1cilmente de una calidad de imagen de alta definici\u00f3n. Ya sea un cine en casa, una presentaci\u00f3n comercial o entretenimiento al aire libre, puede disfrutar de im\u00e1genes fluidas y claras y una fiesta visual envolvente con solo un clic.<br \/>\n&#8211; 2. Rotaci\u00f3n de 180\u00b0 para m\u00e1xima flexibilidad de instalaci\u00f3n\uff1a Gracias a su funci\u00f3n de rotaci\u00f3n de 180\u00b0, este proyector permite una variedad de proyecciones desde diferentes \u00e1ngulos. Ya sea que desee proyectar en una pared, un techo o una superficie inclinada, este proyector satisface f\u00e1cilmente sus necesidades de instalaci\u00f3n r\u00e1pida y sencilla.<br \/>\n&#8211; 3. Android 11.0 y Netflix integrados, entretenimiento ilimitado\uff1a Este proyector viene con Android 11.0 y una aplicaci\u00f3n Netflix integrada, lo que te brinda acceso directo a tus pel\u00edculas, series y contenidos favoritos sin necesidad de un dispositivo adicional. Disfrute de entretenimiento instant\u00e1neo y sin interrupciones desde la comodidad de su hogar.<br \/>\n&#8211; 4. Conectividad avanzada con WiFi 6 y Bluetooth 5.0\uff1a Obtenga la \u00faltima conectividad con WiFi 6, que ofrece velocidades de conexi\u00f3n m\u00e1s r\u00e1pidas y un mayor alcance para una transmisi\u00f3n fluida. Bluetooth 5.0 facilita la conexi\u00f3n de dispositivos de audio inal\u00e1mbricos como parlantes o auriculares para obtener la mejor experiencia de audio.<br \/>\n&#8211; 5. Correcci\u00f3n trapezoidal autom\u00e1tica para una proyecci\u00f3n perfecta\uff1a La funci\u00f3n de correcci\u00f3n trapezoidal autom\u00e1tica garantiza que la imagen proyectada est\u00e9 siempre perfectamente alineada, incluso si el proyector est\u00e1 montado en un \u00e1ngulo no \u00f3ptimo. Simplemente ajuste el \u00e1ngulo del proyector y la imagen se ajustar\u00e1 autom\u00e1ticamente a la proyecci\u00f3n rectangular ideal.<\/p>\n","protected":false},"excerpt":{"rendered":"<p>Publicidad Mini Proiettore 4K WiFi 6 BT5.2 Upgraded Proiettore Portatile Full HD Supportato per Telefono\/PC\/TV\/HDMI\/PS5 Lapto Auto Keystone Home Theater Rotazione Di 180\u00b0 [App Integrata]<\/p>\n","protected":false},"featured_media":14568,"comment_status":"open","ping_status":"closed","template":"","meta":[],"product_cat":[15],"product_tag":[],"class_list":{"0":"post-14569","1":"product","2":"type-product","3":"status-publish","4":"has-post-thumbnail","6":"product_cat-sin-categorizar","7":"nodate","8":"item-wrap","10":"first","11":"instock","12":"shipping-taxable","13":"product-type-external"},"_links":{"self":[{"href":"https:\/\/lofimusic.com.es\/index.php\/wp-json\/wp\/v2\/product\/14569","targetHints":{"allow":["GET"]}}],"collection":[{"href":"https:\/\/lofimusic.com.es\/index.php\/wp-json\/wp\/v2\/product"}],"about":[{"href":"https:\/\/lofimusic.com.es\/index.php\/wp-json\/wp\/v2\/types\/product"}],"replies":[{"embeddable":true,"href":"https:\/\/lofimusic.com.es\/index.php\/wp-json\/wp\/v2\/comments?post=14569"}],"wp:featuredmedia":[{"embeddable":true,"href":"https:\/\/lofimusic.com.es\/index.php\/wp-json\/wp\/v2\/media\/14568"}],"wp:attachment":[{"href":"https:\/\/lofimusic.com.es\/index.php\/wp-json\/wp\/v2\/media?parent=14569"}],"wp:term":[{"taxonomy":"product_cat","embeddable":true,"href":"https:\/\/lofimusic.com.es\/index.php\/wp-json\/wp\/v2\/product_cat?post=14569"},{"taxonomy":"product_tag","embeddable":true,"href":"https:\/\/lofimusic.com.es\/index.php\/wp-json\/wp\/v2\/product_tag?post=14569"}],"curies":[{"name":"wp","href":"https:\/\/api.w.org\/{rel}","templated":true}]}}