{"id":14567,"date":"2025-04-06T18:05:52","date_gmt":"2025-04-06T18:05:52","guid":{"rendered":"https:\/\/lofimusic.com.es\/index.php\/producto\/b0dqtqh3k6_es-2\/"},"modified":"2025-04-06T18:05:52","modified_gmt":"2025-04-06T18:05:52","slug":"b0dqtqh3k6_es-2","status":"publish","type":"product","link":"https:\/\/lofimusic.com.es\/index.php\/producto\/b0dqtqh3k6_es-2\/","title":{"rendered":"B0DQTQH3K6_ES"},"content":{"rendered":"<p>&#8211; \u3010F\u00e1cil control con una sola mano\u3011Experimenta el equilibrio perfecto entre portabilidad y tama\u00f1o de pantalla con la pantalla IPS de 5,5 pulgadas del tel\u00e9fono desbloqueado XGODY X32. Su dise\u00f1o compacto permite un f\u00e1cil control con una sola mano, incluso en espacios concurridos. Con un peso reducido, es incre\u00edblemente c\u00f3modo de transportar sin sentirse pesado.<br \/>\n&#8211; \u3010Cuatro n\u00facleos y doble SIM\u3011Disfruta de un rendimiento fluido y r\u00e1pido con el procesador de cuatro n\u00facleos del pr\u00e1ctico. La configuraci\u00f3n de memoria de 2 GB + 16 GB proporciona un amplio espacio de almacenamiento para sus aplicaciones y archivos multimedia (ampliable hasta 128 GB). El dise\u00f1o de ranura para tarjetas 2 + 1 permite dos tarjetas SIM y una tarjeta micro SD simult\u00e1neamente. El X32 repleto de funciones es perfecto como dispositivo personal o como opci\u00f3n de regalo bien pensada.<br \/>\n&#8211; \u3010Reconocimiento facial r\u00e1pido\u3011Desbloquea tu tel\u00e9fono de forma segura y sin esfuerzo en solo 0,2 segundos con la r\u00e1pida tecnolog\u00eda de reconocimiento facial del tel\u00e9fono inteligente XGODY X32. No m\u00e1s contrase\u00f1as complicadas: simplemente use su cara como clave para acceder a todas sus aplicaciones y contenidos, liberando sus manos para otras tareas.<br \/>\n&#8211; \u3010Experiencia de tel\u00e9fono inteligente mejorada\u3011 Experimente una experiencia de usuario m\u00e1s inteligente y eficiente con el XGODY X32 ejecut\u00e1ndose en el potente sistema Android 14. La interfaz de usuario prioriza la simplicidad y la facilidad de uso, garantizando una navegaci\u00f3n fluida. Su dise\u00f1o elegante y moderno se suma a su atractivo general.<br \/>\n&#8211; \u3010Capture los momentos de la vida\u3011Aproveche los preciosos momentos de la vida con la c\u00e1mara frontal de alta definici\u00f3n de 5 MP del XGODY X32. Perfecto para selfies y videollamadas de alta calidad, captura colores intensos y gran claridad, permiti\u00e9ndote documentar tu maravillosa vida con sorprendente detalle.<\/p>\n","protected":false},"excerpt":{"rendered":"<p>Publicidad Xgody X32 Smartphone, 2GB+16GB(SD 128GB) Android Tel\u00e9fono Moviles, 5.5-Inch Display, 2500mAh Bater\u00eda, C\u00e1mara 8MP Telefono, 4G Dual SIM, Octa-Core\/GPS\/Face ID &#8211; Negro<\/p>\n","protected":false},"featured_media":14566,"comment_status":"open","ping_status":"closed","template":"","meta":[],"product_cat":[15],"product_tag":[],"class_list":{"0":"post-14567","1":"product","2":"type-product","3":"status-publish","4":"has-post-thumbnail","6":"product_cat-sin-categorizar","7":"nodate","8":"item-wrap","10":"first","11":"instock","12":"shipping-taxable","13":"product-type-external"},"_links":{"self":[{"href":"https:\/\/lofimusic.com.es\/index.php\/wp-json\/wp\/v2\/product\/14567","targetHints":{"allow":["GET"]}}],"collection":[{"href":"https:\/\/lofimusic.com.es\/index.php\/wp-json\/wp\/v2\/product"}],"about":[{"href":"https:\/\/lofimusic.com.es\/index.php\/wp-json\/wp\/v2\/types\/product"}],"replies":[{"embeddable":true,"href":"https:\/\/lofimusic.com.es\/index.php\/wp-json\/wp\/v2\/comments?post=14567"}],"wp:featuredmedia":[{"embeddable":true,"href":"https:\/\/lofimusic.com.es\/index.php\/wp-json\/wp\/v2\/media\/14566"}],"wp:attachment":[{"href":"https:\/\/lofimusic.com.es\/index.php\/wp-json\/wp\/v2\/media?parent=14567"}],"wp:term":[{"taxonomy":"product_cat","embeddable":true,"href":"https:\/\/lofimusic.com.es\/index.php\/wp-json\/wp\/v2\/product_cat?post=14567"},{"taxonomy":"product_tag","embeddable":true,"href":"https:\/\/lofimusic.com.es\/index.php\/wp-json\/wp\/v2\/product_tag?post=14567"}],"curies":[{"name":"wp","href":"https:\/\/api.w.org\/{rel}","templated":true}]}}