{"id":14565,"date":"2025-04-06T16:11:44","date_gmt":"2025-04-06T16:11:44","guid":{"rendered":"https:\/\/lofimusic.com.es\/index.php\/producto\/b0ds22cwdt_it\/"},"modified":"2025-04-06T16:11:44","modified_gmt":"2025-04-06T16:11:44","slug":"b0ds22cwdt_it","status":"publish","type":"product","link":"https:\/\/lofimusic.com.es\/index.php\/producto\/b0ds22cwdt_it\/","title":{"rendered":"B0DS22CWDT_IT"},"content":{"rendered":"<p>&#8211; VAPORE CALDO POTENTE: 1050 W, riscaldamento rapido in 3-5 minuti, produce vapore caldo potente pressurizzato a 135 \u2103 (275 \u2109). Il pulitore a vapore \u00e8 dotato di un ampio serbatoio dell&#8217;acqua con una capacit\u00e0 di 350 ml (la capacit\u00e0 di carico consigliata \u00e8 di 280 ml) e dura fino a 8-12 minuti. Grazie all\u2019elevata temperatura del vapore, elimina facilmente sporco, polvere, grasso e batteri senza l\u2019utilizzo di prodotti chimici, garantendo una pulizia profonda e igienica di ogni angolo della casa.<br \/>\n&#8211; SICURO E NATURALE: utilizzando solo acqua, questo pulitore a vapore \u00e8 ecologico e sicuro per bambini e animali domestici, senza fumi o residui nocivi, perfetto per le famiglie che cercano una soluzione di pulizia senza pensieri. Inoltre, \u00e8 dotato di un blocco di sicurezza e di una copertura di sicurezza sull&#8217;impugnatura, rendendolo perfetto per l&#8217;uso in presenza di bambini e animali domestici.<br \/>\n&#8211; MULTIUSO E VERSATILI: i pulitori a vapore Rolipo sono adatti a diverse superfici e utilizzi, dalla cucina al bagno, dai tessuti ai sedili delle auto, offrendo una soluzione completa per diverse esigenze di pulizia. \u00c8 perfetto per pulire fessure, angoli, spigoli difficili da raggiungere e una variet\u00e0 di superfici e materiali, tra cui lavelli da cucina, griglie, servizi igienici, tende da doccia, pavimenti, giocattoli per bambini, materassi per animali domestici, automobili, divani (evitare la pelle)e vestiti. Goditi una casa pi\u00f9 sana e pulita con una pulizia potente e senza sostanze chimiche.<br \/>\n&#8211; FACILE DA USARE: Progettato per essere portatile e facile da usare, il pulitore a vapore Rolipo \u00e8 perfetto per pulire facilmente superfici come pavimenti, tappeti, divani, vetri e persino gli interni delle auto. Il cavo di alimentazione da 9,8 piedi garantisce un funzionamento efficiente e il suo design leggero lo rende facile da trasportare da una stanza all&#8217;altra della casa.<br \/>\n&#8211; ACCESSORI POTENTI: il nostro pulitore a vapore portatile Rolipo \u00e8 dotato di un set di 11 accessori per garantire risultati di pulizia eccezionali. Il kit comprende un ugello inclinabile, una prolunga pieghevole, un ugello a spazzola, un vaporizzatore per tessuti, un tergicristallo in gomma per finestre\/porte e molti altri extra. Il nostro pulitore a vapore multifunzione garantisce una pulizia approfondita della tua casa. Se avete domande, non esitate a contattarci. Ti daremo la risposta pi\u00f9 soddisfacente entro 24 ore (giorni lavorativi).<br \/>\n&#8211; SUGGERIMENTO: se non \u00e8 possibile aprire il coperchio di sicurezza dopo l&#8217;uso, attendere qualche minuto e riprovare. Per evitare ustioni, aprire il coperchio di sicurezza solo dopo aver spento l&#8217;apparecchio e aver raffreddato il vapore al suo interno. Per aprire il coperchio di sicurezza: 1. Scollegare il vaporizzatore dalla presa elettrica. 2. Capovolgere il pulitore a vapore. 3. Premere il grilletto del vapore per rilasciare il vapore rimanente<\/p>\n","protected":false},"excerpt":{"rendered":"<p>pubblicit\u00e0Rolipo Pulitore a Vapore Portatile Pressurizzato Con 11 Accessori e Blocco Di Sicurezza, Pistola a Vapore Multifunzione Per Uso Domestico Per La Pulizia Di Cucina, Bagno, Fughe, Finestre, Grasso<\/p>\n","protected":false},"featured_media":14564,"comment_status":"open","ping_status":"closed","template":"","meta":[],"product_cat":[15],"product_tag":[],"class_list":{"0":"post-14565","1":"product","2":"type-product","3":"status-publish","4":"has-post-thumbnail","6":"product_cat-sin-categorizar","7":"nodate","8":"item-wrap","10":"first","11":"instock","12":"shipping-taxable","13":"product-type-external"},"_links":{"self":[{"href":"https:\/\/lofimusic.com.es\/index.php\/wp-json\/wp\/v2\/product\/14565","targetHints":{"allow":["GET"]}}],"collection":[{"href":"https:\/\/lofimusic.com.es\/index.php\/wp-json\/wp\/v2\/product"}],"about":[{"href":"https:\/\/lofimusic.com.es\/index.php\/wp-json\/wp\/v2\/types\/product"}],"replies":[{"embeddable":true,"href":"https:\/\/lofimusic.com.es\/index.php\/wp-json\/wp\/v2\/comments?post=14565"}],"wp:featuredmedia":[{"embeddable":true,"href":"https:\/\/lofimusic.com.es\/index.php\/wp-json\/wp\/v2\/media\/14564"}],"wp:attachment":[{"href":"https:\/\/lofimusic.com.es\/index.php\/wp-json\/wp\/v2\/media?parent=14565"}],"wp:term":[{"taxonomy":"product_cat","embeddable":true,"href":"https:\/\/lofimusic.com.es\/index.php\/wp-json\/wp\/v2\/product_cat?post=14565"},{"taxonomy":"product_tag","embeddable":true,"href":"https:\/\/lofimusic.com.es\/index.php\/wp-json\/wp\/v2\/product_tag?post=14565"}],"curies":[{"name":"wp","href":"https:\/\/api.w.org\/{rel}","templated":true}]}}