{"id":14563,"date":"2025-04-06T16:04:50","date_gmt":"2025-04-06T16:04:50","guid":{"rendered":"https:\/\/lofimusic.com.es\/index.php\/producto\/b0dsc1l8yy_de-2\/"},"modified":"2025-04-06T16:04:50","modified_gmt":"2025-04-06T16:04:50","slug":"b0dsc1l8yy_de-2","status":"publish","type":"product","link":"https:\/\/lofimusic.com.es\/index.php\/producto\/b0dsc1l8yy_de-2\/","title":{"rendered":"B0DSC1L8YY_DE"},"content":{"rendered":"<p>&#8211; \u3010Stift f\u00fcr Remarkable 2 mit Radiergummi\u3011Die Radierfunktion befindet sich am Ende des Stifts und erfordert keine speziellen Einstellungen oder Tasten zum Dr\u00fccken, was die Verwendung erleichtert. Kein Aufladen, Einrichten oder Koppeln erforderlich, sofort einsatzbereit.<br \/>\n&#8211; \u3010Druckempfindlichkeitsstufe 4096\u3011Der Remarkable Stift mit einer Druckempfindlichkeit von 4096 reagiert auf die leichteste Ber\u00fchrung und bietet h\u00f6here Genauigkeit und nahtloses Feedback f\u00fcr komplexe Skizzen und Zeichnungen. Ganz gleich, ob Sie Notizen machen, skizzieren oder Rohzeichnungen machen, der digital pen bietet pr\u00e4zise Kontrolle f\u00fcr ein nat\u00fcrliches Schreiberlebnis .<br \/>\n&#8211; \u3010Handballenabweisung und pr\u00e4zises Schreiben\u3011Dank des Palm Rejection-Designs k\u00f6nnen Sie Ihre Hand ohne l\u00e4stige Handschuhe auf dem Bildschirm ablegen. Die Feder besteht aus hochwertigem und langlebigem POM-Material, ist bildschirmfreundlich, schreibt glatt wie ein echter Bleistift und ist aufgrund ihrer Pr\u00e4zision und Leichtigkeit ein hervorragender Ersatz-Smart-Pen f\u00fcr den Remarkable 2 Stift.<br \/>\n&#8211; \u3010Universelle Kompatibilit\u00e4t\u3011Dieser Samsung stift ist f\u00fcr EMR-Ger\u00e4te wie reMarkable 2\/1, Kindle Scribe, Chromebook, die meisten Samsung-Ger\u00e4te: Galaxy Tab, Galaxy Note, Galaxy Book, HP, Microsoft, DELL und andere EMR-Ger\u00e4te konzipiert. Bitte pr\u00fcfen Sie zun\u00e4chst, ob Ihr Ger\u00e4t die EMR-Technologie unterst\u00fctzt. Hinweis: Nicht kompatibel mit remarkable paper pro.<br \/>\n&#8211; \u3010Warme Tipps\u3011Auf unseren EMR stift gew\u00e4hren wir nach dem Kauf eine einj\u00e4hrige Garantie, die alle technischen M\u00e4ngel oder Fehlfunktionen abdeckt. Wenn Sie nicht wissen, ob dieser EMR stylus mit Ihrem Ger\u00e4t kompatibel ist, kontaktieren Sie uns bitte zur Best\u00e4tigung.<\/p>\n","protected":false},"excerpt":{"rendered":"<p>Werbung<br \/>\nRemarkable 2 Stift, EMR Stift mit Radiergummi, 4096 Druckstufe, Handfl\u00e4chenabweisung, Magnetischer Adsorption, EMR Stift geeignet f\u00fcr Remarkable 2\/Samsung Galaxy\/Dell\/Microsoft\/Lenovo\/HP<\/p>\n","protected":false},"featured_media":14562,"comment_status":"open","ping_status":"closed","template":"","meta":[],"product_cat":[15],"product_tag":[],"class_list":{"0":"post-14563","1":"product","2":"type-product","3":"status-publish","4":"has-post-thumbnail","6":"product_cat-sin-categorizar","7":"nodate","8":"item-wrap","10":"first","11":"instock","12":"shipping-taxable","13":"product-type-external"},"_links":{"self":[{"href":"https:\/\/lofimusic.com.es\/index.php\/wp-json\/wp\/v2\/product\/14563","targetHints":{"allow":["GET"]}}],"collection":[{"href":"https:\/\/lofimusic.com.es\/index.php\/wp-json\/wp\/v2\/product"}],"about":[{"href":"https:\/\/lofimusic.com.es\/index.php\/wp-json\/wp\/v2\/types\/product"}],"replies":[{"embeddable":true,"href":"https:\/\/lofimusic.com.es\/index.php\/wp-json\/wp\/v2\/comments?post=14563"}],"wp:featuredmedia":[{"embeddable":true,"href":"https:\/\/lofimusic.com.es\/index.php\/wp-json\/wp\/v2\/media\/14562"}],"wp:attachment":[{"href":"https:\/\/lofimusic.com.es\/index.php\/wp-json\/wp\/v2\/media?parent=14563"}],"wp:term":[{"taxonomy":"product_cat","embeddable":true,"href":"https:\/\/lofimusic.com.es\/index.php\/wp-json\/wp\/v2\/product_cat?post=14563"},{"taxonomy":"product_tag","embeddable":true,"href":"https:\/\/lofimusic.com.es\/index.php\/wp-json\/wp\/v2\/product_tag?post=14563"}],"curies":[{"name":"wp","href":"https:\/\/api.w.org\/{rel}","templated":true}]}}