{"id":14561,"date":"2025-04-06T16:04:46","date_gmt":"2025-04-06T16:04:46","guid":{"rendered":"https:\/\/lofimusic.com.es\/index.php\/producto\/b0dzn9gkbb_de\/"},"modified":"2025-04-06T16:04:46","modified_gmt":"2025-04-06T16:04:46","slug":"b0dzn9gkbb_de","status":"publish","type":"product","link":"https:\/\/lofimusic.com.es\/index.php\/producto\/b0dzn9gkbb_de\/","title":{"rendered":"B0DZN9GKBB_DE"},"content":{"rendered":"<p>&#8211; \u3010Bequem und Langlebig\u3011 Das YUHENGLE Schwimmen Stirnband besteht aus weichem, strapazierf\u00e4higem und dehnbarem Neopren mit einem starken, verstellbaren Klettverschluss. Es bietet hervorragende Elastizit\u00e4t und ein leichtes Design f\u00fcr eine komfortable Passform. Die niedlichen und stilvollen Muster machen dieses Stirnband sowohl bei Kindern als auch bei Erwachsenen beliebt. Perfekt f\u00fcr den t\u00e4glichen Gebrauch, bietet es Zufriedenheit und Stil f\u00fcr alle Altersgruppen.<br \/>\n&#8211; \u3010Perfekte Passform f\u00fcr Alle Altersgruppen\u3011 Unser YUHENGLE Schwimmen Stirnband ist in zwei Gr\u00f6\u00dfen erh\u00e4ltlich: Die mittlere Gr\u00f6\u00dfe (60 x 9 x 0,3 cm) passt f\u00fcr Kinder im Alter von 4-16 Jahren mit einem Kopfumfang von 49-59 cm, w\u00e4hrend die gro\u00dfe Gr\u00f6\u00dfe (66 x 10 x 0,3 cm) f\u00fcr Erwachsene ab 16 Jahren mit einem Kopfumfang von 55-65 cm geeignet ist. Messen Sie vor der Bestellung Ihren Kopfumfang, um Gr\u00f6\u00dfenprobleme und R\u00fccksendungen zu vermeiden.<br \/>\n&#8211; \u3010Verbesserter Ohrenschutz\u3011 Kombinieren Sie das YUHENGLE Schwimmen Stirnband mit den wiederverwendbaren Silikon-Schwimm-Ohrst\u00f6pseln von YUHENGLE f\u00fcr vollen wasserdichten Schutz. Diese Ohrst\u00f6psel passen perfekt und werden von \u00c4rzten empfohlen, um Schwimmerohr-Infektionen zu verhindern und zur Verwendung mit Ohrentuben.<br \/>\n&#8211; \u3010\u00c4rztlich Empfohlen\u3011 In Kombination mit wasserdichten Ohrst\u00f6pseln wird das YUHENGLE Schwimmen Stirnband von \u00c4rzten weltweit empfohlen. Es verhindert effektiv Ohrenentz\u00fcndungen und Unannehmlichkeiten durch eindringendes Wasser und ist ideal f\u00fcr Patienten nach Ohroperationen sowie bei Mittelohr- und Geh\u00f6rgangsentz\u00fcndungen.<br \/>\n&#8211; \u3010Vielseitige Anwendung\u3011 Das YUHENGLE Schwimmen Stirnband ist ideal zum Schwimmen, Baden, Kanufahren, Surfen, Kajakfahren, Wasserskifahren und mehr. Es h\u00e4lt die Ohren auch bei kaltem Wasser warm und sorgt daf\u00fcr, dass die Haare nicht ins Gesicht fallen. Nehmen Sie es mit ins Schwimmbad, an den Strand oder zum See f\u00fcr vielseitigen und zuverl\u00e4ssigen Ohrenschutz.<\/p>\n","protected":false},"excerpt":{"rendered":"<p>Werbung<br \/>\nSchwimmen Stirnband f\u00fcr Kinder &#8211; 2 Paar Schwimm Ohrst\u00f6psel &amp; Neopren Schwimmband,Hohe Elastizit\u00e4t &amp; Klettverschluss &#8211; Wasserdichtes Kopfband Haarband f\u00fcr,Tauchen, Pool, Duschen und Wassersport<\/p>\n","protected":false},"featured_media":14560,"comment_status":"open","ping_status":"closed","template":"","meta":[],"product_cat":[15],"product_tag":[],"class_list":{"0":"post-14561","1":"product","2":"type-product","3":"status-publish","4":"has-post-thumbnail","6":"product_cat-sin-categorizar","7":"nodate","8":"item-wrap","10":"first","11":"instock","12":"shipping-taxable","13":"product-type-external"},"_links":{"self":[{"href":"https:\/\/lofimusic.com.es\/index.php\/wp-json\/wp\/v2\/product\/14561","targetHints":{"allow":["GET"]}}],"collection":[{"href":"https:\/\/lofimusic.com.es\/index.php\/wp-json\/wp\/v2\/product"}],"about":[{"href":"https:\/\/lofimusic.com.es\/index.php\/wp-json\/wp\/v2\/types\/product"}],"replies":[{"embeddable":true,"href":"https:\/\/lofimusic.com.es\/index.php\/wp-json\/wp\/v2\/comments?post=14561"}],"wp:featuredmedia":[{"embeddable":true,"href":"https:\/\/lofimusic.com.es\/index.php\/wp-json\/wp\/v2\/media\/14560"}],"wp:attachment":[{"href":"https:\/\/lofimusic.com.es\/index.php\/wp-json\/wp\/v2\/media?parent=14561"}],"wp:term":[{"taxonomy":"product_cat","embeddable":true,"href":"https:\/\/lofimusic.com.es\/index.php\/wp-json\/wp\/v2\/product_cat?post=14561"},{"taxonomy":"product_tag","embeddable":true,"href":"https:\/\/lofimusic.com.es\/index.php\/wp-json\/wp\/v2\/product_tag?post=14561"}],"curies":[{"name":"wp","href":"https:\/\/api.w.org\/{rel}","templated":true}]}}