{"id":14559,"date":"2025-04-06T16:04:45","date_gmt":"2025-04-06T16:04:45","guid":{"rendered":"https:\/\/lofimusic.com.es\/index.php\/producto\/b0dggb3jb2_de\/"},"modified":"2025-04-06T16:04:45","modified_gmt":"2025-04-06T16:04:45","slug":"b0dggb3jb2_de","status":"publish","type":"product","link":"https:\/\/lofimusic.com.es\/index.php\/producto\/b0dggb3jb2_de\/","title":{"rendered":"B0DGGB3JB2_DE"},"content":{"rendered":"<p>&#8211; \u3010Wasserdichte Ohrst\u00f6psel f\u00fcr Schwimmen\u3011Unsere wasserdichten Schwimmohrst\u00f6psel bieten einen \u00fcberlegenen Schutz f\u00fcr Ihre Ohren beim Schwimmen und anderen Wassersportaktivit\u00e4ten. Mit einem dreischichtigen wasserdichten Ohrst\u00f6psel und einem Ger\u00e4uschfilter k\u00f6nnen Sie das Schwimmen in vollen Z\u00fcgen genie\u00dfen.<br \/>\n&#8211; \u3010Ergonomisches Design\u3011Unsere Ohrst\u00f6psel f\u00fcr Schwimmen passen perfekt in Ihre Ohren und bieten eine bequeme, eng anliegende Passform, die nicht leicht abf\u00e4llt. Sie werden kaum bemerken, dass Sie sie tragen, w\u00e4hrend Sie schwimmen.<br \/>\n&#8211; \u3010Wiederverwendbares Silikon\u3011Aus hochwertigem Silikon gefertigt, sind unsere Ohrst\u00f6psel f\u00fcr Schwimmen robust und k\u00f6nnen t\u00e4glich verwendet werden, ohne leicht besch\u00e4digt zu werden. Sie sind leicht, sicher und schonend f\u00fcr Ihre Ohren. Nach jeder Verwendung einfach waschen und trocknen lassen und im mitgelieferten Beh\u00e4lter aufbewahren.<br \/>\n&#8211; \u3010Einfach zu tragen\u3011 Speziell f\u00fcr Kinder (4-12 Jahre) entwickelt, sind unsere Schwimmohrst\u00f6psel mit den Markierungen \u00abLinks\u00bb und \u00abRechts\u00bb einfach anzulegen und passen eng an Ihre Ohren, um das Eindringen von Wasser zu verhindern.<br \/>\n&#8211; \u3010Ger\u00e4uschreduzierungsfunktion\u3011Unsere Ohrst\u00f6psel f\u00fcr Schwimmen bieten auch eine Ger\u00e4uschreduzierungsfunktion, die es erm\u00f6glicht, dass Sie den Klang durchlassen, w\u00e4hrend L\u00e4rm reduziert wird. Neben Schwimmen, Tauchen und Surfen k\u00f6nnen sie auch zum Lernen, Schlafen und anderen Lebensszenen verwendet werden, um Ihnen die vollst\u00e4ndigen Vorteile von Ohrst\u00f6pseln zu bieten.<\/p>\n","protected":false},"excerpt":{"rendered":"<p>Werbung<br \/>\nSchwimm Ohrst\u00f6psel f\u00fcr Kinder- 3 Paar wasserdichte, wiederverwendbare Silikon Ohrst\u00f6psel Schwimmen &#8211; Ohrschutz f\u00fcr Kinder von 4-12 Jahren, ideal zum Surfen, Duschen, Tauchen und Anderen<\/p>\n","protected":false},"featured_media":14558,"comment_status":"open","ping_status":"closed","template":"","meta":[],"product_cat":[15],"product_tag":[],"class_list":{"0":"post-14559","1":"product","2":"type-product","3":"status-publish","4":"has-post-thumbnail","6":"product_cat-sin-categorizar","7":"nodate","8":"item-wrap","10":"first","11":"instock","12":"shipping-taxable","13":"product-type-external"},"_links":{"self":[{"href":"https:\/\/lofimusic.com.es\/index.php\/wp-json\/wp\/v2\/product\/14559","targetHints":{"allow":["GET"]}}],"collection":[{"href":"https:\/\/lofimusic.com.es\/index.php\/wp-json\/wp\/v2\/product"}],"about":[{"href":"https:\/\/lofimusic.com.es\/index.php\/wp-json\/wp\/v2\/types\/product"}],"replies":[{"embeddable":true,"href":"https:\/\/lofimusic.com.es\/index.php\/wp-json\/wp\/v2\/comments?post=14559"}],"wp:featuredmedia":[{"embeddable":true,"href":"https:\/\/lofimusic.com.es\/index.php\/wp-json\/wp\/v2\/media\/14558"}],"wp:attachment":[{"href":"https:\/\/lofimusic.com.es\/index.php\/wp-json\/wp\/v2\/media?parent=14559"}],"wp:term":[{"taxonomy":"product_cat","embeddable":true,"href":"https:\/\/lofimusic.com.es\/index.php\/wp-json\/wp\/v2\/product_cat?post=14559"},{"taxonomy":"product_tag","embeddable":true,"href":"https:\/\/lofimusic.com.es\/index.php\/wp-json\/wp\/v2\/product_tag?post=14559"}],"curies":[{"name":"wp","href":"https:\/\/api.w.org\/{rel}","templated":true}]}}