{"id":14557,"date":"2025-04-06T15:48:08","date_gmt":"2025-04-06T15:48:08","guid":{"rendered":"https:\/\/lofimusic.com.es\/index.php\/producto\/b0ds8dm6bn_it\/"},"modified":"2025-04-06T15:48:08","modified_gmt":"2025-04-06T15:48:08","slug":"b0ds8dm6bn_it","status":"publish","type":"product","link":"https:\/\/lofimusic.com.es\/index.php\/producto\/b0ds8dm6bn_it\/","title":{"rendered":"B0DS8DM6BN_IT"},"content":{"rendered":"<p>&#8211; \u301045 \u2103 RISCALDAMENTO\u3011Il Massaggiatore Viso Antirughe Lifting Elettrico ha una funzione di riscaldamento di 45\u00b15\u00b0C. La temperatura costante riscalda la pelle e, combinata con il massaggio EMS, favorisce l&#8217;assorbimento dei prodotti per la cura della pelle e il metabolismo della pelle, contribuendo a ridurre l&#8217;aspetto di rughe, linee sottili, tono della pelle non uniforme e cos\u00ec via. La giusta temperatura rende inoltre pi\u00f9 confortevole la cura della pelle<br \/>\n&#8211; \u30103 MODALIT\u00c0 DI MASSAGGIO\u3011Il Massaggiatore Viso Antirughe Lifting Elettrico ha tre modalit\u00e0 di massaggio: la modalit\u00e0 CLEAN pulisce i pori e mantiene la pelle pulita e luminosa; la modalit\u00e0 EMS rilassa la pelle e la aiuta ad assorbire i prodotti per la cura della pelle e a ridurre le linee sottili e le rughe; la modalit\u00e0 HOT rassoda la pelle lassa e promuove la generazione di collagene, che rivitalizza la pelle<br \/>\n&#8211; \u3010Luci LED a 7 colori\u3011Oltre alla commutazione di 3 modalit\u00e0 di massaggio, il massaggiatore facciale produce luci LED a 7 colori da abbinare al massaggio del viso e del collo: luce rossa per l&#8217;anti-invecchiamento, luce blu per lenire le infiammazioni, luce verde per la rimozione delle rughe, luce viola per la disintossicazione, luce gialla per lo sbiadimento, luce blu chiaro per alleviare la tensione della pelle e luce bianca per rilassare la pelle<br \/>\n&#8211; \u3010SICURO E FACILE DA USARE\u3011Dopo la pulizia del viso, utilizzare il misuratore antirughe facciale insieme ai prodotti per la cura della pelle, tenere premuto l&#8217;interruttore, quindi premere il pulsante per selezionare la modalit\u00e0 di massaggio. Posizionare la testa del massaggiatore vicino al collo e sollevare il massaggio dal basso verso l&#8217;alto. Il massaggiatore facciale entra in modalit\u00e0 standby dopo 4 minuti e si spegne automaticamente dopo 1 minuto di inattivit\u00e0<br \/>\n&#8211; \u3010Ampiamente utilizzato\u3011Questo dispositivo di bellezza per il viso non \u00e8 adatto solo per il viso, ma anche per altre parti del corpo come il collo e la fronte. Massaggiare la fronte e il collo per ridurre le rughe, sollevare la mascella per stringere la pelle del viso. Adatto a uomini e donne adulti e a tutti i tipi di pelle. Il design a forma di V viene utilizzato per eliminare efficacemente il grasso della mascella e stringere le rughe degli occhi<\/p>\n","protected":false},"excerpt":{"rendered":"<p>pubblicit\u00e0Massaggiatore Viso, 3 Modalit\u00e0 EMS Gua Sha Viso, 7 Colori Radiofrequenza Viso, 45\u00b0C Riscaldabile Pulizia Viso, Doppio Mento Massaggiatore Viso Lifting, Strumento Guasha Viso Motorizzato Senza Fili<\/p>\n","protected":false},"featured_media":14556,"comment_status":"open","ping_status":"closed","template":"","meta":[],"product_cat":[15],"product_tag":[],"class_list":{"0":"post-14557","1":"product","2":"type-product","3":"status-publish","4":"has-post-thumbnail","6":"product_cat-sin-categorizar","7":"nodate","8":"item-wrap","10":"first","11":"instock","12":"shipping-taxable","13":"product-type-external"},"_links":{"self":[{"href":"https:\/\/lofimusic.com.es\/index.php\/wp-json\/wp\/v2\/product\/14557","targetHints":{"allow":["GET"]}}],"collection":[{"href":"https:\/\/lofimusic.com.es\/index.php\/wp-json\/wp\/v2\/product"}],"about":[{"href":"https:\/\/lofimusic.com.es\/index.php\/wp-json\/wp\/v2\/types\/product"}],"replies":[{"embeddable":true,"href":"https:\/\/lofimusic.com.es\/index.php\/wp-json\/wp\/v2\/comments?post=14557"}],"wp:featuredmedia":[{"embeddable":true,"href":"https:\/\/lofimusic.com.es\/index.php\/wp-json\/wp\/v2\/media\/14556"}],"wp:attachment":[{"href":"https:\/\/lofimusic.com.es\/index.php\/wp-json\/wp\/v2\/media?parent=14557"}],"wp:term":[{"taxonomy":"product_cat","embeddable":true,"href":"https:\/\/lofimusic.com.es\/index.php\/wp-json\/wp\/v2\/product_cat?post=14557"},{"taxonomy":"product_tag","embeddable":true,"href":"https:\/\/lofimusic.com.es\/index.php\/wp-json\/wp\/v2\/product_tag?post=14557"}],"curies":[{"name":"wp","href":"https:\/\/api.w.org\/{rel}","templated":true}]}}