{"id":143,"date":"2024-09-13T16:25:04","date_gmt":"2024-09-13T16:25:04","guid":{"rendered":"https:\/\/lofimusic.com.es\/index.php\/producto\/b0c6m8svnk_fr\/"},"modified":"2024-09-13T16:25:04","modified_gmt":"2024-09-13T16:25:04","slug":"b0c6m8svnk_fr","status":"publish","type":"product","link":"https:\/\/lofimusic.com.es\/index.php\/producto\/b0c6m8svnk_fr\/","title":{"rendered":"B0C6M8SVNK_FR"},"content":{"rendered":"<p>&#8211; Vibromasseur G-spot Stimulation.Cette vibromasseur, femme clitoridien puissant a 20 modes 7 Vitesse de vibration.Ce sex toys peut stimuler rapidement votre point G et vous mettre \u00e0 l&#8217;aise.Veuillez combiner les diff\u00e9rents modes de vibration pour obtenir l&#8217;exp\u00e9rience de vibration la plus intense.Vibromasseur sex toy\u0301s couple plaisir \u00e9galement pour la stimulateur clitoridien et anale.<br \/>\n&#8211; Gode vibro-masseur Sex Realiste.Vibromasseurs gode vibro-masseur va et vient est con\u00e7ue ergonomique, les lignes r\u00e9alistes apportent une nouvelle exp\u00e9rience. Les sextoy anals vibromasseurs convient \u00e0 la stimulation anale, au clitoris, au point g.<br \/>\n&#8211; Sex Toy\u0301s Femme Est Imperm\u00e9ables.Le vibromasseur, femme clitoridien puissant point G stimulation de se compose de silicone et la surface est tr\u00e8s douce et \u00e9lastique, le gode vibro-masseur prend soin de votre espace priv\u00e9. Le vibromasseur est \u00e9tanche ipx7 et vous pouvez m\u00eame en profiter sous la douche ou dans la baignoire. Apr\u00e8s utilisation, il peut \u00eatre lav\u00e9 \u00e0 l&#8217;eau courante.<br \/>\n&#8211; Vibromasseur, Femme Dlitoridien Puissant USB.Le sextoyse femme clitoridienne sexuel r\u00e9aliste comprend un moteur vibrant et peut \u00eatre utilis\u00e9 pendant 90 minutes avec une charge compl\u00e8te, vous n&#8217;avez donc pas \u00e0 vous soucier des piles. En m\u00eame temps, il est tr\u00e8s pratique \u00e0 transporter et sa taille compacte vous permet d&#8217;utiliser le sextoyse couple plaisir \u00e0 tout moment et n&#8217;importe o\u00f9.<br \/>\n&#8211; Service \u00e0 la Dlient\u00e8le Professionnel.Nous sommes un fabricant professionnel d&#8217;articles \u00e9rotiques et nous nous effor\u00e7ons toujours de fournir de meilleurs produits et services aux consommateurs. Si vous avez des questions sur ce produit, faites &#8211; le nous savoir la premi\u00e8re fois que vous nous contactez et nous le r\u00e9soudrons d\u00e8s que possible.<\/p>\n","protected":false},"excerpt":{"rendered":"<p>publicit\u00e9<br \/>\nVibromasseur Sex Toy\u0301s Femme Gode Vibro-masseur Avec 20 Mode 7 Vitesse de Vibration Vibromasseur, Femme Clitoridien Puissant IPX7 \u00c9tanche Avec Stimulation Point G S\u00e8\u1e8b toy\u0301spour pour femme<\/p>\n","protected":false},"featured_media":142,"comment_status":"open","ping_status":"closed","template":"","meta":[],"product_cat":[15],"product_tag":[],"class_list":{"0":"post-143","1":"product","2":"type-product","3":"status-publish","4":"has-post-thumbnail","6":"product_cat-sin-categorizar","7":"nodate","8":"item-wrap","10":"first","11":"instock","12":"shipping-taxable","13":"product-type-external"},"_links":{"self":[{"href":"https:\/\/lofimusic.com.es\/index.php\/wp-json\/wp\/v2\/product\/143","targetHints":{"allow":["GET"]}}],"collection":[{"href":"https:\/\/lofimusic.com.es\/index.php\/wp-json\/wp\/v2\/product"}],"about":[{"href":"https:\/\/lofimusic.com.es\/index.php\/wp-json\/wp\/v2\/types\/product"}],"replies":[{"embeddable":true,"href":"https:\/\/lofimusic.com.es\/index.php\/wp-json\/wp\/v2\/comments?post=143"}],"wp:featuredmedia":[{"embeddable":true,"href":"https:\/\/lofimusic.com.es\/index.php\/wp-json\/wp\/v2\/media\/142"}],"wp:attachment":[{"href":"https:\/\/lofimusic.com.es\/index.php\/wp-json\/wp\/v2\/media?parent=143"}],"wp:term":[{"taxonomy":"product_cat","embeddable":true,"href":"https:\/\/lofimusic.com.es\/index.php\/wp-json\/wp\/v2\/product_cat?post=143"},{"taxonomy":"product_tag","embeddable":true,"href":"https:\/\/lofimusic.com.es\/index.php\/wp-json\/wp\/v2\/product_tag?post=143"}],"curies":[{"name":"wp","href":"https:\/\/api.w.org\/{rel}","templated":true}]}}