{"id":141,"date":"2024-09-13T16:24:05","date_gmt":"2024-09-13T16:24:05","guid":{"rendered":"https:\/\/lofimusic.com.es\/index.php\/producto\/b0cz3h48j7_de\/"},"modified":"2024-09-13T16:24:05","modified_gmt":"2024-09-13T16:24:05","slug":"b0cz3h48j7_de","status":"publish","type":"product","link":"https:\/\/lofimusic.com.es\/index.php\/producto\/b0cz3h48j7_de\/","title":{"rendered":"B0CZ3H48J7_DE"},"content":{"rendered":"<p>&#8211; \u3010Reines Rosmarin\u00f6l f\u00fcr Haare und Haut\u3011: Unser exklusives Rosmarin\u00f6l verbindet die nat\u00fcrliche Kraft von Rosmarinextrakt mit der Feuchtigkeit spendenden Wirkung von Kokosnuss\u00f6l. Frei von jeglichen Zusatzstoffen, bietet es eine sichere und wirksame L\u00f6sung zur Unterst\u00fctzung des Haarwachstums und zur Hautpflege, indem es die Haarfollikel revitalisiert und die Haut tiefgehend n\u00e4hrt.<br \/>\n&#8211; \u3010Haarrevitalisierung auf nat\u00fcrliche Weise\u3011: Erfahren Sie die belebende Wirkung unseres \u00e4therischen Rosmarin\u00f6ls haare, das die Durchblutung der Kopfhaut f\u00f6rdert und so zu einem ges\u00fcnderen, kr\u00e4ftigeren Haarwuchs beitr\u00e4gt. Es hilft effektiv bei der Vorbeugung von Haarausfall und stimuliert das Wachstum an d\u00fcnn werdenden Stellen.<br \/>\n&#8211; \u3010Mehrfachnutzen f\u00fcr Sch\u00f6nheit und Wohlbefinden\u3011: \u00dcber seine Funktion als Haarpflegemittel hinaus, dient unser vielseitiges Rosemary Oil auch als luxuri\u00f6ses Hautpflege\u00f6l. In Kombination mit anderen \u00e4therischen \u00d6len verwandelt es sich in ein belebendes Reinigungs\u00f6l, das nicht nur die Haut pflegt, sondern auch f\u00fcr tiefe Entspannung sorgt und einen ruhigen Schlaf f\u00f6rdert.<br \/>\n&#8211; \u3010Einfachheit in der Anwendung\u3011: Nutzen Sie die Kraft unseres Rosemary Oil for Hair durch einfaches Einmassieren einer geringen Menge in Kopfhaut und Haare. Die regelm\u00e4\u00dfige Anwendung, idealerweise ein- bis zweimal t\u00e4glich, verleiht Ihrem Haar nat\u00fcrlichen Glanz und Vitalit\u00e4t.<br \/>\n&#8211; \u3010Unser Engagement f\u00fcr Ihre Zufriedenheit\u3011: Wir legen gr\u00f6\u00dften Wert auf die Qualit\u00e4t unserer Produkte und Ihren Service. F\u00fcr Fragen oder Unterst\u00fctzung nach dem Kauf stehen wir Ihnen gerne zur Verf\u00fcgung. Genie\u00dfen Sie unseren erstklassigen Kundenservice mit der M\u00f6glichkeit des problemlosen Umtauschs oder der R\u00fcckgabe.<\/p>\n","protected":false},"excerpt":{"rendered":"<p>Werbung<br \/>\nZynxel Rosmarin\u00f6l Haare,Rosemary Oil for Hair Growth(60ml), N\u00e4hrt die Kopfhaut und Verbessert das Haarwachstum,Stimuliert das Haarwachstum f\u00fcr M\u00e4nner Frauen<\/p>\n","protected":false},"featured_media":140,"comment_status":"open","ping_status":"closed","template":"","meta":[],"product_cat":[15],"product_tag":[],"class_list":{"0":"post-141","1":"product","2":"type-product","3":"status-publish","4":"has-post-thumbnail","6":"product_cat-sin-categorizar","7":"nodate","8":"item-wrap","10":"first","11":"instock","12":"shipping-taxable","13":"product-type-external"},"_links":{"self":[{"href":"https:\/\/lofimusic.com.es\/index.php\/wp-json\/wp\/v2\/product\/141","targetHints":{"allow":["GET"]}}],"collection":[{"href":"https:\/\/lofimusic.com.es\/index.php\/wp-json\/wp\/v2\/product"}],"about":[{"href":"https:\/\/lofimusic.com.es\/index.php\/wp-json\/wp\/v2\/types\/product"}],"replies":[{"embeddable":true,"href":"https:\/\/lofimusic.com.es\/index.php\/wp-json\/wp\/v2\/comments?post=141"}],"wp:featuredmedia":[{"embeddable":true,"href":"https:\/\/lofimusic.com.es\/index.php\/wp-json\/wp\/v2\/media\/140"}],"wp:attachment":[{"href":"https:\/\/lofimusic.com.es\/index.php\/wp-json\/wp\/v2\/media?parent=141"}],"wp:term":[{"taxonomy":"product_cat","embeddable":true,"href":"https:\/\/lofimusic.com.es\/index.php\/wp-json\/wp\/v2\/product_cat?post=141"},{"taxonomy":"product_tag","embeddable":true,"href":"https:\/\/lofimusic.com.es\/index.php\/wp-json\/wp\/v2\/product_tag?post=141"}],"curies":[{"name":"wp","href":"https:\/\/api.w.org\/{rel}","templated":true}]}}