{"id":139,"date":"2024-09-13T16:24:04","date_gmt":"2024-09-13T16:24:04","guid":{"rendered":"https:\/\/lofimusic.com.es\/index.php\/producto\/b0c1vbm1hh_it\/"},"modified":"2024-09-13T16:24:04","modified_gmt":"2024-09-13T16:24:04","slug":"b0c1vbm1hh_it","status":"publish","type":"product","link":"https:\/\/lofimusic.com.es\/index.php\/producto\/b0c1vbm1hh_it\/","title":{"rendered":"B0C1VBM1HH_IT"},"content":{"rendered":"<p>&#8211; ?i?o Do?n? ?e?list?ic\u00f2 ?il?\u00f2 Realistic ?o?o Xxl Gig?nt? ?en? ?int\u00f2 For Do?n? ?ex ?oyscop?ia ?o??a ?o?o ?e?y Acquista oggetti caldi ?ex ?oys ?id? con ventosa realistica<br \/>\n&#8211; Dispositivo di stimolazione sessuale<br \/>\n&#8211; Apparecchi per la cura personale<\/p>\n","protected":false},"excerpt":{"rendered":"<p>pubblicit\u00e0<br \/>\n\u1e0ei\u1e0bo Do\u1e45n\u1e15 \u1e58e\u0101lis\u1e6dic\u00f2 per \u1e74o\u1e3fo, \u1e0e\u00ec\u0111\u00f2 Pe\u0146\u0119 R\u1e15\u1eaflisti\u00e7\u00f8,\u1e12ild\u00f2 \u1e5aealistico,\u1e0eild\u00f2 Ventosa,\u1e54ene \u1e1eint\u0275 per \u1e12onn\u0113, Fall\u012b \u1e5aeali\u1e61t\u012bci per Do\u1e45n\u0101 19.2cm,D\u012bd\u00f2 Silicone Realistico \u1e12id\u1e53 \u00c5nal\u1e2f Don\u1e45a\uff08Caf\uff09<\/p>\n","protected":false},"featured_media":138,"comment_status":"open","ping_status":"closed","template":"","meta":[],"product_cat":[15],"product_tag":[],"class_list":{"0":"post-139","1":"product","2":"type-product","3":"status-publish","4":"has-post-thumbnail","6":"product_cat-sin-categorizar","7":"nodate","8":"item-wrap","10":"first","11":"instock","12":"shipping-taxable","13":"product-type-external"},"_links":{"self":[{"href":"https:\/\/lofimusic.com.es\/index.php\/wp-json\/wp\/v2\/product\/139","targetHints":{"allow":["GET"]}}],"collection":[{"href":"https:\/\/lofimusic.com.es\/index.php\/wp-json\/wp\/v2\/product"}],"about":[{"href":"https:\/\/lofimusic.com.es\/index.php\/wp-json\/wp\/v2\/types\/product"}],"replies":[{"embeddable":true,"href":"https:\/\/lofimusic.com.es\/index.php\/wp-json\/wp\/v2\/comments?post=139"}],"wp:featuredmedia":[{"embeddable":true,"href":"https:\/\/lofimusic.com.es\/index.php\/wp-json\/wp\/v2\/media\/138"}],"wp:attachment":[{"href":"https:\/\/lofimusic.com.es\/index.php\/wp-json\/wp\/v2\/media?parent=139"}],"wp:term":[{"taxonomy":"product_cat","embeddable":true,"href":"https:\/\/lofimusic.com.es\/index.php\/wp-json\/wp\/v2\/product_cat?post=139"},{"taxonomy":"product_tag","embeddable":true,"href":"https:\/\/lofimusic.com.es\/index.php\/wp-json\/wp\/v2\/product_tag?post=139"}],"curies":[{"name":"wp","href":"https:\/\/api.w.org\/{rel}","templated":true}]}}