{"id":137,"date":"2024-09-13T16:21:06","date_gmt":"2024-09-13T16:21:06","guid":{"rendered":"https:\/\/lofimusic.com.es\/index.php\/producto\/b08p7qnfbt_fr\/"},"modified":"2024-09-13T16:21:06","modified_gmt":"2024-09-13T16:21:06","slug":"b08p7qnfbt_fr","status":"publish","type":"product","link":"https:\/\/lofimusic.com.es\/index.php\/producto\/b08p7qnfbt_fr\/","title":{"rendered":"B08P7QNFBT_FR"},"content":{"rendered":"<p>&#8211; \ud83d\udd1d PROBIOTIQUES (40 MILLIARDS EN LIB\u00c9RATION PROLONG\u00c9E) + PR\u00c9BIOTIQUES: Probion contient 40 milliards d&#8217;UFC par dose (2 g\u00e9lules) des principales souches probiotiques: Bifidobacterium Bifidum, Lactobacillus Breve, Lactobacillus Lactis, Lactobacillus Casei, Lactobacillus Plantarum. De plus, nous avons ajout\u00e9 deux pr\u00e9biotiques tr\u00e8s importants: l&#8217;inuline et le FOS, qui sont essentiels pour la croissance du microbiote intestinal et pour une flore bact\u00e9rienne intestinale forte et saine!<br \/>\n&#8211; \ud83c\udf31 AM\u00c9LIOR\u00c9 AVEC ENZYMES DIGESTIVES, BAMBOU ET CHAMOMILE: Notre mission est de rendre votre intestin heureux et nous l&#8217;avons accomplie en cr\u00e9ant Probion, le produit le plus complet pour le bien-\u00eatre gastro-intestinal: enzymes digestives Enzi-Mix (amylase, prot\u00e9ase, glucoamylase, lipase, cellulase, lactase, pectinase) qui favorisent la fonction digestive! De plus, nous avons inclus Bambou et de Camomille qui \u00e9liminent les gaz intestinaux, pour dire adieu \u00e0 la sensation de ballonnements!<br \/>\n&#8211; \u23f1 CAPSULES V\u00c9G\u00c9TALES GASTROR\u00c9SISTANTES \u00c0 LIB\u00c9RATION LENTE: Les probiotiques sont tr\u00e8s sensibles \u00e0 l&#8217;action destructrice des sucs gastriques, c&#8217;est pourquoi nous avons utilis\u00e9 des g\u00e9lules gastro-r\u00e9sistantes \u00e0 lib\u00e9ration prolong\u00e9e. Cela permet aux probiotiques d&#8217;arriver vivants et sains dans l&#8217;intestin, de remplir leurs fonctions de la meilleure fa\u00e7on possible! De plus, nos capsules sont 100% v\u00e9g\u00e9tales, sans g\u00e9latine animale.<br \/>\n&#8211; \ud83d\udd30 HAPPY INTESTIN ET RENFORCEMENT IMMUNITAIRE: En plus de maintenir un intestin heureux, les probiotiques jouent un r\u00f4le tr\u00e8s important dans le renforcement de nos d\u00e9fenses immunitaires. Dans Probion, nous avons utilis\u00e9 les esp\u00e8ces qui remplissent le plus ces fonctions (Lactobacillus et Bifidobacterium). Et ce n&#8217;est pas tout: nous avons compl\u00e9t\u00e9 la formule avec l&#8217;ajout de vitamine D3 et de vitamine B12, essentielles pour un intestin heureux et un syst\u00e8me immunitaire sain et fort<br \/>\n&#8211; \ud83c\uddea\ud83c\uddfa FABRIQU\u00c9 EN EUROPE, 100% NATUREL, SANS ST\u00c9ARATE DE MAGN\u00c9SIUM, GLUTEN ET LACTOSE. Probion est produit en Europe dans des installations sp\u00e9cialis\u00e9es: vous n&#8217;aurez donc pas de suppl\u00e9ment d&#8217;origine douteuse de votre c\u00f4t\u00e9, mais vous pouvez compter sur un suppl\u00e9ment 100% europ\u00e9en, bien structur\u00e9, avec des normes de qualit\u00e9 tr\u00e8s \u00e9lev\u00e9es. Si vous avez des questions, n&#8217;h\u00e9sitez pas \u00e0 nous contacter et nous serons heureux de vous aider!<\/p>\n","protected":false},"excerpt":{"rendered":"<p>publicit\u00e9<br \/>\nPROBION\u00ae | Probiotique Flore Intestinale | Ferments Lactiques | 40 milliards CFU | + Enzi-Mix\u2122 Enzymes Digestives + Vitamines + Bambou et Camomille pour \u00e9liminer les gaz intestinaux | 30 CPS Retard<\/p>\n","protected":false},"featured_media":136,"comment_status":"open","ping_status":"closed","template":"","meta":[],"product_cat":[15],"product_tag":[],"class_list":{"0":"post-137","1":"product","2":"type-product","3":"status-publish","4":"has-post-thumbnail","6":"product_cat-sin-categorizar","7":"nodate","8":"item-wrap","10":"first","11":"instock","12":"shipping-taxable","13":"product-type-external"},"_links":{"self":[{"href":"https:\/\/lofimusic.com.es\/index.php\/wp-json\/wp\/v2\/product\/137","targetHints":{"allow":["GET"]}}],"collection":[{"href":"https:\/\/lofimusic.com.es\/index.php\/wp-json\/wp\/v2\/product"}],"about":[{"href":"https:\/\/lofimusic.com.es\/index.php\/wp-json\/wp\/v2\/types\/product"}],"replies":[{"embeddable":true,"href":"https:\/\/lofimusic.com.es\/index.php\/wp-json\/wp\/v2\/comments?post=137"}],"wp:featuredmedia":[{"embeddable":true,"href":"https:\/\/lofimusic.com.es\/index.php\/wp-json\/wp\/v2\/media\/136"}],"wp:attachment":[{"href":"https:\/\/lofimusic.com.es\/index.php\/wp-json\/wp\/v2\/media?parent=137"}],"wp:term":[{"taxonomy":"product_cat","embeddable":true,"href":"https:\/\/lofimusic.com.es\/index.php\/wp-json\/wp\/v2\/product_cat?post=137"},{"taxonomy":"product_tag","embeddable":true,"href":"https:\/\/lofimusic.com.es\/index.php\/wp-json\/wp\/v2\/product_tag?post=137"}],"curies":[{"name":"wp","href":"https:\/\/api.w.org\/{rel}","templated":true}]}}