{"id":13448,"date":"2025-03-18T08:49:39","date_gmt":"2025-03-18T08:49:39","guid":{"rendered":"https:\/\/lofimusic.com.es\/index.php\/producto\/b0d2rhsbth_es\/"},"modified":"2025-03-18T08:49:39","modified_gmt":"2025-03-18T08:49:39","slug":"b0d2rhsbth_es","status":"publish","type":"product","link":"https:\/\/lofimusic.com.es\/index.php\/producto\/b0d2rhsbth_es\/","title":{"rendered":"B0D2RHSBTH_ES"},"content":{"rendered":"<p>&#8211; \u3010Powerful &amp; Effective Cleaning\u3011HYCHIKA electric pressure washer offers a high pressure of 1600 PSI \/ 110 Bar, which ensures effective and thorough cleaning. Say goodbye to stubborn dirt, dirt, and stains on a variety of surfaces, including cars, wooden walls, floors, tiles and seats.<br \/>\n&#8211; \u3010Versatile &amp; Practical\u3011 With dual uses of tap and bucket water, our motorized electric washer is suitable for a variety of scenarios. Connect it to a water source or simply dip the suction tube into a bucket to start cleaning. Experience the ultimate in flexibility and convenience.<br \/>\n&#8211; \u3010Energy Saving Design\u3011. Unlike traditional pressure washers, this electric pressure washer automatically stops when you release the trigger, saving energy and reducing water consumption. It is a smart and eco-friendly choice for your cleaning tasks.<br \/>\n&#8211; \u3010Portable &amp; Easy to Store\u3011. Weighing only 14 pounds and equipped with non-slip rollers, this portable car wash machine is easy to move and maneuver. It also features a compact design for easy storage, making it an ideal choice for homeowners or professionals on the go.<br \/>\n&#8211; \u3010Complete Cleaning Solution\u3011This pressure washer comes with a range of accessories and offers strong upgradability. Includes everything needed for a thorough cleaning experience.<\/p>\n","protected":false},"excerpt":{"rendered":"<p>Publicidad HYCHIKA Hidrolimpiadora, 110 Bar Max. 410 l\/h Caudal 1500W Lavacoches Port\u00e1til con Dep\u00f3sito de Espuma, Manguera de Alta Presi\u00f3n 5m, Cable 5m, hidrolavadora Ideal para Coches Vallas Patios<\/p>\n","protected":false},"featured_media":13447,"comment_status":"open","ping_status":"closed","template":"","meta":[],"product_cat":[15],"product_tag":[],"class_list":{"0":"post-13448","1":"product","2":"type-product","3":"status-publish","4":"has-post-thumbnail","6":"product_cat-sin-categorizar","7":"nodate","8":"item-wrap","10":"first","11":"instock","12":"shipping-taxable","13":"product-type-external"},"_links":{"self":[{"href":"https:\/\/lofimusic.com.es\/index.php\/wp-json\/wp\/v2\/product\/13448","targetHints":{"allow":["GET"]}}],"collection":[{"href":"https:\/\/lofimusic.com.es\/index.php\/wp-json\/wp\/v2\/product"}],"about":[{"href":"https:\/\/lofimusic.com.es\/index.php\/wp-json\/wp\/v2\/types\/product"}],"replies":[{"embeddable":true,"href":"https:\/\/lofimusic.com.es\/index.php\/wp-json\/wp\/v2\/comments?post=13448"}],"wp:featuredmedia":[{"embeddable":true,"href":"https:\/\/lofimusic.com.es\/index.php\/wp-json\/wp\/v2\/media\/13447"}],"wp:attachment":[{"href":"https:\/\/lofimusic.com.es\/index.php\/wp-json\/wp\/v2\/media?parent=13448"}],"wp:term":[{"taxonomy":"product_cat","embeddable":true,"href":"https:\/\/lofimusic.com.es\/index.php\/wp-json\/wp\/v2\/product_cat?post=13448"},{"taxonomy":"product_tag","embeddable":true,"href":"https:\/\/lofimusic.com.es\/index.php\/wp-json\/wp\/v2\/product_tag?post=13448"}],"curies":[{"name":"wp","href":"https:\/\/api.w.org\/{rel}","templated":true}]}}