{"id":13446,"date":"2025-03-17T22:22:58","date_gmt":"2025-03-17T22:22:58","guid":{"rendered":"https:\/\/lofimusic.com.es\/index.php\/producto\/b0dtk1zg2j_fr\/"},"modified":"2025-03-17T22:22:58","modified_gmt":"2025-03-17T22:22:58","slug":"b0dtk1zg2j_fr","status":"publish","type":"product","link":"https:\/\/lofimusic.com.es\/index.php\/producto\/b0dtk1zg2j_fr\/","title":{"rendered":"B0DTK1ZG2J_FR"},"content":{"rendered":"<p>&#8211; Grande Capacit\u00e9 de Rangement &#8211; La table d&#8217;entr\u00e9e dispose d&#8217;une grande surface de table qui permet de placer plusieurs objets tels que des livres, des vases et bien d&#8217;autres, tout en offrant un grand tiroir pour ranger des objets personnels.<br \/>\n&#8211; Apparence Raffin\u00e9e et Design Polyvalent &#8211; Elle peut \u00eatre utilis\u00e9e comme table d&#8217;entr\u00e9e dans le hall d&#8217;entr\u00e9e ou comme table d&#8217;appoint dans le salon. L&#8217;apparence en bois de la table et le design artisanal en rotin du tiroir se compl\u00e8tent et s&#8217;adaptent \u00e0 divers styles d\u00e9coratifs, ajoutant un charme boh\u00e8me unique \u00e0 votre int\u00e9rieur.<br \/>\n&#8211; Structure Stable &#8211; Les quatre pieds sont \u00e9quip\u00e9s de patins antid\u00e9rapants pour plus de stabilit\u00e9. Les pieds et la table sont renforc\u00e9s avec des \u00e9l\u00e9ments m\u00e9talliques pour \u00e9viter tout basculement ou oscillation. De plus, un dispositif anti-basculement est inclus pour fixer la table au mur, id\u00e9ale pour les foyers avec des enfants et des animaux domestiques.<br \/>\n&#8211; Maison Ordonn\u00e9e &#8211; La surface de la table est facile \u00e0 nettoyer, il suffit de passer un chiffon humide pour la garder propre. L&#8217;espace sous la table permet \u00e0 un robot aspirateur de nettoyer facilement sous la table, garantissant ainsi un environnement domestique propre et rang\u00e9.<br \/>\n&#8211; Montage et Utilisation Simples &#8211; La table d&#8217;entr\u00e9e est livr\u00e9e avec des instructions pour un montage facile. Le tiroir de la table d&#8217;entr\u00e9e est \u00e9quip\u00e9 de poign\u00e9es et de glissi\u00e8res m\u00e9talliques pour faciliter son ouverture et sa fermeture.<\/p>\n","protected":false},"excerpt":{"rendered":"<p>publicit\u00e9GIANTEX Table Console 88 X 77 X 40 CM, Meuble d&#8217;entr\u00e9e \u00c9troit avec Tiroir, Grande Surface, Pieds Antid\u00e9rapants, Dispositif Anti-basculement, Table d&#8217;Entr\u00e9e pour Salon, Chambre, Naturel<\/p>\n","protected":false},"featured_media":13445,"comment_status":"open","ping_status":"closed","template":"","meta":[],"product_cat":[15],"product_tag":[],"class_list":{"0":"post-13446","1":"product","2":"type-product","3":"status-publish","4":"has-post-thumbnail","6":"product_cat-sin-categorizar","7":"nodate","8":"item-wrap","10":"first","11":"instock","12":"shipping-taxable","13":"product-type-external"},"_links":{"self":[{"href":"https:\/\/lofimusic.com.es\/index.php\/wp-json\/wp\/v2\/product\/13446","targetHints":{"allow":["GET"]}}],"collection":[{"href":"https:\/\/lofimusic.com.es\/index.php\/wp-json\/wp\/v2\/product"}],"about":[{"href":"https:\/\/lofimusic.com.es\/index.php\/wp-json\/wp\/v2\/types\/product"}],"replies":[{"embeddable":true,"href":"https:\/\/lofimusic.com.es\/index.php\/wp-json\/wp\/v2\/comments?post=13446"}],"wp:featuredmedia":[{"embeddable":true,"href":"https:\/\/lofimusic.com.es\/index.php\/wp-json\/wp\/v2\/media\/13445"}],"wp:attachment":[{"href":"https:\/\/lofimusic.com.es\/index.php\/wp-json\/wp\/v2\/media?parent=13446"}],"wp:term":[{"taxonomy":"product_cat","embeddable":true,"href":"https:\/\/lofimusic.com.es\/index.php\/wp-json\/wp\/v2\/product_cat?post=13446"},{"taxonomy":"product_tag","embeddable":true,"href":"https:\/\/lofimusic.com.es\/index.php\/wp-json\/wp\/v2\/product_tag?post=13446"}],"curies":[{"name":"wp","href":"https:\/\/api.w.org\/{rel}","templated":true}]}}