{"id":13444,"date":"2025-03-17T22:21:08","date_gmt":"2025-03-17T22:21:08","guid":{"rendered":"https:\/\/lofimusic.com.es\/index.php\/producto\/b0d2617z47_fr\/"},"modified":"2025-03-17T22:21:08","modified_gmt":"2025-03-17T22:21:08","slug":"b0d2617z47_fr","status":"publish","type":"product","link":"https:\/\/lofimusic.com.es\/index.php\/producto\/b0d2617z47_fr\/","title":{"rendered":"B0D2617Z47_FR"},"content":{"rendered":"<p>&#8211; \u26fa\ufe5fRobuste &amp; durable\ufe5f Le cadre de la tente de vestiaire est en acier de haute qualit\u00e9 et est tr\u00e8s durable. Gr\u00e2ce \u00e0 4 clous de sol, la tente peut \u00eatre parfaitement fix\u00e9e au sol.<br \/>\n&#8211; \u26fa\ufe5fSyst\u00e8me pop-up\ufe5f Le syst\u00e8me pop-up de la tente permet de la monter et de la d\u00e9monter en quelques minutes. Aucun autre travail de montage n&#8217;est n\u00e9cessaire, ce qui leur permet de profiter pleinement du temps pass\u00e9 en plein air.<br \/>\n&#8211; \u26fa\ufe5fDesign convivial\ufe5f \u00c0 gauche de l&#8217;entr\u00e9e se trouve une fen\u00eatre, optimale pour faire entrer de l&#8217;air frais dans la tente. L&#8217;entr\u00e9e est munie d&#8217;une fermeture \u00e9clair et des poches suspendues sont \u00e9galement pr\u00e9vues pour ranger de petits objets.<br \/>\n&#8211; \u26fa\ufe5fUtilisation multifonctionnelle\ufe5f Emportez la tente en camping, \u00e0 la p\u00eache ou simplement pour un bon pique-nique.<br \/>\n&#8211; \u26fa\ufe5fConfortable \u00e0 porter\ufe5f Une fois pli\u00e9e, la tente est tr\u00e8s compacte. Son poids net n&#8217;est que de 2,4 kg, ce qui la rend tr\u00e8s facile \u00e0 transporter. Un sac de transport adapt\u00e9 est inclus dans la livraison.<\/p>\n","protected":false},"excerpt":{"rendered":"<p>publicit\u00e9GYMAX Tente \u00e0 Langer 1 Personne 120x120x190CM, Tente Pop Up, Toilette Portable avec Fen\u00eatre, Sac de Rangemnt, Fermetures \u00c9clair, Cadre en Acier, pour Ext\u00e9rieur, Camping, Randonn\u00e9e, P\u00eache (Vert)<\/p>\n","protected":false},"featured_media":13443,"comment_status":"open","ping_status":"closed","template":"","meta":[],"product_cat":[15],"product_tag":[],"class_list":{"0":"post-13444","1":"product","2":"type-product","3":"status-publish","4":"has-post-thumbnail","6":"product_cat-sin-categorizar","7":"nodate","8":"item-wrap","10":"first","11":"instock","12":"shipping-taxable","13":"product-type-external"},"_links":{"self":[{"href":"https:\/\/lofimusic.com.es\/index.php\/wp-json\/wp\/v2\/product\/13444","targetHints":{"allow":["GET"]}}],"collection":[{"href":"https:\/\/lofimusic.com.es\/index.php\/wp-json\/wp\/v2\/product"}],"about":[{"href":"https:\/\/lofimusic.com.es\/index.php\/wp-json\/wp\/v2\/types\/product"}],"replies":[{"embeddable":true,"href":"https:\/\/lofimusic.com.es\/index.php\/wp-json\/wp\/v2\/comments?post=13444"}],"wp:featuredmedia":[{"embeddable":true,"href":"https:\/\/lofimusic.com.es\/index.php\/wp-json\/wp\/v2\/media\/13443"}],"wp:attachment":[{"href":"https:\/\/lofimusic.com.es\/index.php\/wp-json\/wp\/v2\/media?parent=13444"}],"wp:term":[{"taxonomy":"product_cat","embeddable":true,"href":"https:\/\/lofimusic.com.es\/index.php\/wp-json\/wp\/v2\/product_cat?post=13444"},{"taxonomy":"product_tag","embeddable":true,"href":"https:\/\/lofimusic.com.es\/index.php\/wp-json\/wp\/v2\/product_tag?post=13444"}],"curies":[{"name":"wp","href":"https:\/\/api.w.org\/{rel}","templated":true}]}}