{"id":13442,"date":"2025-03-17T22:17:16","date_gmt":"2025-03-17T22:17:16","guid":{"rendered":"https:\/\/lofimusic.com.es\/index.php\/producto\/b0dk3rrqnh_fr\/"},"modified":"2025-03-17T22:17:16","modified_gmt":"2025-03-17T22:17:16","slug":"b0dk3rrqnh_fr","status":"publish","type":"product","link":"https:\/\/lofimusic.com.es\/index.php\/producto\/b0dk3rrqnh_fr\/","title":{"rendered":"B0DK3RRQNH_FR"},"content":{"rendered":"<p>&#8211; \u3010Roue universelle\u3011Faites l&#8217;exp\u00e9rience d&#8217;une mobilit\u00e9 in\u00e9gal\u00e9e avec notre tabouret de r\u00e9paration flexible. \u00c9quip\u00e9 de 4 roues universelles, ce tabouret peut glisser en douceur dans votre garage, usine ou atelier de r\u00e9paration avec un maximum d&#8217;efficacit\u00e9, vous offrant une grande mobilit\u00e9 pour effectuer les t\u00e2ches de r\u00e9paration.<br \/>\n&#8211; \u3010Gardez les outils \u00e0 port\u00e9e de main\u3011Notre tabouret de m\u00e9canicien dispose d&#8217;un plateau de rangement pratique permet un acc\u00e8s facile \u00e0 vos outils essentiels tels que des tournevis, des pinces et des marteaux. Vous pouvez simplifier votre travail et augmenter votre productivit\u00e9 en r\u00e9duisant le temps pass\u00e9 \u00e0 rechercher des outils.<br \/>\n&#8211; \u3010Exp\u00e9rience d&#8217;assise confortable in\u00e9gal\u00e9e\u3011Recouvert de PVC et rempli d&#8217;\u00e9ponge, notre tabouret pivotant offre une surface d&#8217;assise confortable, m\u00eame pour des travaux de r\u00e9paration prolong\u00e9s. La conception ergonomique de si\u00e8ge permet d&#8217;optimiser votre posture et de soulager l&#8217;inconfort des longues heures pass\u00e9es \u00e0 se pencher.<br \/>\n&#8211; \u3010Hauteur du si\u00e8ge r\u00e9glable\u3011Plus de conditions d&#8217;assise difficiles, notre si\u00e8ge est \u00e9quip\u00e9 d&#8217;une tige pneumatique de classe 3 haut de gamme pour un r\u00e9glage sans effort de la hauteur. D&#8217;une seule main, vous pouvez varier la hauteur du si\u00e8ge pour r\u00e9pondre \u00e0 vos besoins particuliers.<br \/>\n&#8211; \u3010Construction robuste\u3011Con\u00e7u avec une structure robuste, notre si\u00e8ge de m\u00e9canicien roulant est dot\u00e9 d&#8217;un cadre en m\u00e9tal de haute qualit\u00e9 avec une capacit\u00e9 de charge de 150 kg. De plus, fabriqu\u00e9 \u00e0 partir d&#8217;un mat\u00e9riau m\u00e9tallique de premi\u00e8re qualit\u00e9, il est recouvert d&#8217;une peinture imperm\u00e9able pour une longue dur\u00e9e de vie.<\/p>\n","protected":false},"excerpt":{"rendered":"<p>publicit\u00e9COSTWAY Tabouret d&#8217;Atelier Roulant R\u00e9glable en Hauteur 66,6-79,5 cm, Si\u00e8ge de M\u00e9canicien avec Plateau \u00e0 Outils 4 Roues Universelles Charge 150 kg, pour Garage Atelier (Noir)<\/p>\n","protected":false},"featured_media":13441,"comment_status":"open","ping_status":"closed","template":"","meta":[],"product_cat":[15],"product_tag":[],"class_list":{"0":"post-13442","1":"product","2":"type-product","3":"status-publish","4":"has-post-thumbnail","6":"product_cat-sin-categorizar","7":"nodate","8":"item-wrap","10":"first","11":"instock","12":"shipping-taxable","13":"product-type-external"},"_links":{"self":[{"href":"https:\/\/lofimusic.com.es\/index.php\/wp-json\/wp\/v2\/product\/13442","targetHints":{"allow":["GET"]}}],"collection":[{"href":"https:\/\/lofimusic.com.es\/index.php\/wp-json\/wp\/v2\/product"}],"about":[{"href":"https:\/\/lofimusic.com.es\/index.php\/wp-json\/wp\/v2\/types\/product"}],"replies":[{"embeddable":true,"href":"https:\/\/lofimusic.com.es\/index.php\/wp-json\/wp\/v2\/comments?post=13442"}],"wp:featuredmedia":[{"embeddable":true,"href":"https:\/\/lofimusic.com.es\/index.php\/wp-json\/wp\/v2\/media\/13441"}],"wp:attachment":[{"href":"https:\/\/lofimusic.com.es\/index.php\/wp-json\/wp\/v2\/media?parent=13442"}],"wp:term":[{"taxonomy":"product_cat","embeddable":true,"href":"https:\/\/lofimusic.com.es\/index.php\/wp-json\/wp\/v2\/product_cat?post=13442"},{"taxonomy":"product_tag","embeddable":true,"href":"https:\/\/lofimusic.com.es\/index.php\/wp-json\/wp\/v2\/product_tag?post=13442"}],"curies":[{"name":"wp","href":"https:\/\/api.w.org\/{rel}","templated":true}]}}