{"id":13438,"date":"2025-03-17T22:13:40","date_gmt":"2025-03-17T22:13:40","guid":{"rendered":"https:\/\/lofimusic.com.es\/index.php\/producto\/b0dmndh1r3_fr\/"},"modified":"2025-03-17T22:13:40","modified_gmt":"2025-03-17T22:13:40","slug":"b0dmndh1r3_fr","status":"publish","type":"product","link":"https:\/\/lofimusic.com.es\/index.php\/producto\/b0dmndh1r3_fr\/","title":{"rendered":"B0DMNDH1R3_FR"},"content":{"rendered":"<p>&#8211; \u3010Mat\u00e9riau Adapt\u00e9 aux Enfant\u3011Fabriqu\u00e9 en PVC r\u00e9sistant aux perforations et portable, ce lit de voyage gonflable est tr\u00e8s solide et con\u00e7u pour durer. Le design sans couture et de rebords de lit sur\u00e9lev\u00e9s assurent un sommeil confortable et s\u00fbr.<br \/>\n&#8211; \u3010Matelas Pneumatique Double Face\u3011Con\u00e7u pour le confort et la praticit\u00e9, le matelas pneumatique pr\u00e9sente un design double face unique avec une surface floqu\u00e9e douce d&#8217;un c\u00f4t\u00e9 et une surface en PVC lisse de l&#8217;autre.<br \/>\n&#8211; \u3010Conception Multifonctionnelle\u3011Ce lit gonflable enfants comprend 2 parties : le matelas et le lit. Le matelas peut \u00eatre retir\u00e9 pour le divertissement selon vos besoins. Apr\u00e8s avoir retir\u00e9 le matelas, le lit gonflable peut \u00eatre utilis\u00e9 comme une piscine \u00e0 jouets.<br \/>\n&#8211; \u3010Gonflage et D\u00e9gonflage Rapides\u3011Avec la pompe \u00e9lectrique incluse et les 3 buses interconnect\u00e9es, ce matelas gonflable pour enfants peut \u00eatre enti\u00e8rement gonfl\u00e9 en 30 secondes.Remarque : il est recommand\u00e9 de gonfler environ 80 \u00e0 90 %, en particulier par temps chaud.<br \/>\n&#8211; \u3010Conception Portable\u3011Ce lit de voyage gonflable pour tout-petits est livr\u00e9 avec un sac de rangement pour le garder bien emball\u00e9 et pr\u00eat \u00e0 l&#8217;emploi. De plus, des rustines de r\u00e9paration sont incluses pour r\u00e9parer les perforations ou les d\u00e9chirures.<\/p>\n","protected":false},"excerpt":{"rendered":"<p>publicit\u00e9COSTWAY Lit de Voyage Gonflable Enfant avec Matelas Pneumatique &amp; Amovible, Lit Gonflable en PVC avec Sac de Transport, Rebords Sur\u00e9lev\u00e9s, Charge 150kg pour Enfant de 18-24 Mois (Gris)<\/p>\n","protected":false},"featured_media":13437,"comment_status":"open","ping_status":"closed","template":"","meta":[],"product_cat":[15],"product_tag":[],"class_list":{"0":"post-13438","1":"product","2":"type-product","3":"status-publish","4":"has-post-thumbnail","6":"product_cat-sin-categorizar","7":"nodate","8":"item-wrap","10":"first","11":"instock","12":"shipping-taxable","13":"product-type-external"},"_links":{"self":[{"href":"https:\/\/lofimusic.com.es\/index.php\/wp-json\/wp\/v2\/product\/13438","targetHints":{"allow":["GET"]}}],"collection":[{"href":"https:\/\/lofimusic.com.es\/index.php\/wp-json\/wp\/v2\/product"}],"about":[{"href":"https:\/\/lofimusic.com.es\/index.php\/wp-json\/wp\/v2\/types\/product"}],"replies":[{"embeddable":true,"href":"https:\/\/lofimusic.com.es\/index.php\/wp-json\/wp\/v2\/comments?post=13438"}],"wp:featuredmedia":[{"embeddable":true,"href":"https:\/\/lofimusic.com.es\/index.php\/wp-json\/wp\/v2\/media\/13437"}],"wp:attachment":[{"href":"https:\/\/lofimusic.com.es\/index.php\/wp-json\/wp\/v2\/media?parent=13438"}],"wp:term":[{"taxonomy":"product_cat","embeddable":true,"href":"https:\/\/lofimusic.com.es\/index.php\/wp-json\/wp\/v2\/product_cat?post=13438"},{"taxonomy":"product_tag","embeddable":true,"href":"https:\/\/lofimusic.com.es\/index.php\/wp-json\/wp\/v2\/product_tag?post=13438"}],"curies":[{"name":"wp","href":"https:\/\/api.w.org\/{rel}","templated":true}]}}