{"id":13436,"date":"2025-03-17T21:56:00","date_gmt":"2025-03-17T21:56:00","guid":{"rendered":"https:\/\/lofimusic.com.es\/index.php\/producto\/b0dmvmx5ns_fr\/"},"modified":"2025-03-17T21:56:00","modified_gmt":"2025-03-17T21:56:00","slug":"b0dmvmx5ns_fr","status":"publish","type":"product","link":"https:\/\/lofimusic.com.es\/index.php\/producto\/b0dmvmx5ns_fr\/","title":{"rendered":"B0DMVMX5NS_FR"},"content":{"rendered":"<p>&#8211; \u00c9tag\u00e8re Echelle \u00e0 6 Niveaux &#8211; Cette \u00e9tag\u00e8re \u00e9chelle \u00e0 6 niveaux est con\u00e7ue avec une grande capacit\u00e9 de stockage, offrant un espace de rangement spacieux pour divers articles. Sa conception \u00e0 \u00e9tag\u00e8re ouverte permet un acc\u00e8s facile \u00e0 vos effets personnels.<br \/>\n&#8211; Cadre en M\u00e9tal Robuste &#8211; Construite avec un cadre en m\u00e9tal robuste, cette biblioth\u00e8que est con\u00e7ue pour durer. Sa construction solide garantit qu&#8217;elle peut supporter des objets lourds, offrant une solution de stockage fiable pour votre espace.<br \/>\n&#8211; Montage Facile &#8211; L&#8217;\u00e9tag\u00e8re murale est livr\u00e9e avec les accessoires de montage n\u00e9cessaires, ce qui facilite l&#8217;installation. Elle permet d&#8217;\u00e9conomiser de l&#8217;espace au sol et d&#8217;utiliser pleinement votre surface murale.<br \/>\n&#8211; Pr\u00e9sentation Polyvalente et Attrayante &#8211; Avec un style industriel et un design ouvert moderne, cette \u00e9tag\u00e8re \u00e9chelle \u00e0 6 niveaux est un ajout \u00e9l\u00e9gant \u00e0 n&#8217;importe quelle pi\u00e8ce. Elle est id\u00e9ale pour exposer des livres, des plantes ou des objets d\u00e9coratifs.<br \/>\n&#8211; Design Pratique et Peu Encombrant &#8211; Le d\u00e9gagement au sol de 28 cm offre suffisamment d&#8217;espace pour un balayage facile. Avec un design peu encombrant, l&#8217;\u00e9tag\u00e8re de rangement ouverte est un choix id\u00e9al pour votre salon, votre chambre ou votre bureau \u00e0 domicile.<\/p>\n","protected":false},"excerpt":{"rendered":"<p>publicit\u00e9GIANTEX \u00c9tag\u00e8re \u00c9chelle 180 CM, Biblioth\u00e8que Murale \u00e0 6 Niveaux avec Cadre en M\u00e9tal, Dispositif Anti-basculement, Meuble Rangement de Livres Charge 120 KG, pour Salon, Chambre (Marron)<\/p>\n","protected":false},"featured_media":13435,"comment_status":"open","ping_status":"closed","template":"","meta":[],"product_cat":[15],"product_tag":[],"class_list":{"0":"post-13436","1":"product","2":"type-product","3":"status-publish","4":"has-post-thumbnail","6":"product_cat-sin-categorizar","7":"nodate","8":"item-wrap","10":"first","11":"instock","12":"shipping-taxable","13":"product-type-external"},"_links":{"self":[{"href":"https:\/\/lofimusic.com.es\/index.php\/wp-json\/wp\/v2\/product\/13436","targetHints":{"allow":["GET"]}}],"collection":[{"href":"https:\/\/lofimusic.com.es\/index.php\/wp-json\/wp\/v2\/product"}],"about":[{"href":"https:\/\/lofimusic.com.es\/index.php\/wp-json\/wp\/v2\/types\/product"}],"replies":[{"embeddable":true,"href":"https:\/\/lofimusic.com.es\/index.php\/wp-json\/wp\/v2\/comments?post=13436"}],"wp:featuredmedia":[{"embeddable":true,"href":"https:\/\/lofimusic.com.es\/index.php\/wp-json\/wp\/v2\/media\/13435"}],"wp:attachment":[{"href":"https:\/\/lofimusic.com.es\/index.php\/wp-json\/wp\/v2\/media?parent=13436"}],"wp:term":[{"taxonomy":"product_cat","embeddable":true,"href":"https:\/\/lofimusic.com.es\/index.php\/wp-json\/wp\/v2\/product_cat?post=13436"},{"taxonomy":"product_tag","embeddable":true,"href":"https:\/\/lofimusic.com.es\/index.php\/wp-json\/wp\/v2\/product_tag?post=13436"}],"curies":[{"name":"wp","href":"https:\/\/api.w.org\/{rel}","templated":true}]}}