{"id":13434,"date":"2025-03-17T21:50:14","date_gmt":"2025-03-17T21:50:14","guid":{"rendered":"https:\/\/lofimusic.com.es\/index.php\/producto\/b097b1k8vs_fr\/"},"modified":"2025-03-17T21:50:14","modified_gmt":"2025-03-17T21:50:14","slug":"b097b1k8vs_fr","status":"publish","type":"product","link":"https:\/\/lofimusic.com.es\/index.php\/producto\/b097b1k8vs_fr\/","title":{"rendered":"B097B1K8VS_FR"},"content":{"rendered":"<p>&#8211; \u3010Mat\u00e9riau en bois de qualit\u00e9 :\u3011La jardini\u00e8re avec treillis est faite en sapin naturel, solide et respectueux de l&#8217;environnement. Le bois est clair et ne se fissure pas facilement. L&#8217;ensemble du cadre est r\u00e9sistant aux intemp\u00e9ries et durable lorsqu&#8217;il est utilis\u00e9 \u00e0 l&#8217;ext\u00e9rieur. Vous pourrez l&#8217;utiliser longtemps.<br \/>\n&#8211; \u3010Solidit\u00e9 et finition soign\u00e9e :\u3011Ce bac \u00e0 plantes comporte un treillis qui offre un support pour la croissance des plantes grimpantes. En outre, le treillis permet de suspendre les pots avec crochets. Deux orifices sur la plaque du fond facilitent l&#8217;\u00e9vacuation de l&#8217;exc\u00e8s d&#8217;eau.<br \/>\n&#8211; \u3010Grand espace pour planter :\u3011Notre jardini\u00e8re d&#8217;ext\u00e9rieur avec treillis comporte un grand bac pouvant contenir plusieurs plantes et fleurs. Vous pouvez cultiver des fleurs comme des l\u00e9gumes. Vous pouvez y suspendre de nombreuses orchid\u00e9es et autres plantes grimpantes sur le treillis.<br \/>\n&#8211; \u3010Forme originale et d\u00e9corative :\u3011Le bac peut \u00eatre utilis\u00e9 pour les pots de fleurs et le treillis pour les plantes grimpantes. Ce dernier est d\u00e9coratif. Le cadre marron fonc\u00e9 peut \u00eatre coordonn\u00e9 avec la couleur des plantes. Ce style original et sobre est id\u00e9al pour d\u00e9corer votre jardin, votre cour ou votre balcon.<br \/>\n&#8211; \u3010Rapide et facile \u00e0 installer :\u3011Cette jardini\u00e8re sobre est facile \u00e0 installer seul ou \u00e0 plusieurs et en peu de temps. Tous les accessoires n\u00e9cessaires et les consignes d&#8217;installation compl\u00e8tes sont fournis dans le colis.<\/p>\n","protected":false},"excerpt":{"rendered":"<p>publicit\u00e9COSTWAY Jardini\u00e8re avec Treillis Bois, Bac \u00e0 Plante, Pots \u00e0 Fleurs avec Treillage pour Jardin, Terrasse, Cour Etc., Parfaite pour Plantes, Plantes Grimpantes, Fleurs 64,5 x 28 x 75 cm<\/p>\n","protected":false},"featured_media":13433,"comment_status":"open","ping_status":"closed","template":"","meta":[],"product_cat":[15],"product_tag":[],"class_list":{"0":"post-13434","1":"product","2":"type-product","3":"status-publish","4":"has-post-thumbnail","6":"product_cat-sin-categorizar","7":"nodate","8":"item-wrap","10":"first","11":"instock","12":"shipping-taxable","13":"product-type-external"},"_links":{"self":[{"href":"https:\/\/lofimusic.com.es\/index.php\/wp-json\/wp\/v2\/product\/13434","targetHints":{"allow":["GET"]}}],"collection":[{"href":"https:\/\/lofimusic.com.es\/index.php\/wp-json\/wp\/v2\/product"}],"about":[{"href":"https:\/\/lofimusic.com.es\/index.php\/wp-json\/wp\/v2\/types\/product"}],"replies":[{"embeddable":true,"href":"https:\/\/lofimusic.com.es\/index.php\/wp-json\/wp\/v2\/comments?post=13434"}],"wp:featuredmedia":[{"embeddable":true,"href":"https:\/\/lofimusic.com.es\/index.php\/wp-json\/wp\/v2\/media\/13433"}],"wp:attachment":[{"href":"https:\/\/lofimusic.com.es\/index.php\/wp-json\/wp\/v2\/media?parent=13434"}],"wp:term":[{"taxonomy":"product_cat","embeddable":true,"href":"https:\/\/lofimusic.com.es\/index.php\/wp-json\/wp\/v2\/product_cat?post=13434"},{"taxonomy":"product_tag","embeddable":true,"href":"https:\/\/lofimusic.com.es\/index.php\/wp-json\/wp\/v2\/product_tag?post=13434"}],"curies":[{"name":"wp","href":"https:\/\/api.w.org\/{rel}","templated":true}]}}