{"id":13432,"date":"2025-03-17T21:48:12","date_gmt":"2025-03-17T21:48:12","guid":{"rendered":"https:\/\/lofimusic.com.es\/index.php\/producto\/b0cn6jbz75_fr\/"},"modified":"2025-03-17T21:48:12","modified_gmt":"2025-03-17T21:48:12","slug":"b0cn6jbz75_fr","status":"publish","type":"product","link":"https:\/\/lofimusic.com.es\/index.php\/producto\/b0cn6jbz75_fr\/","title":{"rendered":"B0CN6JBZ75_FR"},"content":{"rendered":"<p>&#8211; \u3010\u00c9ponge haute r\u00e9silience et mat\u00e9riaux respirants:\u3011Garni d&#8217;\u00e9ponge haute r\u00e9silience, le si\u00e8ge souple vous offre une assise agr\u00e9able. Fabriqu\u00e9 en coton et en lin tr\u00e8s a\u00e9r\u00e9, vous vous sentirez confortable m\u00eame apr\u00e8s \u00eatre rest\u00e9 assis longtemps. Il vous permettra de vous d\u00e9tendre et de profiter de moments tranquilles en toutes circonstances.<br \/>\n&#8211; \u3010Dossier r\u00e9glable14 positions:\u3011Le fauteuil est une solution parfaite pour une assise suppl\u00e9mentaire et confortable lors de r\u00e9unions entre amis. Vous disposez de quatorze angles r\u00e9glables de 0\u00b0 \u00e0 84\u00b0 pour trouver la posture la plus confortable en fonction de vos besoins.<br \/>\n&#8211; \u3010Cadre en acier pour un meilleur appui:\u3011La structure en acier robuste int\u00e9gr\u00e9e offre un appui solide pour le bassin afin d&#8217;att\u00e9nuer la fatigue due \u00e0 une position assise prolong\u00e9e. Il ne p\u00e8se que 3,8 kg, ce qui le rend facile \u00e0 d\u00e9placer, tout en \u00e9tant tr\u00e8s r\u00e9sistant et capable de supporter un poids maximum de 120 kg.<br \/>\n&#8211; \u3010Rangement pratique et utilisation facile:\u3011Lorsque vous souhaitez faire de la place pour des activit\u00e9s en int\u00e9rieur, il suffit de d\u00e9plier compl\u00e8tement le fauteuil pour le ranger sous un lit ou un canap\u00e9 haut sans prendre trop de place. Il est pratique et simple de l&#8217;ajuster \u00e0 l&#8217;inclinaison que vous souhaitez, sans outils.<br \/>\n&#8211; \u3010Fauteuil multifonctions :\u3011Ce fauteuil multi-positions peut servir de fauteuil confortable pour le travail, ou \u00eatre r\u00e9gl\u00e9 sur une position canap\u00e9 pour regarder des films et jouer avec des amis. En outre, il peut \u00eatre pos\u00e9 \u00e0 plat pour que les enfants fassent la sieste. Ce fauteuil allie \u00e9l\u00e9gance et fonctionnalit\u00e9.<\/p>\n","protected":false},"excerpt":{"rendered":"<p>publicit\u00e9COSTWAY Chaise de Sol pour M\u00e9ditation &#8211; 14 Positions R\u00e9glable Cadre en Acier Robuste Tissu en Coton et Lin Respirant,Housse Amovible et Lavable Id\u00e9al pour Salon et Salle d&#8217;\u00e9tude (Gris)<\/p>\n","protected":false},"featured_media":13431,"comment_status":"open","ping_status":"closed","template":"","meta":[],"product_cat":[15],"product_tag":[],"class_list":{"0":"post-13432","1":"product","2":"type-product","3":"status-publish","4":"has-post-thumbnail","6":"product_cat-sin-categorizar","7":"nodate","8":"item-wrap","10":"first","11":"instock","12":"shipping-taxable","13":"product-type-external"},"_links":{"self":[{"href":"https:\/\/lofimusic.com.es\/index.php\/wp-json\/wp\/v2\/product\/13432","targetHints":{"allow":["GET"]}}],"collection":[{"href":"https:\/\/lofimusic.com.es\/index.php\/wp-json\/wp\/v2\/product"}],"about":[{"href":"https:\/\/lofimusic.com.es\/index.php\/wp-json\/wp\/v2\/types\/product"}],"replies":[{"embeddable":true,"href":"https:\/\/lofimusic.com.es\/index.php\/wp-json\/wp\/v2\/comments?post=13432"}],"wp:featuredmedia":[{"embeddable":true,"href":"https:\/\/lofimusic.com.es\/index.php\/wp-json\/wp\/v2\/media\/13431"}],"wp:attachment":[{"href":"https:\/\/lofimusic.com.es\/index.php\/wp-json\/wp\/v2\/media?parent=13432"}],"wp:term":[{"taxonomy":"product_cat","embeddable":true,"href":"https:\/\/lofimusic.com.es\/index.php\/wp-json\/wp\/v2\/product_cat?post=13432"},{"taxonomy":"product_tag","embeddable":true,"href":"https:\/\/lofimusic.com.es\/index.php\/wp-json\/wp\/v2\/product_tag?post=13432"}],"curies":[{"name":"wp","href":"https:\/\/api.w.org\/{rel}","templated":true}]}}