{"id":13430,"date":"2025-03-17T21:46:04","date_gmt":"2025-03-17T21:46:04","guid":{"rendered":"https:\/\/lofimusic.com.es\/index.php\/producto\/b0dyk3plhm_fr\/"},"modified":"2025-03-17T21:46:04","modified_gmt":"2025-03-17T21:46:04","slug":"b0dyk3plhm_fr","status":"publish","type":"product","link":"https:\/\/lofimusic.com.es\/index.php\/producto\/b0dyk3plhm_fr\/","title":{"rendered":"B0DYK3PLHM_FR"},"content":{"rendered":"<p>&#8211; \u3010Structure en PP tout temps\u3011Fabriqu\u00e9 \u00e0 partir de mat\u00e9riau PP de haute qualit\u00e9, cet ensemble de patio est r\u00e9sistant au soleil, imperm\u00e9able, \u00e0 haute duret\u00e9 et facile \u00e0 nettoyer. Renforc\u00e9 par des vis en acier inoxydable, l&#8217;ensemble de mobilier est parfait pour une utilisation ext\u00e9rieure toute l&#8217;ann\u00e9e.<br \/>\n&#8211; \u3010Assise ergonomique courb\u00e9e\u3011La chaise de cet ensemble ext\u00e9rieur dispose de confortables accoudoirs et d\u2019une assise ergonomique pour plus de confort, offrant un soutien agr\u00e9able. L\u2019assise qui \u00e9pouse la courbure du corps vous permettra de vous d\u00e9tendre compl\u00e8tement et de soulager votre fatigue.<br \/>\n&#8211; \u3010Table basse fonctionnelle\u3011Compl\u00e9t\u00e9 par une table basse carr\u00e9e avec un plateau \u00e0 lattes, cet ensemble est id\u00e9al pour poser des boissons, des encas ou des livres. De plus, la table basse peut \u00e9galement \u00eatre utilis\u00e9e comme repose-pieds pour un meilleur confort.<br \/>\n&#8211; \u3010Choix parfait pour la d\u00e9tente\u3011Que ce soit sur votre porche, patio ou dans un jardin, cet ensemble bistro cr\u00e9e un endroit paisible pour se d\u00e9tendre et profiter de la nature. Son design \u00e9l\u00e9gant s\u2019int\u00e8gre parfaitement \u00e0 toute d\u00e9coration ext\u00e9rieure.<br \/>\n&#8211; \u3010Montage facile\u3011Cet ensemble de mobilier de patio est livr\u00e9 avec toutes les vis n\u00e9cessaires et des instructions claires pour un montage rapide et facile. La structure \u00e0 joints permet de finir l\u2019assemblage en quelques \u00e9tapes seulement.<\/p>\n","protected":false},"excerpt":{"rendered":"<p>publicit\u00e9COSTWAY Salon de Jardin 2 Pi\u00e8ces avec Table Basse Carr\u00e9e, Ensemble de Mobilier de Patio en PP R\u00e9sistante aux Intemp\u00e9ries, Ensemble de Table et Chaises Bistro \u00e0 Lattes pour Patio Balcon, Gris<\/p>\n","protected":false},"featured_media":13429,"comment_status":"open","ping_status":"closed","template":"","meta":[],"product_cat":[15],"product_tag":[],"class_list":{"0":"post-13430","1":"product","2":"type-product","3":"status-publish","4":"has-post-thumbnail","6":"product_cat-sin-categorizar","7":"nodate","8":"item-wrap","10":"first","11":"instock","12":"shipping-taxable","13":"product-type-external"},"_links":{"self":[{"href":"https:\/\/lofimusic.com.es\/index.php\/wp-json\/wp\/v2\/product\/13430","targetHints":{"allow":["GET"]}}],"collection":[{"href":"https:\/\/lofimusic.com.es\/index.php\/wp-json\/wp\/v2\/product"}],"about":[{"href":"https:\/\/lofimusic.com.es\/index.php\/wp-json\/wp\/v2\/types\/product"}],"replies":[{"embeddable":true,"href":"https:\/\/lofimusic.com.es\/index.php\/wp-json\/wp\/v2\/comments?post=13430"}],"wp:featuredmedia":[{"embeddable":true,"href":"https:\/\/lofimusic.com.es\/index.php\/wp-json\/wp\/v2\/media\/13429"}],"wp:attachment":[{"href":"https:\/\/lofimusic.com.es\/index.php\/wp-json\/wp\/v2\/media?parent=13430"}],"wp:term":[{"taxonomy":"product_cat","embeddable":true,"href":"https:\/\/lofimusic.com.es\/index.php\/wp-json\/wp\/v2\/product_cat?post=13430"},{"taxonomy":"product_tag","embeddable":true,"href":"https:\/\/lofimusic.com.es\/index.php\/wp-json\/wp\/v2\/product_tag?post=13430"}],"curies":[{"name":"wp","href":"https:\/\/api.w.org\/{rel}","templated":true}]}}