{"id":13426,"date":"2025-03-17T21:32:46","date_gmt":"2025-03-17T21:32:46","guid":{"rendered":"https:\/\/lofimusic.com.es\/index.php\/producto\/b0d3stqjgg_fr\/"},"modified":"2025-03-17T21:32:46","modified_gmt":"2025-03-17T21:32:46","slug":"b0d3stqjgg_fr","status":"publish","type":"product","link":"https:\/\/lofimusic.com.es\/index.php\/producto\/b0d3stqjgg_fr\/","title":{"rendered":"B0D3STQJGG_FR"},"content":{"rendered":"<p>&#8211; \ud83d\udc4d\u00c9clairage LED Personnalisable : La table basse moderne propose 20 couleurs statiques, 22 modes dynamiques, 10 niveaux de vitesse, 5 niveaux de luminosit\u00e9, qui s&#8217;adaptent \u00e0 votre humeur et \u00e9l\u00e8vent l&#8217;atmosph\u00e8re de votre maison. De plus, elle peut \u00eatre facilement ajust\u00e9e via la t\u00e9l\u00e9commande.<br \/>\n&#8211; \ud83d\udc4dEspace de Rangement Suffisant : La table centrale LED offre une grande surface sup\u00e9rieure pour votre caf\u00e9 et vos livres, ainsi que deux tiroirs et une \u00e9tag\u00e8re ouverte suppl\u00e9mentaire en dessous pour ranger vos t\u00e9l\u00e9commandes, magazines et plus encore. Elle maintient un espace de vie propre et accueillant sans effort.<br \/>\n&#8211; \ud83d\udc4dFinition Brillante \u00c9l\u00e9gante : Dot\u00e9e d&#8217;une finition brillante, la table d&#8217;extr\u00e9mit\u00e9 rectangulaire apporte une touche charmante et refl\u00e8te la sophistication dans votre d\u00e9coration int\u00e9rieure. De plus, la surface brillante est facile \u00e0 essuyer, gardant votre espace impeccable et styl\u00e9.<br \/>\n&#8211; \ud83d\udc4dDurabilit\u00e9 et Stabilit\u00e9 Durables : Fabriqu\u00e9e \u00e0 partir de panneaux \u00e9paissis, cette table centrale moderne est con\u00e7ue pour durer. De plus, la base large offre une excellente stabilit\u00e9, garantissant qu&#8217;elle peut r\u00e9sister \u00e0 une utilisation quotidienne sans compromettre le style.<br \/>\n&#8211; \ud83d\udc4dConception conviviale : Les verrous de porte \u00e0 pression et les glissi\u00e8res m\u00e9talliques \u00e0 ouverture douce des tiroirs assurent une exp\u00e9rience utilisateur sans tracas. De plus, le style simple compl\u00e8te l&#8217;espace de vie moderne, incarnant une \u00e9l\u00e9gance minimaliste.<\/p>\n","protected":false},"excerpt":{"rendered":"<p>publicit\u00e9GOPLUS Table Basse LED Moderne, Table Basse Laqu\u00e9e Salon Rectangulaire \u00e0 2 Niveaux avec 2 Tiroirs de Rangement, 20 Couleurs de LED, T\u00e9l\u00e9commande, Charge 100KG,110 x 60 x 40 cm (Blanc)<\/p>\n","protected":false},"featured_media":13425,"comment_status":"open","ping_status":"closed","template":"","meta":[],"product_cat":[15],"product_tag":[],"class_list":{"0":"post-13426","1":"product","2":"type-product","3":"status-publish","4":"has-post-thumbnail","6":"product_cat-sin-categorizar","7":"nodate","8":"item-wrap","10":"first","11":"instock","12":"shipping-taxable","13":"product-type-external"},"_links":{"self":[{"href":"https:\/\/lofimusic.com.es\/index.php\/wp-json\/wp\/v2\/product\/13426","targetHints":{"allow":["GET"]}}],"collection":[{"href":"https:\/\/lofimusic.com.es\/index.php\/wp-json\/wp\/v2\/product"}],"about":[{"href":"https:\/\/lofimusic.com.es\/index.php\/wp-json\/wp\/v2\/types\/product"}],"replies":[{"embeddable":true,"href":"https:\/\/lofimusic.com.es\/index.php\/wp-json\/wp\/v2\/comments?post=13426"}],"wp:featuredmedia":[{"embeddable":true,"href":"https:\/\/lofimusic.com.es\/index.php\/wp-json\/wp\/v2\/media\/13425"}],"wp:attachment":[{"href":"https:\/\/lofimusic.com.es\/index.php\/wp-json\/wp\/v2\/media?parent=13426"}],"wp:term":[{"taxonomy":"product_cat","embeddable":true,"href":"https:\/\/lofimusic.com.es\/index.php\/wp-json\/wp\/v2\/product_cat?post=13426"},{"taxonomy":"product_tag","embeddable":true,"href":"https:\/\/lofimusic.com.es\/index.php\/wp-json\/wp\/v2\/product_tag?post=13426"}],"curies":[{"name":"wp","href":"https:\/\/api.w.org\/{rel}","templated":true}]}}