{"id":13424,"date":"2025-03-17T21:25:25","date_gmt":"2025-03-17T21:25:25","guid":{"rendered":"https:\/\/lofimusic.com.es\/index.php\/producto\/b08dtz8qpy_fr\/"},"modified":"2025-03-17T21:25:25","modified_gmt":"2025-03-17T21:25:25","slug":"b08dtz8qpy_fr","status":"publish","type":"product","link":"https:\/\/lofimusic.com.es\/index.php\/producto\/b08dtz8qpy_fr\/","title":{"rendered":"B08DTZ8QPY_FR"},"content":{"rendered":"<p>&#8211; \u3010Combinaison libre avec fonction superposable :\u3011 La fonction superposable vous permet d\u2019arranger deux tables de chevet s\u00e9par\u00e9ment ou de les empiler l\u2019une sur l\u2019autre, cr\u00e9ant l\u2019agencement de votre choix pour s\u2019adapter aux diff\u00e9rents besoins du d\u00e9cor ou de l\u2019utilisation r\u00e9elle. Dans l\u2019ensemble, les proc\u00e9dures d\u2019empilement simples et sans effort cr\u00e9ent une combinaison plus cr\u00e9ative.<br \/>\n&#8211; \u3010Bambou 100% naturel et surface laqu\u00e9e :\u3011 La table de chevet fabriqu\u00e9e en bambou 100% naturel est respectueux de l\u2019environnement et a un grain fin pr\u00e9sentant une bonne texture vous aidera \u00e0 vous connecter avec la nature.<br \/>\n&#8211; \u3010Construction robuste et fiable :\u3011 Fabriqu\u00e9e avec un mat\u00e9riau en bambou ultra-r\u00e9sistant, les tables de nuit sont durables pour r\u00e9sister jusqu\u2019\u00e0 30kg et sont s\u00fbres pour offrir un temps de service \u00e0 long terme. De plus, les \u00e9pais pieds en bambou et une planche \u00e9troitement li\u00e9e sans espace pour une construction robuste \u00e9vitera efficacement les effondrements inutiles.<br \/>\n&#8211; \u3010Compartiments ouverts pour un rangement pratique :\u3011 Le grand dessus de la table et un large compartiment am\u00e9liorent l\u2019utilisation du produit. Le compartiment ouvert permet de ranger des livres, des lectures de chevet et des tasses. L\u2019ensemble de 2 tables de chevet est pratique pour ranger les objets du quotidien sp\u00e9cialement ceux utilis\u00e9 fr\u00e9quemment.<br \/>\n&#8211; \u3010D\u00e9coration polyvalente pour toutes les pi\u00e8ces :\u3011 Combinant un design compact et c\u00f4t\u00e9 pratique, les 2 tables de nuit conviennent \u00e0 toutes les pi\u00e8ces comme objet de d\u00e9coration attrayant pour donner plus de charme \u00e0 votre maison. Vous pouvez les utiliser comme table de nuit dans la chambre, table basse dans le salon, ou table d\u2019appoint dans le bureau.<\/p>\n","protected":false},"excerpt":{"rendered":"<p>publicit\u00e9COSTWAY Table de Chevet en Bambou, Table de Nuit Empliable, Bout de Canap\u00e9 Compact, Compartiment Ouvert, Facile \u00e0 Assembler, Chevet de Nuit pour Salon, Chambre<\/p>\n","protected":false},"featured_media":13423,"comment_status":"open","ping_status":"closed","template":"","meta":[],"product_cat":[15],"product_tag":[],"class_list":{"0":"post-13424","1":"product","2":"type-product","3":"status-publish","4":"has-post-thumbnail","6":"product_cat-sin-categorizar","7":"nodate","8":"item-wrap","10":"first","11":"instock","12":"shipping-taxable","13":"product-type-external"},"_links":{"self":[{"href":"https:\/\/lofimusic.com.es\/index.php\/wp-json\/wp\/v2\/product\/13424","targetHints":{"allow":["GET"]}}],"collection":[{"href":"https:\/\/lofimusic.com.es\/index.php\/wp-json\/wp\/v2\/product"}],"about":[{"href":"https:\/\/lofimusic.com.es\/index.php\/wp-json\/wp\/v2\/types\/product"}],"replies":[{"embeddable":true,"href":"https:\/\/lofimusic.com.es\/index.php\/wp-json\/wp\/v2\/comments?post=13424"}],"wp:featuredmedia":[{"embeddable":true,"href":"https:\/\/lofimusic.com.es\/index.php\/wp-json\/wp\/v2\/media\/13423"}],"wp:attachment":[{"href":"https:\/\/lofimusic.com.es\/index.php\/wp-json\/wp\/v2\/media?parent=13424"}],"wp:term":[{"taxonomy":"product_cat","embeddable":true,"href":"https:\/\/lofimusic.com.es\/index.php\/wp-json\/wp\/v2\/product_cat?post=13424"},{"taxonomy":"product_tag","embeddable":true,"href":"https:\/\/lofimusic.com.es\/index.php\/wp-json\/wp\/v2\/product_tag?post=13424"}],"curies":[{"name":"wp","href":"https:\/\/api.w.org\/{rel}","templated":true}]}}