{"id":13422,"date":"2025-03-17T21:23:51","date_gmt":"2025-03-17T21:23:51","guid":{"rendered":"https:\/\/lofimusic.com.es\/index.php\/producto\/b0dv5fhp2h_fr\/"},"modified":"2025-03-17T21:23:51","modified_gmt":"2025-03-17T21:23:51","slug":"b0dv5fhp2h_fr","status":"publish","type":"product","link":"https:\/\/lofimusic.com.es\/index.php\/producto\/b0dv5fhp2h_fr\/","title":{"rendered":"B0DV5FHP2H_FR"},"content":{"rendered":"<p>&#8211; \u3010Grand espace de rangement\u3011Le meuble de salle de bain avec portes et 2 tiroirs faciles \u00e0 glisser offrent suffisamment d\u2019espace pour ranger vos articles et les garder \u00e0 l\u2019abri de la poussi\u00e8re. 2 \u00e9tag\u00e8res derri\u00e8re les portes ont 3 hauteurs r\u00e9glables qui peuvent r\u00e9pondre aux articles de diff\u00e9rents tailles.<br \/>\n&#8211; \u3010Large application\u3011Cette colonne de rangement \u00e0 4 portes peut \u00eatre utilis\u00e9e comme meuble de salle de bain, buffet de cuisine, biblioth\u00e8que, meuble d\u2019entr\u00e9e et plus encore.<br \/>\n&#8211; \u3010Mat\u00e9riau s\u00e9lectionn\u00e9\u3011Fabriqu\u00e9 \u00e0 partir de MDF de haute qualit\u00e9 avec surface peinte, ce meuble de rangement de salle de bain assure une utilisation durable, une forte stabilit\u00e9. Les portes sup\u00e9rieures en verre d\u00e9poli tremp\u00e9 a une duret\u00e9 \u00e9lev\u00e9e et une bonne r\u00e9sistance \u00e0 l\u2019\u00e9clatement.<br \/>\n&#8211; \u3010Utilisation s\u00fbre\u3011L\u2019arri\u00e8re du meuble est \u00e9quip\u00e9 de 2 dispositifs anti-renversement pour plus de s\u00e9curit\u00e9. Les poign\u00e9es rondes lisses et exquises et les prises magn\u00e9tiques facilitent l\u2019ouverture et la fermeture des portes de l\u2019armoire.<br \/>\n&#8211; \u3010Assemblage et nettoyage sans effort\u3011Ce meuble de salle de bain est livr\u00e9e avec des instructions d\u00e9taill\u00e9es en EN\/FR\/IT\/DE\/ES. La surface peinte est lisse, anti-rayures et facile \u00e0 nettoyer avec un chiffon humide. 4 pieds sur\u00e9lev\u00e9s stables gardent le bas \u00e0 l\u2019\u00e9cart de l\u2019eau et facilitent le nettoyage du sol.<\/p>\n","protected":false},"excerpt":{"rendered":"<p>publicit\u00e9COSTWAY Meuble de Salle de Bain \u00e0 4 Portes 2 Tiroirs, Colonne Salle de Bain Armoire Haute avec \u00c9tag\u00e8res R\u00e9glables pour Salon, Cuisine, 30 x 60 x 128 cm, Noir<\/p>\n","protected":false},"featured_media":13421,"comment_status":"open","ping_status":"closed","template":"","meta":[],"product_cat":[15],"product_tag":[],"class_list":{"0":"post-13422","1":"product","2":"type-product","3":"status-publish","4":"has-post-thumbnail","6":"product_cat-sin-categorizar","7":"nodate","8":"item-wrap","10":"first","11":"instock","12":"shipping-taxable","13":"product-type-external"},"_links":{"self":[{"href":"https:\/\/lofimusic.com.es\/index.php\/wp-json\/wp\/v2\/product\/13422","targetHints":{"allow":["GET"]}}],"collection":[{"href":"https:\/\/lofimusic.com.es\/index.php\/wp-json\/wp\/v2\/product"}],"about":[{"href":"https:\/\/lofimusic.com.es\/index.php\/wp-json\/wp\/v2\/types\/product"}],"replies":[{"embeddable":true,"href":"https:\/\/lofimusic.com.es\/index.php\/wp-json\/wp\/v2\/comments?post=13422"}],"wp:featuredmedia":[{"embeddable":true,"href":"https:\/\/lofimusic.com.es\/index.php\/wp-json\/wp\/v2\/media\/13421"}],"wp:attachment":[{"href":"https:\/\/lofimusic.com.es\/index.php\/wp-json\/wp\/v2\/media?parent=13422"}],"wp:term":[{"taxonomy":"product_cat","embeddable":true,"href":"https:\/\/lofimusic.com.es\/index.php\/wp-json\/wp\/v2\/product_cat?post=13422"},{"taxonomy":"product_tag","embeddable":true,"href":"https:\/\/lofimusic.com.es\/index.php\/wp-json\/wp\/v2\/product_tag?post=13422"}],"curies":[{"name":"wp","href":"https:\/\/api.w.org\/{rel}","templated":true}]}}