{"id":13420,"date":"2025-03-17T21:20:13","date_gmt":"2025-03-17T21:20:13","guid":{"rendered":"https:\/\/lofimusic.com.es\/index.php\/producto\/b0dw7r5lps_fr\/"},"modified":"2025-03-17T21:20:13","modified_gmt":"2025-03-17T21:20:13","slug":"b0dw7r5lps_fr","status":"publish","type":"product","link":"https:\/\/lofimusic.com.es\/index.php\/producto\/b0dw7r5lps_fr\/","title":{"rendered":"B0DW7R5LPS_FR"},"content":{"rendered":"<p>&#8211; \u3010Collecteur de poussi\u00e8re int\u00e9gr\u00e9\u3011Gr\u00e2ce \u00e0 une op\u00e9ration simple par un seul clic, le collecteur de poussi\u00e8re \u00e9lectrique est facile \u00e0 utiliser. Il absorbe efficacement la poussi\u00e8re pour garder le bureau propre lors du limage des ongles. De plus, les 3 sacs \u00e0 poussi\u00e8re inclus sont pratiques pour un remplacement quotidien.<br \/>\n&#8211; \u3010Lampe LED de qualit\u00e9 et flexible\u3011La lampe LED de table dispose de 3 niveaux de temp\u00e9rature de couleur et de 9 niveaux de luminosit\u00e9, vous permettant de l&#8217;ajuster en fonction de l&#8217;environnement. De plus, vous pouvez ajuster son angle pour voir clairement le motif de l&#8217;art des ongles.<br \/>\n&#8211; \u3010Design pliable et portable\u3011Cette table de manucure peut \u00eatre pli\u00e9e en une taille compacte. Ensuite, le sac de transport s&#8217;adapte parfaitement \u00e0 l&#8217;\u00e9tat pli\u00e9. Vous pouvez donc la ranger dans un coin ou la transporter partout o\u00f9 vous le souhaitez.<br \/>\n&#8211; \u30104 roues verrouillables\u3011Cette table de manucure pliante est \u00e9quip\u00e9e de 4 roues universelles verrouillables qui sont silencieuses, lisses et flexibles, vous permettant de la d\u00e9placer facilement sur un sol en bois, en c\u00e9ramique ou sur un tapis.<br \/>\n&#8211; \u3010Coussin pour poignet doux et rembourr\u00e9\u3011Rembourr\u00e9 avec une mousse haute densit\u00e9, ce coussin pour poignet amovible offre un soutien confortable et doux. De plus, il est recouvert de cuir synth\u00e9tique imperm\u00e9able et r\u00e9sistant \u00e0 l&#8217;huile, offrant une grande commodit\u00e9 pour l&#8217;am\u00e9lioration des ongles.<\/p>\n","protected":false},"excerpt":{"rendered":"<p>publicit\u00e9COSTWAY Table de Manucure Pliante avec Collecteur de Poussi\u00e8re \u00c9lectrique, Bureau d\u2019Esth\u00e9ticienne avec Lampe LED Coussin pour Poignet Sac de Transport 4 Roues Verrouillables (Blanc,90 x 43 x 73 cm)<\/p>\n","protected":false},"featured_media":13419,"comment_status":"open","ping_status":"closed","template":"","meta":[],"product_cat":[15],"product_tag":[],"class_list":{"0":"post-13420","1":"product","2":"type-product","3":"status-publish","4":"has-post-thumbnail","6":"product_cat-sin-categorizar","7":"nodate","8":"item-wrap","10":"first","11":"instock","12":"shipping-taxable","13":"product-type-external"},"_links":{"self":[{"href":"https:\/\/lofimusic.com.es\/index.php\/wp-json\/wp\/v2\/product\/13420","targetHints":{"allow":["GET"]}}],"collection":[{"href":"https:\/\/lofimusic.com.es\/index.php\/wp-json\/wp\/v2\/product"}],"about":[{"href":"https:\/\/lofimusic.com.es\/index.php\/wp-json\/wp\/v2\/types\/product"}],"replies":[{"embeddable":true,"href":"https:\/\/lofimusic.com.es\/index.php\/wp-json\/wp\/v2\/comments?post=13420"}],"wp:featuredmedia":[{"embeddable":true,"href":"https:\/\/lofimusic.com.es\/index.php\/wp-json\/wp\/v2\/media\/13419"}],"wp:attachment":[{"href":"https:\/\/lofimusic.com.es\/index.php\/wp-json\/wp\/v2\/media?parent=13420"}],"wp:term":[{"taxonomy":"product_cat","embeddable":true,"href":"https:\/\/lofimusic.com.es\/index.php\/wp-json\/wp\/v2\/product_cat?post=13420"},{"taxonomy":"product_tag","embeddable":true,"href":"https:\/\/lofimusic.com.es\/index.php\/wp-json\/wp\/v2\/product_tag?post=13420"}],"curies":[{"name":"wp","href":"https:\/\/api.w.org\/{rel}","templated":true}]}}