{"id":13418,"date":"2025-03-17T21:14:48","date_gmt":"2025-03-17T21:14:48","guid":{"rendered":"https:\/\/lofimusic.com.es\/index.php\/producto\/b0dtytmddn_fr\/"},"modified":"2025-03-17T21:14:48","modified_gmt":"2025-03-17T21:14:48","slug":"b0dtytmddn_fr","status":"publish","type":"product","link":"https:\/\/lofimusic.com.es\/index.php\/producto\/b0dtytmddn_fr\/","title":{"rendered":"B0DTYTMDDN_FR"},"content":{"rendered":"<p>&#8211; \u3010Plus S\u00e9curis\u00e9 pour Glisser\u3011Ce triangle d&#8217;escalade montessori enfant est \u00e9quip\u00e9 d\u2019un toboggan con\u00e7u avec une zone d&#8217;attente, une zone d&#8217;acc\u00e9l\u00e9ration, une zone de d\u00e9c\u00e9l\u00e9ration et une zone de freinage, assurant une exp\u00e9rience de glisse plus s\u00fbre.<br \/>\n&#8211; \u3010Escaladeur Triangle Pliable\u3011Complet avec un triangle d&#8217;escalade, ce \u00e9chelle d&#8217;escalade en bois offre aux petits le plaisir de grimper. Il pr\u00e9sente un design pliable avec un dispositif de pliage pour maximiser l&#8217;espace sans sacrifier le fun.<br \/>\n&#8211; \u3010Construction stable\u3011Con\u00e7u en pensant \u00e0 la s\u00e9curit\u00e9 de votre enfant, ce triangle d&#8217;escalade int\u00e9rieur pr\u00e9sente une surface sans \u00e9clat, des bords arrondis. Les barres en bois de h\u00eatre solides offrent une prise confortable et ferme, tandis que les dispositifs anti-roulis contribuent \u00e0 la stabilit\u00e9 globale.<br \/>\n&#8211; \u3010Jouet Merveilleux\u3011Id\u00e9al pour les gar\u00e7ons et les filles de plus de 1 an, l&#8217;aire de jeux d&#8217;escalade int\u00e9rieure en bois ne se contente pas de divertir, elle aide \u00e9galement \u00e0 d\u00e9velopper l&#8217;\u00e9quilibre, la coordination, les comp\u00e9tences motrices et sociales.<br \/>\n&#8211; \u3010Convient \u00e0 Divers Lieux\u3011Polyvalent et robuste, ce triangle d&#8217;escalade montessori enfant est un excellent compl\u00e9ment pour les chambres de jeux, les \u00e9coles maternelles ou les cr\u00e8ches.<\/p>\n","protected":false},"excerpt":{"rendered":"<p>publicit\u00e9COSTWAY Triangle d&#8217;escalade Montessori Enfant avec Toboggan, \u00c9chelle d\u2019Escalade Pliable en Bois avec Structure Stable, Charge 50KG, Aire de Jeux d\u2019Escalade Int\u00e9rieur pour Grimper pour B\u00e9b\u00e9 1 an+<\/p>\n","protected":false},"featured_media":13417,"comment_status":"open","ping_status":"closed","template":"","meta":[],"product_cat":[15],"product_tag":[],"class_list":{"0":"post-13418","1":"product","2":"type-product","3":"status-publish","4":"has-post-thumbnail","6":"product_cat-sin-categorizar","7":"nodate","8":"item-wrap","10":"first","11":"instock","12":"shipping-taxable","13":"product-type-external"},"_links":{"self":[{"href":"https:\/\/lofimusic.com.es\/index.php\/wp-json\/wp\/v2\/product\/13418","targetHints":{"allow":["GET"]}}],"collection":[{"href":"https:\/\/lofimusic.com.es\/index.php\/wp-json\/wp\/v2\/product"}],"about":[{"href":"https:\/\/lofimusic.com.es\/index.php\/wp-json\/wp\/v2\/types\/product"}],"replies":[{"embeddable":true,"href":"https:\/\/lofimusic.com.es\/index.php\/wp-json\/wp\/v2\/comments?post=13418"}],"wp:featuredmedia":[{"embeddable":true,"href":"https:\/\/lofimusic.com.es\/index.php\/wp-json\/wp\/v2\/media\/13417"}],"wp:attachment":[{"href":"https:\/\/lofimusic.com.es\/index.php\/wp-json\/wp\/v2\/media?parent=13418"}],"wp:term":[{"taxonomy":"product_cat","embeddable":true,"href":"https:\/\/lofimusic.com.es\/index.php\/wp-json\/wp\/v2\/product_cat?post=13418"},{"taxonomy":"product_tag","embeddable":true,"href":"https:\/\/lofimusic.com.es\/index.php\/wp-json\/wp\/v2\/product_tag?post=13418"}],"curies":[{"name":"wp","href":"https:\/\/api.w.org\/{rel}","templated":true}]}}