{"id":13416,"date":"2025-03-17T21:13:10","date_gmt":"2025-03-17T21:13:10","guid":{"rendered":"https:\/\/lofimusic.com.es\/index.php\/producto\/b0bnpm58sx_fr\/"},"modified":"2025-03-17T21:13:10","modified_gmt":"2025-03-17T21:13:10","slug":"b0bnpm58sx_fr","status":"publish","type":"product","link":"https:\/\/lofimusic.com.es\/index.php\/producto\/b0bnpm58sx_fr\/","title":{"rendered":"B0BNPM58SX_FR"},"content":{"rendered":"<p>&#8211; Aide Pratique: Combine les fonctions de table \u00e0 langer et de baignoire, cette table \u00e0 langer multifonctionnelle peut r\u00e9pondre aux divers besoins des b\u00e9b\u00e9s. La table \u00e0 couches en PVC et la baignoire en PP sont \u00e0 la fois imperm\u00e9ables et faciles \u00e0 nettoyer, ce qui en fait une bonne aide pour les parents de nouveau-n\u00e9s .<br \/>\n&#8211; Exp\u00e9rience Confortable: La grande baignoire de 20L avec support incurv\u00e9 offre un espace de baignade confortable pour votre petit, et la hauteur de 104 cm permet aux parents de ne pas se pencher. Apr\u00e8s le bain, l&#8217;eau sale peut \u00eatre \u00e9vacu\u00e9e par le trou d&#8217;\u00e9vacuation ouvrable et le long tuyau de drainage.<br \/>\n&#8211; Construction Robuste : Gr\u00e2ce \u00e0 sa construction m\u00e9tallique robuste et \u00e0 sa conception triangulaire renforc\u00e9e, cette table \u00e0 langer se caract\u00e9rise par une excellente stabilit\u00e9. Avec une capacit\u00e9 de charge maximale de 35 kg pour la baignoire et de 15 kg pour la table \u00e0 langer; il convient aux b\u00e9b\u00e9s de 0 \u00e0 12 mois.<br \/>\n&#8211; Rangement Cloisonn\u00e9, Pliage Facile: Le grand plateau au fond et la barre transversale lat\u00e9rale offrent diff\u00e9rentes zones de stockage. Il vous suffit de plier facilement la table \u00e0 langer compacte en quatre \u00e9tapes pour \u00e9conomiser de l&#8217;espace. M\u00eame dans les petits espaces, vous pouvez l&#8217;utiliser en toute tranquillit\u00e9.<br \/>\n&#8211; Mouvement Flexible: 4 roues universelles flexibles permettent de d\u00e9placer facilement la table \u00e0 langer pour b\u00e9b\u00e9. Le frein peut fixer fermement la table \u00e0 couches et am\u00e9liorer la s\u00e9curit\u00e9 d&#8217;utilisation. La conception silencieuse peut \u00e9viter le bruit suppl\u00e9mentaire.<\/p>\n","protected":false},"excerpt":{"rendered":"<p>publicit\u00e9GOPLUS Baignoire Pliable B\u00e9b\u00e9, Baignoire Bebe sur Pied, avec Panier de Rangement et Roues Verrouillables, Charge 35 KG, 4 en 1 Table a Langer avec Baignoire pour 0-12 Mois (Gris Fonc\u00e9)<\/p>\n","protected":false},"featured_media":13415,"comment_status":"open","ping_status":"closed","template":"","meta":[],"product_cat":[15],"product_tag":[],"class_list":{"0":"post-13416","1":"product","2":"type-product","3":"status-publish","4":"has-post-thumbnail","6":"product_cat-sin-categorizar","7":"nodate","8":"item-wrap","10":"first","11":"instock","12":"shipping-taxable","13":"product-type-external"},"_links":{"self":[{"href":"https:\/\/lofimusic.com.es\/index.php\/wp-json\/wp\/v2\/product\/13416","targetHints":{"allow":["GET"]}}],"collection":[{"href":"https:\/\/lofimusic.com.es\/index.php\/wp-json\/wp\/v2\/product"}],"about":[{"href":"https:\/\/lofimusic.com.es\/index.php\/wp-json\/wp\/v2\/types\/product"}],"replies":[{"embeddable":true,"href":"https:\/\/lofimusic.com.es\/index.php\/wp-json\/wp\/v2\/comments?post=13416"}],"wp:featuredmedia":[{"embeddable":true,"href":"https:\/\/lofimusic.com.es\/index.php\/wp-json\/wp\/v2\/media\/13415"}],"wp:attachment":[{"href":"https:\/\/lofimusic.com.es\/index.php\/wp-json\/wp\/v2\/media?parent=13416"}],"wp:term":[{"taxonomy":"product_cat","embeddable":true,"href":"https:\/\/lofimusic.com.es\/index.php\/wp-json\/wp\/v2\/product_cat?post=13416"},{"taxonomy":"product_tag","embeddable":true,"href":"https:\/\/lofimusic.com.es\/index.php\/wp-json\/wp\/v2\/product_tag?post=13416"}],"curies":[{"name":"wp","href":"https:\/\/api.w.org\/{rel}","templated":true}]}}