{"id":13414,"date":"2025-03-17T21:12:09","date_gmt":"2025-03-17T21:12:09","guid":{"rendered":"https:\/\/lofimusic.com.es\/index.php\/producto\/b0dsk5pm91_fr-2\/"},"modified":"2025-03-17T21:12:09","modified_gmt":"2025-03-17T21:12:09","slug":"b0dsk5pm91_fr-2","status":"publish","type":"product","link":"https:\/\/lofimusic.com.es\/index.php\/producto\/b0dsk5pm91_fr-2\/","title":{"rendered":"B0DSK5PM91_FR"},"content":{"rendered":"<p>&#8211; \u3010Chariot de rangement fin roulant\u3011Vous cherchez un gain de place ? Avec ses dimensions de 13 x 47,5 x 80,5 cm (L x l x H), ce chariot de rangement mince s&#8217;ins\u00e8re sans effort dans les espaces \u00e9troits, optimisant les possibilit\u00e9s de stockage dans les espaces restreints.<br \/>\n&#8211; \u3010Espace de stockage tri\u00e9\u3011Le chariot \u00e0 4 niveaux offre une grande capacit\u00e9 de stockage, vous permettant de ranger et de classer soigneusement les articles, notamment les petits pots d&#8217;assaisonnement, les condiments et diverses bouteilles. De plus, les barres de protection pr\u00e9sentes sur chaque \u00e9tag\u00e8re sont efficaces pour emp\u00eacher les objets de tomber.<br \/>\n&#8211; \u3010Mouvement facile et conception verrouillable\u3011Equip\u00e9 de 4 roulettes lisses, dont 2 verrouillables, le chariot de cuisine est facile \u00e0 d\u00e9placer n&#8217;importe o\u00f9 et se maintient stable. La barre lat\u00e9rale en m\u00e9tal joue le double r\u00f4le de poign\u00e9e portable pour faciliter le d\u00e9placement et de porte-serviettes pratique.<br \/>\n&#8211; \u3010Construit pour la r\u00e9sistance\u3011Construit avec un mat\u00e9riau durable, ce chariot de rangement roulant est construit pour une r\u00e9sistance durable et poss\u00e8de une structure robuste. De plus, une connexion solide et un savoir-faire exquis r\u00e9sisteront \u00e0 des ann\u00e9es d&#8217;utilisation.<br \/>\n&#8211; \u3010Utilisation pratique et polyvalente\u3011Un chariot de rangement aussi pratique et \u00e9l\u00e9gant allie judicieusement style et fonctionnalit\u00e9. Le chariot peut \u00eatre utilis\u00e9 comme organisateur de rangement ou chariot de service mobile dans la cuisine, la buanderie ou le salon.<\/p>\n","protected":false},"excerpt":{"rendered":"<p>publicit\u00e9COSTWAY Chariot de Rangement 13 cm \u00e0 roulettes, Desserte de Cuisine Etroit \u00e0 4 Niveaux avec Poign\u00e9e Lat\u00e9rale et Roues Universelles avec Freins, Design \u00c9troit pour Petit Espace (Gris + Naturel)<\/p>\n","protected":false},"featured_media":13413,"comment_status":"open","ping_status":"closed","template":"","meta":[],"product_cat":[15],"product_tag":[],"class_list":{"0":"post-13414","1":"product","2":"type-product","3":"status-publish","4":"has-post-thumbnail","6":"product_cat-sin-categorizar","7":"nodate","8":"item-wrap","10":"first","11":"instock","12":"shipping-taxable","13":"product-type-external"},"_links":{"self":[{"href":"https:\/\/lofimusic.com.es\/index.php\/wp-json\/wp\/v2\/product\/13414","targetHints":{"allow":["GET"]}}],"collection":[{"href":"https:\/\/lofimusic.com.es\/index.php\/wp-json\/wp\/v2\/product"}],"about":[{"href":"https:\/\/lofimusic.com.es\/index.php\/wp-json\/wp\/v2\/types\/product"}],"replies":[{"embeddable":true,"href":"https:\/\/lofimusic.com.es\/index.php\/wp-json\/wp\/v2\/comments?post=13414"}],"wp:featuredmedia":[{"embeddable":true,"href":"https:\/\/lofimusic.com.es\/index.php\/wp-json\/wp\/v2\/media\/13413"}],"wp:attachment":[{"href":"https:\/\/lofimusic.com.es\/index.php\/wp-json\/wp\/v2\/media?parent=13414"}],"wp:term":[{"taxonomy":"product_cat","embeddable":true,"href":"https:\/\/lofimusic.com.es\/index.php\/wp-json\/wp\/v2\/product_cat?post=13414"},{"taxonomy":"product_tag","embeddable":true,"href":"https:\/\/lofimusic.com.es\/index.php\/wp-json\/wp\/v2\/product_tag?post=13414"}],"curies":[{"name":"wp","href":"https:\/\/api.w.org\/{rel}","templated":true}]}}