{"id":13412,"date":"2025-03-17T21:10:35","date_gmt":"2025-03-17T21:10:35","guid":{"rendered":"https:\/\/lofimusic.com.es\/index.php\/producto\/b0dfw7qj33_fr\/"},"modified":"2025-03-17T21:10:35","modified_gmt":"2025-03-17T21:10:35","slug":"b0dfw7qj33_fr","status":"publish","type":"product","link":"https:\/\/lofimusic.com.es\/index.php\/producto\/b0dfw7qj33_fr\/","title":{"rendered":"B0DFW7QJ33_FR"},"content":{"rendered":"<p>&#8211; Design \u00c9l\u00e9gant et Compact &#8211; Alliant textures bois\u00e9es et cadre en m\u00e9tal, cette table d&#8217;appoint \u00e9voque un style industriel styl\u00e9. Sa taille r\u00e9duite permet de gagner de l&#8217;espace, s&#8217;adaptant parfaitement aux petits appartements et pi\u00e8ces.<br \/>\n&#8211; Espace de Rangement Optimis\u00e9 &#8211; Cette table d&#8217;appoint ronde propose 2 niveaux d\u2019\u00e9tag\u00e8re, parfaits pour organiser vos tasses, vases et magazines. Id\u00e9ale pour garder vos essentiels \u00e0 port\u00e9e de main et \u00e9viter le d\u00e9sordre.<br \/>\n&#8211; Structure Stable et Robuste &#8211; Con\u00e7ue avec un cadre m\u00e9tallique solide, cette table assure une durabilit\u00e9 remarquable. Les pieds ajustables garantissent stabilit\u00e9 et confort, vous offrant une utilisation sereine au quotidien.<br \/>\n&#8211; Polyvalence d&#8217;Utilisation &#8211; Ce bout de canap\u00e9 s&#8217;int\u00e8gre id\u00e9alement dans votre maison, apportant un espace de rangement pratique. Que ce soit comme table d&#8217;appoint ou table de chevet, il convient parfaitement au salon, \u00e0 la chambre ou au bureau.<br \/>\n&#8211; Assemblage et Entretien Faciles -Avec sa conception intuitive, l&#8217;assemblage de cette table d&#8217;appoint est un jeu d&#8217;enfant. Son plateau lisse n\u00e9cessite peu d&#8217;entretien, vous permettant de profiter d&#8217;un espace ordonn\u00e9 sans tracas.<\/p>\n","protected":false},"excerpt":{"rendered":"<p>publicit\u00e9Giantex Table d&#8217;Appoint Ronde \u00e0 2 Niveaux, Bout de Canap\u00e9 Ronde Gu\u00e9ridon, Style Moderne, Cadre en M\u00e9tal, \u00c9tag\u00e8re Ouverte, Table de Chevet pour Salon, Chambre, Petit Espace (Noyer)<\/p>\n","protected":false},"featured_media":13411,"comment_status":"open","ping_status":"closed","template":"","meta":[],"product_cat":[15],"product_tag":[],"class_list":{"0":"post-13412","1":"product","2":"type-product","3":"status-publish","4":"has-post-thumbnail","6":"product_cat-sin-categorizar","7":"nodate","8":"item-wrap","10":"first","11":"instock","12":"shipping-taxable","13":"product-type-external"},"_links":{"self":[{"href":"https:\/\/lofimusic.com.es\/index.php\/wp-json\/wp\/v2\/product\/13412","targetHints":{"allow":["GET"]}}],"collection":[{"href":"https:\/\/lofimusic.com.es\/index.php\/wp-json\/wp\/v2\/product"}],"about":[{"href":"https:\/\/lofimusic.com.es\/index.php\/wp-json\/wp\/v2\/types\/product"}],"replies":[{"embeddable":true,"href":"https:\/\/lofimusic.com.es\/index.php\/wp-json\/wp\/v2\/comments?post=13412"}],"wp:featuredmedia":[{"embeddable":true,"href":"https:\/\/lofimusic.com.es\/index.php\/wp-json\/wp\/v2\/media\/13411"}],"wp:attachment":[{"href":"https:\/\/lofimusic.com.es\/index.php\/wp-json\/wp\/v2\/media?parent=13412"}],"wp:term":[{"taxonomy":"product_cat","embeddable":true,"href":"https:\/\/lofimusic.com.es\/index.php\/wp-json\/wp\/v2\/product_cat?post=13412"},{"taxonomy":"product_tag","embeddable":true,"href":"https:\/\/lofimusic.com.es\/index.php\/wp-json\/wp\/v2\/product_tag?post=13412"}],"curies":[{"name":"wp","href":"https:\/\/api.w.org\/{rel}","templated":true}]}}